{"id":5004,"date":"2019-12-25T20:56:11","date_gmt":"2019-12-25T20:56:11","guid":{"rendered":"https:\/\/www.spacub.com\/spacubsl\/?post_type=product&#038;p=5004"},"modified":"2019-12-25T21:01:10","modified_gmt":"2019-12-25T21:01:10","slug":"0702001","status":"publish","type":"product","link":"https:\/\/www.spacub.com\/spacubsl\/es\/product\/0702001\/","title":{"rendered":"0702001"},"content":{"rendered":"","protected":false},"excerpt":{"rendered":"<h2 style=\"text-align: left;\"><strong>Guante L\u00e1tex<\/strong><\/h2>\n<p style=\"text-align: left;\"><strong>Ref.<\/strong> 0702001<\/p>\n<p style=\"text-align: justify;\"><strong>Descripci\u00f3n:<\/strong> Guante de l\u00e1tex flocado en algod\u00f3n con palma y dedos rugosos.<\/p>\n<p style=\"text-align: left;\"><strong>Talla:<\/strong> 7 \/ 8 \/ 9<\/p>\n<p style=\"text-align: left;\"><strong>Color: <\/strong>Amarillo<\/p>\n<p style=\"text-align: justify;\"><strong>Normativa:<\/strong> EN 420. Guantes de protecci\u00f3n. EN 388 4\/1\/2\/1. Guantes de protecci\u00f3n contra riesgos mec\u00e1nicos.<\/p>\n<p><a class=\"excerpt-more\" href=\"https:\/\/www.spacub.com\/spacubsl\/es\/product\/0702001\/\">Read More...<\/a><\/p>","protected":false},"featured_media":5005,"comment_status":"closed","ping_status":"closed","template":"","meta":[],"product_cat":[13],"product_tag":[],"yoast_head":"<!-- This site is optimized with the Yoast SEO plugin v22.7 - https:\/\/yoast.com\/wordpress\/plugins\/seo\/ -->\n<title>0702001 - SPACUB<\/title>\n<meta name=\"robots\" content=\"index, follow, max-snippet:-1, max-image-preview:large, max-video-preview:-1\" \/>\n<link rel=\"canonical\" href=\"https:\/\/www.spacub.com\/spacubsl\/es\/product\/0702001\/\" \/>\n<meta property=\"og:locale\" content=\"en_US\" \/>\n<meta property=\"og:type\" content=\"article\" \/>\n<meta property=\"og:title\" content=\"0702001 - SPACUB\" \/>\n<meta property=\"og:description\" content=\"Guante L\u00e1tex Ref. 0702001 Descripci\u00f3n: Guante de l\u00e1tex flocado en algod\u00f3n con palma y dedos rugosos. Talla: 7 \/ 8 \/ 9 Color: Amarillo Normativa: EN 420. Guantes de protecci\u00f3n. EN 388 4\/1\/2\/1. Guantes de protecci\u00f3n contra riesgos mec\u00e1nicos.\" \/>\n<meta property=\"og:url\" content=\"https:\/\/www.spacub.com\/spacubsl\/es\/product\/0702001\/\" \/>\n<meta property=\"og:site_name\" content=\"SPACUB\" \/>\n<meta property=\"article:modified_time\" content=\"2019-12-25T21:01:10+00:00\" \/>\n<meta property=\"og:image\" content=\"https:\/\/www.spacub.com\/spacubsl\/wp-content\/uploads\/2019\/12\/0702001-imagen.jpg\" \/>\n\t<meta property=\"og:image:width\" content=\"640\" \/>\n\t<meta property=\"og:image:height\" content=\"480\" \/>\n\t<meta property=\"og:image:type\" content=\"image\/jpeg\" \/>\n<meta name=\"twitter:card\" content=\"summary_large_image\" \/>\n<script type=\"application\/ld+json\" class=\"yoast-schema-graph\">{\"@context\":\"https:\/\/schema.org\",\"@graph\":[{\"@type\":\"WebPage\",\"@id\":\"https:\/\/www.spacub.com\/spacubsl\/es\/product\/0702001\/\",\"url\":\"https:\/\/www.spacub.com\/spacubsl\/es\/product\/0702001\/\",\"name\":\"0702001 - SPACUB\",\"isPartOf\":{\"@id\":\"https:\/\/www.spacub.com\/spacubsl\/#website\"},\"primaryImageOfPage\":{\"@id\":\"https:\/\/www.spacub.com\/spacubsl\/es\/product\/0702001\/#primaryimage\"},\"image\":{\"@id\":\"https:\/\/www.spacub.com\/spacubsl\/es\/product\/0702001\/#primaryimage\"},\"thumbnailUrl\":\"https:\/\/www.spacub.com\/spacubsl\/wp-content\/uploads\/2019\/12\/0702001-imagen.jpg\",\"datePublished\":\"2019-12-25T20:56:11+00:00\",\"dateModified\":\"2019-12-25T21:01:10+00:00\",\"breadcrumb\":{\"@id\":\"https:\/\/www.spacub.com\/spacubsl\/es\/product\/0702001\/#breadcrumb\"},\"inLanguage\":\"en-US\",\"potentialAction\":[{\"@type\":\"ReadAction\",\"target\":[\"https:\/\/www.spacub.com\/spacubsl\/es\/product\/0702001\/\"]}]},{\"@type\":\"ImageObject\",\"inLanguage\":\"en-US\",\"@id\":\"https:\/\/www.spacub.com\/spacubsl\/es\/product\/0702001\/#primaryimage\",\"url\":\"https:\/\/www.spacub.com\/spacubsl\/wp-content\/uploads\/2019\/12\/0702001-imagen.jpg\",\"contentUrl\":\"https:\/\/www.spacub.com\/spacubsl\/wp-content\/uploads\/2019\/12\/0702001-imagen.jpg\",\"width\":640,\"height\":480},{\"@type\":\"BreadcrumbList\",\"@id\":\"https:\/\/www.spacub.com\/spacubsl\/es\/product\/0702001\/#breadcrumb\",\"itemListElement\":[{\"@type\":\"ListItem\",\"position\":1,\"name\":\"Home\",\"item\":\"https:\/\/www.spacub.com\/spacubsl\/es\/\"},{\"@type\":\"ListItem\",\"position\":2,\"name\":\"Products\",\"item\":\"https:\/\/www.spacub.com\/spacubsl\/en\/shop\/\"},{\"@type\":\"ListItem\",\"position\":3,\"name\":\"0702001\"}]},{\"@type\":\"WebSite\",\"@id\":\"https:\/\/www.spacub.com\/spacubsl\/#website\",\"url\":\"https:\/\/www.spacub.com\/spacubsl\/\",\"name\":\"SPACUB\",\"description\":\"... por tu seguridad\",\"potentialAction\":[{\"@type\":\"SearchAction\",\"target\":{\"@type\":\"EntryPoint\",\"urlTemplate\":\"https:\/\/www.spacub.com\/spacubsl\/?s={search_term_string}\"},\"query-input\":\"required name=search_term_string\"}],\"inLanguage\":\"en-US\"}]}<\/script>\n<!-- \/ Yoast SEO plugin. -->","yoast_head_json":{"title":"0702001 - SPACUB","robots":{"index":"index","follow":"follow","max-snippet":"max-snippet:-1","max-image-preview":"max-image-preview:large","max-video-preview":"max-video-preview:-1"},"canonical":"https:\/\/www.spacub.com\/spacubsl\/es\/product\/0702001\/","og_locale":"en_US","og_type":"article","og_title":"0702001 - SPACUB","og_description":"Guante L\u00e1tex Ref. 0702001 Descripci\u00f3n: Guante de l\u00e1tex flocado en algod\u00f3n con palma y dedos rugosos. Talla: 7 \/ 8 \/ 9 Color: Amarillo Normativa: EN 420. Guantes de protecci\u00f3n. EN 388 4\/1\/2\/1. Guantes de protecci\u00f3n contra riesgos mec\u00e1nicos.","og_url":"https:\/\/www.spacub.com\/spacubsl\/es\/product\/0702001\/","og_site_name":"SPACUB","article_modified_time":"2019-12-25T21:01:10+00:00","og_image":[{"width":640,"height":480,"url":"https:\/\/www.spacub.com\/spacubsl\/wp-content\/uploads\/2019\/12\/0702001-imagen.jpg","type":"image\/jpeg"}],"twitter_card":"summary_large_image","schema":{"@context":"https:\/\/schema.org","@graph":[{"@type":"WebPage","@id":"https:\/\/www.spacub.com\/spacubsl\/es\/product\/0702001\/","url":"https:\/\/www.spacub.com\/spacubsl\/es\/product\/0702001\/","name":"0702001 - SPACUB","isPartOf":{"@id":"https:\/\/www.spacub.com\/spacubsl\/#website"},"primaryImageOfPage":{"@id":"https:\/\/www.spacub.com\/spacubsl\/es\/product\/0702001\/#primaryimage"},"image":{"@id":"https:\/\/www.spacub.com\/spacubsl\/es\/product\/0702001\/#primaryimage"},"thumbnailUrl":"https:\/\/www.spacub.com\/spacubsl\/wp-content\/uploads\/2019\/12\/0702001-imagen.jpg","datePublished":"2019-12-25T20:56:11+00:00","dateModified":"2019-12-25T21:01:10+00:00","breadcrumb":{"@id":"https:\/\/www.spacub.com\/spacubsl\/es\/product\/0702001\/#breadcrumb"},"inLanguage":"en-US","potentialAction":[{"@type":"ReadAction","target":["https:\/\/www.spacub.com\/spacubsl\/es\/product\/0702001\/"]}]},{"@type":"ImageObject","inLanguage":"en-US","@id":"https:\/\/www.spacub.com\/spacubsl\/es\/product\/0702001\/#primaryimage","url":"https:\/\/www.spacub.com\/spacubsl\/wp-content\/uploads\/2019\/12\/0702001-imagen.jpg","contentUrl":"https:\/\/www.spacub.com\/spacubsl\/wp-content\/uploads\/2019\/12\/0702001-imagen.jpg","width":640,"height":480},{"@type":"BreadcrumbList","@id":"https:\/\/www.spacub.com\/spacubsl\/es\/product\/0702001\/#breadcrumb","itemListElement":[{"@type":"ListItem","position":1,"name":"Home","item":"https:\/\/www.spacub.com\/spacubsl\/es\/"},{"@type":"ListItem","position":2,"name":"Products","item":"https:\/\/www.spacub.com\/spacubsl\/en\/shop\/"},{"@type":"ListItem","position":3,"name":"0702001"}]},{"@type":"WebSite","@id":"https:\/\/www.spacub.com\/spacubsl\/#website","url":"https:\/\/www.spacub.com\/spacubsl\/","name":"SPACUB","description":"... por tu seguridad","potentialAction":[{"@type":"SearchAction","target":{"@type":"EntryPoint","urlTemplate":"https:\/\/www.spacub.com\/spacubsl\/?s={search_term_string}"},"query-input":"required name=search_term_string"}],"inLanguage":"en-US"}]}},"_links":{"self":[{"href":"https:\/\/www.spacub.com\/spacubsl\/wp-json\/wp\/v2\/product\/5004"}],"collection":[{"href":"https:\/\/www.spacub.com\/spacubsl\/wp-json\/wp\/v2\/product"}],"about":[{"href":"https:\/\/www.spacub.com\/spacubsl\/wp-json\/wp\/v2\/types\/product"}],"replies":[{"embeddable":true,"href":"https:\/\/www.spacub.com\/spacubsl\/wp-json\/wp\/v2\/comments?post=5004"}],"version-history":[{"count":0,"href":"https:\/\/www.spacub.com\/spacubsl\/wp-json\/wp\/v2\/product\/5004\/revisions"}],"wp:featuredmedia":[{"embeddable":true,"href":"https:\/\/www.spacub.com\/spacubsl\/wp-json\/wp\/v2\/media\/5005"}],"wp:attachment":[{"href":"https:\/\/www.spacub.com\/spacubsl\/wp-json\/wp\/v2\/media?parent=5004"}],"wp:term":[{"taxonomy":"product_cat","embeddable":true,"href":"https:\/\/www.spacub.com\/spacubsl\/wp-json\/wp\/v2\/product_cat?post=5004"},{"taxonomy":"product_tag","embeddable":true,"href":"https:\/\/www.spacub.com\/spacubsl\/wp-json\/wp\/v2\/product_tag?post=5004"}],"curies":[{"name":"wp","href":"https:\/\/api.w.org\/{rel}","templated":true}]}}