{"id":4900,"date":"2019-12-23T16:19:34","date_gmt":"2019-12-23T16:19:34","guid":{"rendered":"https:\/\/www.spacub.com\/spacubsl\/?post_type=product&#038;p=4900"},"modified":"2019-12-26T03:43:39","modified_gmt":"2019-12-26T03:43:39","slug":"ni-300","status":"publish","type":"product","link":"https:\/\/www.spacub.com\/spacubsl\/es\/product\/ni-300\/","title":{"rendered":"NI-300"},"content":{"rendered":"","protected":false},"excerpt":{"rendered":"<h2 style=\"text-align: left;\"><strong>Guante Nitrilo con Manguito<\/strong><\/h2>\n<p style=\"text-align: left;\"><strong>Ref.<\/strong> NI-300<\/p>\n<p style=\"text-align: justify;\"><strong>Descripci\u00f3n:<\/strong> Guante de nitrilo con manguito incorporado de vinilo transparente con v\u00e1lvula de respiraci\u00f3n. Longitud 65 cm.<\/p>\n<p style=\"text-align: left;\"><strong>Talla:<\/strong> P \/ M \/ G \/ XG<\/p>\n<p style=\"text-align: left;\"><strong>Color: <\/strong>Blanco<\/p>\n<p style=\"text-align: justify;\"><strong>Normativa: <\/strong>EN 420. Guantes de protecci\u00f3n. EN 388 4\/0\/1\/0 (manguito). Guantes de protecci\u00f3n contra riesgos mec\u00e1nicos. EN 374. Guantes de protecci\u00f3n contra riesgos qu\u00edmicos.<\/p>\n<p><a class=\"excerpt-more\" href=\"https:\/\/www.spacub.com\/spacubsl\/es\/product\/ni-300\/\">Read More...<\/a><\/p>","protected":false},"featured_media":4901,"comment_status":"closed","ping_status":"closed","template":"","meta":[],"product_cat":[13],"product_tag":[],"yoast_head":"<!-- This site is optimized with the Yoast SEO plugin v22.7 - https:\/\/yoast.com\/wordpress\/plugins\/seo\/ -->\n<title>NI-300 - SPACUB<\/title>\n<meta name=\"robots\" content=\"index, follow, max-snippet:-1, max-image-preview:large, max-video-preview:-1\" \/>\n<link rel=\"canonical\" href=\"https:\/\/www.spacub.com\/spacubsl\/es\/product\/ni-300\/\" \/>\n<meta property=\"og:locale\" content=\"en_US\" \/>\n<meta property=\"og:type\" content=\"article\" \/>\n<meta property=\"og:title\" content=\"NI-300 - SPACUB\" \/>\n<meta property=\"og:description\" content=\"Guante Nitrilo con Manguito Ref. NI-300 Descripci\u00f3n: Guante de nitrilo con manguito incorporado de vinilo transparente con v\u00e1lvula de respiraci\u00f3n. Longitud 65 cm. Talla: P \/ M \/ G \/ XG Color: Blanco Normativa: EN 420. Guantes de protecci\u00f3n. EN 388 4\/0\/1\/0 (manguito). Guantes de protecci\u00f3n contra riesgos mec\u00e1nicos. EN 374. Guantes de protecci\u00f3n contra riesgos qu\u00edmicos.\" \/>\n<meta property=\"og:url\" content=\"https:\/\/www.spacub.com\/spacubsl\/es\/product\/ni-300\/\" \/>\n<meta property=\"og:site_name\" content=\"SPACUB\" \/>\n<meta property=\"article:modified_time\" content=\"2019-12-26T03:43:39+00:00\" \/>\n<meta property=\"og:image\" content=\"https:\/\/www.spacub.com\/spacubsl\/wp-content\/uploads\/2019\/12\/NI-300-2.jpg\" \/>\n\t<meta property=\"og:image:width\" content=\"640\" \/>\n\t<meta property=\"og:image:height\" content=\"480\" \/>\n\t<meta property=\"og:image:type\" content=\"image\/jpeg\" \/>\n<meta name=\"twitter:card\" content=\"summary_large_image\" \/>\n<script type=\"application\/ld+json\" class=\"yoast-schema-graph\">{\"@context\":\"https:\/\/schema.org\",\"@graph\":[{\"@type\":\"WebPage\",\"@id\":\"https:\/\/www.spacub.com\/spacubsl\/es\/product\/ni-300\/\",\"url\":\"https:\/\/www.spacub.com\/spacubsl\/es\/product\/ni-300\/\",\"name\":\"NI-300 - SPACUB\",\"isPartOf\":{\"@id\":\"https:\/\/www.spacub.com\/spacubsl\/#website\"},\"primaryImageOfPage\":{\"@id\":\"https:\/\/www.spacub.com\/spacubsl\/es\/product\/ni-300\/#primaryimage\"},\"image\":{\"@id\":\"https:\/\/www.spacub.com\/spacubsl\/es\/product\/ni-300\/#primaryimage\"},\"thumbnailUrl\":\"https:\/\/www.spacub.com\/spacubsl\/wp-content\/uploads\/2019\/12\/NI-300-2.jpg\",\"datePublished\":\"2019-12-23T16:19:34+00:00\",\"dateModified\":\"2019-12-26T03:43:39+00:00\",\"breadcrumb\":{\"@id\":\"https:\/\/www.spacub.com\/spacubsl\/es\/product\/ni-300\/#breadcrumb\"},\"inLanguage\":\"en-US\",\"potentialAction\":[{\"@type\":\"ReadAction\",\"target\":[\"https:\/\/www.spacub.com\/spacubsl\/es\/product\/ni-300\/\"]}]},{\"@type\":\"ImageObject\",\"inLanguage\":\"en-US\",\"@id\":\"https:\/\/www.spacub.com\/spacubsl\/es\/product\/ni-300\/#primaryimage\",\"url\":\"https:\/\/www.spacub.com\/spacubsl\/wp-content\/uploads\/2019\/12\/NI-300-2.jpg\",\"contentUrl\":\"https:\/\/www.spacub.com\/spacubsl\/wp-content\/uploads\/2019\/12\/NI-300-2.jpg\",\"width\":640,\"height\":480},{\"@type\":\"BreadcrumbList\",\"@id\":\"https:\/\/www.spacub.com\/spacubsl\/es\/product\/ni-300\/#breadcrumb\",\"itemListElement\":[{\"@type\":\"ListItem\",\"position\":1,\"name\":\"Home\",\"item\":\"https:\/\/www.spacub.com\/spacubsl\/es\/\"},{\"@type\":\"ListItem\",\"position\":2,\"name\":\"Products\",\"item\":\"https:\/\/www.spacub.com\/spacubsl\/en\/shop\/\"},{\"@type\":\"ListItem\",\"position\":3,\"name\":\"NI-300\"}]},{\"@type\":\"WebSite\",\"@id\":\"https:\/\/www.spacub.com\/spacubsl\/#website\",\"url\":\"https:\/\/www.spacub.com\/spacubsl\/\",\"name\":\"SPACUB\",\"description\":\"... por tu seguridad\",\"potentialAction\":[{\"@type\":\"SearchAction\",\"target\":{\"@type\":\"EntryPoint\",\"urlTemplate\":\"https:\/\/www.spacub.com\/spacubsl\/?s={search_term_string}\"},\"query-input\":\"required name=search_term_string\"}],\"inLanguage\":\"en-US\"}]}<\/script>\n<!-- \/ Yoast SEO plugin. -->","yoast_head_json":{"title":"NI-300 - SPACUB","robots":{"index":"index","follow":"follow","max-snippet":"max-snippet:-1","max-image-preview":"max-image-preview:large","max-video-preview":"max-video-preview:-1"},"canonical":"https:\/\/www.spacub.com\/spacubsl\/es\/product\/ni-300\/","og_locale":"en_US","og_type":"article","og_title":"NI-300 - SPACUB","og_description":"Guante Nitrilo con Manguito Ref. NI-300 Descripci\u00f3n: Guante de nitrilo con manguito incorporado de vinilo transparente con v\u00e1lvula de respiraci\u00f3n. Longitud 65 cm. Talla: P \/ M \/ G \/ XG Color: Blanco Normativa: EN 420. Guantes de protecci\u00f3n. EN 388 4\/0\/1\/0 (manguito). Guantes de protecci\u00f3n contra riesgos mec\u00e1nicos. EN 374. Guantes de protecci\u00f3n contra riesgos qu\u00edmicos.","og_url":"https:\/\/www.spacub.com\/spacubsl\/es\/product\/ni-300\/","og_site_name":"SPACUB","article_modified_time":"2019-12-26T03:43:39+00:00","og_image":[{"width":640,"height":480,"url":"https:\/\/www.spacub.com\/spacubsl\/wp-content\/uploads\/2019\/12\/NI-300-2.jpg","type":"image\/jpeg"}],"twitter_card":"summary_large_image","schema":{"@context":"https:\/\/schema.org","@graph":[{"@type":"WebPage","@id":"https:\/\/www.spacub.com\/spacubsl\/es\/product\/ni-300\/","url":"https:\/\/www.spacub.com\/spacubsl\/es\/product\/ni-300\/","name":"NI-300 - SPACUB","isPartOf":{"@id":"https:\/\/www.spacub.com\/spacubsl\/#website"},"primaryImageOfPage":{"@id":"https:\/\/www.spacub.com\/spacubsl\/es\/product\/ni-300\/#primaryimage"},"image":{"@id":"https:\/\/www.spacub.com\/spacubsl\/es\/product\/ni-300\/#primaryimage"},"thumbnailUrl":"https:\/\/www.spacub.com\/spacubsl\/wp-content\/uploads\/2019\/12\/NI-300-2.jpg","datePublished":"2019-12-23T16:19:34+00:00","dateModified":"2019-12-26T03:43:39+00:00","breadcrumb":{"@id":"https:\/\/www.spacub.com\/spacubsl\/es\/product\/ni-300\/#breadcrumb"},"inLanguage":"en-US","potentialAction":[{"@type":"ReadAction","target":["https:\/\/www.spacub.com\/spacubsl\/es\/product\/ni-300\/"]}]},{"@type":"ImageObject","inLanguage":"en-US","@id":"https:\/\/www.spacub.com\/spacubsl\/es\/product\/ni-300\/#primaryimage","url":"https:\/\/www.spacub.com\/spacubsl\/wp-content\/uploads\/2019\/12\/NI-300-2.jpg","contentUrl":"https:\/\/www.spacub.com\/spacubsl\/wp-content\/uploads\/2019\/12\/NI-300-2.jpg","width":640,"height":480},{"@type":"BreadcrumbList","@id":"https:\/\/www.spacub.com\/spacubsl\/es\/product\/ni-300\/#breadcrumb","itemListElement":[{"@type":"ListItem","position":1,"name":"Home","item":"https:\/\/www.spacub.com\/spacubsl\/es\/"},{"@type":"ListItem","position":2,"name":"Products","item":"https:\/\/www.spacub.com\/spacubsl\/en\/shop\/"},{"@type":"ListItem","position":3,"name":"NI-300"}]},{"@type":"WebSite","@id":"https:\/\/www.spacub.com\/spacubsl\/#website","url":"https:\/\/www.spacub.com\/spacubsl\/","name":"SPACUB","description":"... por tu seguridad","potentialAction":[{"@type":"SearchAction","target":{"@type":"EntryPoint","urlTemplate":"https:\/\/www.spacub.com\/spacubsl\/?s={search_term_string}"},"query-input":"required name=search_term_string"}],"inLanguage":"en-US"}]}},"_links":{"self":[{"href":"https:\/\/www.spacub.com\/spacubsl\/wp-json\/wp\/v2\/product\/4900"}],"collection":[{"href":"https:\/\/www.spacub.com\/spacubsl\/wp-json\/wp\/v2\/product"}],"about":[{"href":"https:\/\/www.spacub.com\/spacubsl\/wp-json\/wp\/v2\/types\/product"}],"replies":[{"embeddable":true,"href":"https:\/\/www.spacub.com\/spacubsl\/wp-json\/wp\/v2\/comments?post=4900"}],"version-history":[{"count":0,"href":"https:\/\/www.spacub.com\/spacubsl\/wp-json\/wp\/v2\/product\/4900\/revisions"}],"wp:featuredmedia":[{"embeddable":true,"href":"https:\/\/www.spacub.com\/spacubsl\/wp-json\/wp\/v2\/media\/4901"}],"wp:attachment":[{"href":"https:\/\/www.spacub.com\/spacubsl\/wp-json\/wp\/v2\/media?parent=4900"}],"wp:term":[{"taxonomy":"product_cat","embeddable":true,"href":"https:\/\/www.spacub.com\/spacubsl\/wp-json\/wp\/v2\/product_cat?post=4900"},{"taxonomy":"product_tag","embeddable":true,"href":"https:\/\/www.spacub.com\/spacubsl\/wp-json\/wp\/v2\/product_tag?post=4900"}],"curies":[{"name":"wp","href":"https:\/\/api.w.org\/{rel}","templated":true}]}}