{"id":4798,"date":"2019-12-09T03:18:16","date_gmt":"2019-12-09T03:18:16","guid":{"rendered":"https:\/\/www.spacub.com\/spacubsl\/?post_type=product&#038;p=4798"},"modified":"2020-01-13T02:11:54","modified_gmt":"2020-01-13T02:11:54","slug":"linterna","status":"publish","type":"product","link":"https:\/\/www.spacub.com\/spacubsl\/es\/product\/linterna\/","title":{"rendered":"LINTERNA"},"content":{"rendered":"","protected":false},"excerpt":{"rendered":"<h2><strong>Linterna Frontal<\/strong><\/h2>\n<p><strong>Ref.<\/strong> LINTERNA<\/p>\n<p style=\"text-align: justify;\"><strong>Descripci\u00f3n:<\/strong> Linterna frontal para cascos con banda el\u00e1stica desmontable y lavable. Foco ajustable verticalmente. Iluminaci\u00f3n perif\u00e9rica. Tres niveles de iluminaci\u00f3n. Potencia 180 lm. Resistencia al agua IPX6.<\/p>\n<h2 style=\"text-align: left;\"><a style=\"font-size: 16px;\" href=\"https:\/\/www.spacub.com\/spacubsl\/wp-content\/uploads\/2018\/08\/Fichas Tecnicas\/Craneal\/5RG - CASCO DE PROTECCION.pdf\" target=\"_blank\" rel=\"noopener noreferrer\"><img decoding=\"async\" class=\"wp-image-2544 size-full\" src=\"https:\/\/www.spacub.com\/spacubsl\/wp-content\/uploads\/2018\/08\/documents_icon_pdf-1.png\" alt=\"documents_icon_pdf\" width=\"80\" height=\"80\" \/><\/a><\/h2>\n<p><a href=\"https:\/\/www.spacub.com\/spacubsl\/wp-content\/uploads\/2018\/08\/Fichas Tecnicas\/Craneal\/5RG - CASCO DE PROTECCION.pdf\" target=\"_blank\" rel=\"noopener noreferrer\">Ficha T\u00e9cnica<\/a><\/p>\n<p><a class=\"excerpt-more\" href=\"https:\/\/www.spacub.com\/spacubsl\/es\/product\/linterna\/\">Read More...<\/a><\/p>","protected":false},"featured_media":5350,"comment_status":"closed","ping_status":"closed","template":"","meta":[],"product_cat":[767],"product_tag":[],"yoast_head":"<!-- This site is optimized with the Yoast SEO plugin v22.7 - https:\/\/yoast.com\/wordpress\/plugins\/seo\/ -->\n<title>LINTERNA - SPACUB<\/title>\n<meta name=\"robots\" content=\"index, follow, max-snippet:-1, max-image-preview:large, max-video-preview:-1\" \/>\n<link rel=\"canonical\" href=\"https:\/\/www.spacub.com\/spacubsl\/es\/product\/linterna\/\" \/>\n<meta property=\"og:locale\" content=\"en_US\" \/>\n<meta property=\"og:type\" content=\"article\" \/>\n<meta property=\"og:title\" content=\"LINTERNA - SPACUB\" \/>\n<meta property=\"og:description\" content=\"Linterna Frontal Ref. LINTERNA Descripci\u00f3n: Linterna frontal para cascos con banda el\u00e1stica desmontable y lavable. Foco ajustable verticalmente. Iluminaci\u00f3n perif\u00e9rica. Tres niveles de iluminaci\u00f3n. Potencia 180 lm. Resistencia al agua IPX6.   Ficha T\u00e9cnica\" \/>\n<meta property=\"og:url\" content=\"https:\/\/www.spacub.com\/spacubsl\/es\/product\/linterna\/\" \/>\n<meta property=\"og:site_name\" content=\"SPACUB\" \/>\n<meta property=\"article:modified_time\" content=\"2020-01-13T02:11:54+00:00\" \/>\n<meta property=\"og:image\" content=\"https:\/\/www.spacub.com\/spacubsl\/wp-content\/uploads\/2019\/12\/LINTERNA-FRONTAL.jpg\" \/>\n\t<meta property=\"og:image:width\" content=\"640\" \/>\n\t<meta property=\"og:image:height\" content=\"480\" \/>\n\t<meta property=\"og:image:type\" content=\"image\/jpeg\" \/>\n<meta name=\"twitter:card\" content=\"summary_large_image\" \/>\n<script type=\"application\/ld+json\" class=\"yoast-schema-graph\">{\"@context\":\"https:\/\/schema.org\",\"@graph\":[{\"@type\":\"WebPage\",\"@id\":\"https:\/\/www.spacub.com\/spacubsl\/es\/product\/linterna\/\",\"url\":\"https:\/\/www.spacub.com\/spacubsl\/es\/product\/linterna\/\",\"name\":\"LINTERNA - SPACUB\",\"isPartOf\":{\"@id\":\"https:\/\/www.spacub.com\/spacubsl\/#website\"},\"primaryImageOfPage\":{\"@id\":\"https:\/\/www.spacub.com\/spacubsl\/es\/product\/linterna\/#primaryimage\"},\"image\":{\"@id\":\"https:\/\/www.spacub.com\/spacubsl\/es\/product\/linterna\/#primaryimage\"},\"thumbnailUrl\":\"https:\/\/www.spacub.com\/spacubsl\/wp-content\/uploads\/2019\/12\/LINTERNA-FRONTAL.jpg\",\"datePublished\":\"2019-12-09T03:18:16+00:00\",\"dateModified\":\"2020-01-13T02:11:54+00:00\",\"breadcrumb\":{\"@id\":\"https:\/\/www.spacub.com\/spacubsl\/es\/product\/linterna\/#breadcrumb\"},\"inLanguage\":\"en-US\",\"potentialAction\":[{\"@type\":\"ReadAction\",\"target\":[\"https:\/\/www.spacub.com\/spacubsl\/es\/product\/linterna\/\"]}]},{\"@type\":\"ImageObject\",\"inLanguage\":\"en-US\",\"@id\":\"https:\/\/www.spacub.com\/spacubsl\/es\/product\/linterna\/#primaryimage\",\"url\":\"https:\/\/www.spacub.com\/spacubsl\/wp-content\/uploads\/2019\/12\/LINTERNA-FRONTAL.jpg\",\"contentUrl\":\"https:\/\/www.spacub.com\/spacubsl\/wp-content\/uploads\/2019\/12\/LINTERNA-FRONTAL.jpg\",\"width\":640,\"height\":480},{\"@type\":\"BreadcrumbList\",\"@id\":\"https:\/\/www.spacub.com\/spacubsl\/es\/product\/linterna\/#breadcrumb\",\"itemListElement\":[{\"@type\":\"ListItem\",\"position\":1,\"name\":\"Home\",\"item\":\"https:\/\/www.spacub.com\/spacubsl\/es\/\"},{\"@type\":\"ListItem\",\"position\":2,\"name\":\"Products\",\"item\":\"https:\/\/www.spacub.com\/spacubsl\/en\/shop\/\"},{\"@type\":\"ListItem\",\"position\":3,\"name\":\"LINTERNA\"}]},{\"@type\":\"WebSite\",\"@id\":\"https:\/\/www.spacub.com\/spacubsl\/#website\",\"url\":\"https:\/\/www.spacub.com\/spacubsl\/\",\"name\":\"SPACUB\",\"description\":\"... por tu seguridad\",\"potentialAction\":[{\"@type\":\"SearchAction\",\"target\":{\"@type\":\"EntryPoint\",\"urlTemplate\":\"https:\/\/www.spacub.com\/spacubsl\/?s={search_term_string}\"},\"query-input\":\"required name=search_term_string\"}],\"inLanguage\":\"en-US\"}]}<\/script>\n<!-- \/ Yoast SEO plugin. -->","yoast_head_json":{"title":"LINTERNA - SPACUB","robots":{"index":"index","follow":"follow","max-snippet":"max-snippet:-1","max-image-preview":"max-image-preview:large","max-video-preview":"max-video-preview:-1"},"canonical":"https:\/\/www.spacub.com\/spacubsl\/es\/product\/linterna\/","og_locale":"en_US","og_type":"article","og_title":"LINTERNA - SPACUB","og_description":"Linterna Frontal Ref. LINTERNA Descripci\u00f3n: Linterna frontal para cascos con banda el\u00e1stica desmontable y lavable. Foco ajustable verticalmente. Iluminaci\u00f3n perif\u00e9rica. Tres niveles de iluminaci\u00f3n. Potencia 180 lm. Resistencia al agua IPX6.   Ficha T\u00e9cnica","og_url":"https:\/\/www.spacub.com\/spacubsl\/es\/product\/linterna\/","og_site_name":"SPACUB","article_modified_time":"2020-01-13T02:11:54+00:00","og_image":[{"width":640,"height":480,"url":"https:\/\/www.spacub.com\/spacubsl\/wp-content\/uploads\/2019\/12\/LINTERNA-FRONTAL.jpg","type":"image\/jpeg"}],"twitter_card":"summary_large_image","schema":{"@context":"https:\/\/schema.org","@graph":[{"@type":"WebPage","@id":"https:\/\/www.spacub.com\/spacubsl\/es\/product\/linterna\/","url":"https:\/\/www.spacub.com\/spacubsl\/es\/product\/linterna\/","name":"LINTERNA - SPACUB","isPartOf":{"@id":"https:\/\/www.spacub.com\/spacubsl\/#website"},"primaryImageOfPage":{"@id":"https:\/\/www.spacub.com\/spacubsl\/es\/product\/linterna\/#primaryimage"},"image":{"@id":"https:\/\/www.spacub.com\/spacubsl\/es\/product\/linterna\/#primaryimage"},"thumbnailUrl":"https:\/\/www.spacub.com\/spacubsl\/wp-content\/uploads\/2019\/12\/LINTERNA-FRONTAL.jpg","datePublished":"2019-12-09T03:18:16+00:00","dateModified":"2020-01-13T02:11:54+00:00","breadcrumb":{"@id":"https:\/\/www.spacub.com\/spacubsl\/es\/product\/linterna\/#breadcrumb"},"inLanguage":"en-US","potentialAction":[{"@type":"ReadAction","target":["https:\/\/www.spacub.com\/spacubsl\/es\/product\/linterna\/"]}]},{"@type":"ImageObject","inLanguage":"en-US","@id":"https:\/\/www.spacub.com\/spacubsl\/es\/product\/linterna\/#primaryimage","url":"https:\/\/www.spacub.com\/spacubsl\/wp-content\/uploads\/2019\/12\/LINTERNA-FRONTAL.jpg","contentUrl":"https:\/\/www.spacub.com\/spacubsl\/wp-content\/uploads\/2019\/12\/LINTERNA-FRONTAL.jpg","width":640,"height":480},{"@type":"BreadcrumbList","@id":"https:\/\/www.spacub.com\/spacubsl\/es\/product\/linterna\/#breadcrumb","itemListElement":[{"@type":"ListItem","position":1,"name":"Home","item":"https:\/\/www.spacub.com\/spacubsl\/es\/"},{"@type":"ListItem","position":2,"name":"Products","item":"https:\/\/www.spacub.com\/spacubsl\/en\/shop\/"},{"@type":"ListItem","position":3,"name":"LINTERNA"}]},{"@type":"WebSite","@id":"https:\/\/www.spacub.com\/spacubsl\/#website","url":"https:\/\/www.spacub.com\/spacubsl\/","name":"SPACUB","description":"... por tu seguridad","potentialAction":[{"@type":"SearchAction","target":{"@type":"EntryPoint","urlTemplate":"https:\/\/www.spacub.com\/spacubsl\/?s={search_term_string}"},"query-input":"required name=search_term_string"}],"inLanguage":"en-US"}]}},"_links":{"self":[{"href":"https:\/\/www.spacub.com\/spacubsl\/wp-json\/wp\/v2\/product\/4798"}],"collection":[{"href":"https:\/\/www.spacub.com\/spacubsl\/wp-json\/wp\/v2\/product"}],"about":[{"href":"https:\/\/www.spacub.com\/spacubsl\/wp-json\/wp\/v2\/types\/product"}],"replies":[{"embeddable":true,"href":"https:\/\/www.spacub.com\/spacubsl\/wp-json\/wp\/v2\/comments?post=4798"}],"version-history":[{"count":0,"href":"https:\/\/www.spacub.com\/spacubsl\/wp-json\/wp\/v2\/product\/4798\/revisions"}],"wp:featuredmedia":[{"embeddable":true,"href":"https:\/\/www.spacub.com\/spacubsl\/wp-json\/wp\/v2\/media\/5350"}],"wp:attachment":[{"href":"https:\/\/www.spacub.com\/spacubsl\/wp-json\/wp\/v2\/media?parent=4798"}],"wp:term":[{"taxonomy":"product_cat","embeddable":true,"href":"https:\/\/www.spacub.com\/spacubsl\/wp-json\/wp\/v2\/product_cat?post=4798"},{"taxonomy":"product_tag","embeddable":true,"href":"https:\/\/www.spacub.com\/spacubsl\/wp-json\/wp\/v2\/product_tag?post=4798"}],"curies":[{"name":"wp","href":"https:\/\/api.w.org\/{rel}","templated":true}]}}