{"id":4793,"date":"2019-12-09T01:27:43","date_gmt":"2019-12-09T01:27:43","guid":{"rendered":"https:\/\/www.spacub.com\/spacubsl\/?post_type=product&#038;p=4793"},"modified":"2020-01-13T01:55:58","modified_gmt":"2020-01-13T01:55:58","slug":"tirreno-tx-txr","status":"publish","type":"product","link":"https:\/\/www.spacub.com\/spacubsl\/es\/product\/tirreno-tx-txr\/","title":{"rendered":"TIRRENO TX \/ TXR"},"content":{"rendered":"","protected":false},"excerpt":{"rendered":"<h2><strong>Casco <\/strong><\/h2>\n<p><strong>Ref.<\/strong> TIRRENO TX \/ TIRRENO TXR<\/p>\n<p style=\"text-align: justify;\"><strong>Descripci\u00f3n:<\/strong> Casco de protecci\u00f3n fabricado por inyecci\u00f3n de ABS con estabilizaci\u00f3n ultravioleta. Arn\u00e9s fabricado por inyecci\u00f3n de polietileno lineal con absorci\u00f3n de impactos. Banda de cabeza y banda de nuca y soporte acolchado transpirable. Cuatro puntos de anclaje. Disponible con o sin adhesivos reflectantes.<\/p>\n<p>El arn\u00e9s de cabeza disponible con: ajuste manual (TIRRENO TX)<\/p>\n<p>ajuste autom\u00e1tico (TIRRENO TXR)<\/p>\n<p><strong>Talla:<\/strong> \u00danica<\/p>\n<p style=\"text-align: left;\"><strong>Color:\u00a0 <\/strong>Blanco<\/p>\n<p style=\"text-align: left;\">\u00a0\u00a0\u00a0\u00a0\u00a0\u00a0\u00a0\u00a0\u00a0\u00a0\u00a0 Amarillo<\/p>\n<p style=\"text-align: left;\">\u00a0\u00a0\u00a0\u00a0\u00a0\u00a0\u00a0\u00a0\u00a0\u00a0\u00a0 Azul<\/p>\n<p style=\"text-align: left;\">\u00a0\u00a0\u00a0\u00a0\u00a0\u00a0\u00a0\u00a0\u00a0\u00a0\u00a0 Rojo<\/p>\n<p style=\"text-align: left;\">\u00a0\u00a0\u00a0\u00a0\u00a0\u00a0\u00a0\u00a0\u00a0\u00a0\u00a0 Naranja<\/p>\n<p style=\"text-align: left;\">\u00a0\u00a0\u00a0\u00a0\u00a0\u00a0\u00a0\u00a0\u00a0\u00a0\u00a0 Verde<\/p>\n<p><strong>Normativa: <\/strong>EN 397. Cascos de protecci\u00f3n para la industria.<\/p>\n<h2 style=\"text-align: left;\"><a style=\"font-size: 16px;\" href=\"https:\/\/www.spacub.com\/spacubsl\/wp-content\/uploads\/2018\/08\/Fichas Tecnicas\/Craneal\/5RG - CASCO DE PROTECCION.pdf\" target=\"_blank\" rel=\"noopener noreferrer\"><img decoding=\"async\" class=\"wp-image-2544 size-full\" src=\"https:\/\/www.spacub.com\/spacubsl\/wp-content\/uploads\/2018\/08\/documents_icon_pdf-1.png\" alt=\"documents_icon_pdf\" width=\"80\" height=\"80\" \/><\/a><\/h2>\n<p><a href=\"https:\/\/www.spacub.com\/spacubsl\/wp-content\/uploads\/2018\/08\/Fichas Tecnicas\/Craneal\/5RG - CASCO DE PROTECCION.pdf\" target=\"_blank\" rel=\"noopener noreferrer\">Ficha T\u00e9cnica<\/a><\/p>\n<p><a class=\"excerpt-more\" href=\"https:\/\/www.spacub.com\/spacubsl\/es\/product\/tirreno-tx-txr\/\">Read More...<\/a><\/p>","protected":false},"featured_media":5343,"comment_status":"closed","ping_status":"closed","template":"","meta":[],"product_cat":[767],"product_tag":[],"yoast_head":"<!-- This site is optimized with the Yoast SEO plugin v22.7 - https:\/\/yoast.com\/wordpress\/plugins\/seo\/ -->\n<title>TIRRENO TX \/ TXR - SPACUB<\/title>\n<meta name=\"robots\" content=\"index, follow, max-snippet:-1, max-image-preview:large, max-video-preview:-1\" \/>\n<link rel=\"canonical\" href=\"https:\/\/www.spacub.com\/spacubsl\/es\/product\/tirreno-tx-txr\/\" \/>\n<meta property=\"og:locale\" content=\"en_US\" \/>\n<meta property=\"og:type\" content=\"article\" \/>\n<meta property=\"og:title\" content=\"TIRRENO TX \/ TXR - SPACUB\" \/>\n<meta property=\"og:description\" content=\"Casco  Ref. TIRRENO TX \/ TIRRENO TXR Descripci\u00f3n: Casco de protecci\u00f3n fabricado por inyecci\u00f3n de ABS con estabilizaci\u00f3n ultravioleta. Arn\u00e9s fabricado por inyecci\u00f3n de polietileno lineal con absorci\u00f3n de impactos. Banda de cabeza y banda de nuca y soporte acolchado transpirable. Cuatro puntos de anclaje. Disponible con o sin adhesivos reflectantes. El arn\u00e9s de cabeza disponible con: ajuste manual (TIRRENO TX)  ajuste autom\u00e1tico (TIRRENO TXR)  Talla: \u00danica Color:\u00a0 Blanco \u00a0\u00a0\u00a0\u00a0\u00a0\u00a0\u00a0\u00a0\u00a0\u00a0\u00a0 Amarillo \u00a0\u00a0\u00a0\u00a0\u00a0\u00a0\u00a0\u00a0\u00a0\u00a0\u00a0 Azul \u00a0\u00a0\u00a0\u00a0\u00a0\u00a0\u00a0\u00a0\u00a0\u00a0\u00a0 Rojo \u00a0\u00a0\u00a0\u00a0\u00a0\u00a0\u00a0\u00a0\u00a0\u00a0\u00a0 Naranja \u00a0\u00a0\u00a0\u00a0\u00a0\u00a0\u00a0\u00a0\u00a0\u00a0\u00a0 Verde Normativa: EN 397. Cascos de protecci\u00f3n para la industria.  Ficha T\u00e9cnica\" \/>\n<meta property=\"og:url\" content=\"https:\/\/www.spacub.com\/spacubsl\/es\/product\/tirreno-tx-txr\/\" \/>\n<meta property=\"og:site_name\" content=\"SPACUB\" \/>\n<meta property=\"article:modified_time\" content=\"2020-01-13T01:55:58+00:00\" \/>\n<meta property=\"og:image\" content=\"https:\/\/www.spacub.com\/spacubsl\/wp-content\/uploads\/2019\/12\/TIRRENO-TXR.jpg\" \/>\n\t<meta property=\"og:image:width\" content=\"640\" \/>\n\t<meta property=\"og:image:height\" content=\"480\" \/>\n\t<meta property=\"og:image:type\" content=\"image\/jpeg\" \/>\n<meta name=\"twitter:card\" content=\"summary_large_image\" \/>\n<script type=\"application\/ld+json\" class=\"yoast-schema-graph\">{\"@context\":\"https:\/\/schema.org\",\"@graph\":[{\"@type\":\"WebPage\",\"@id\":\"https:\/\/www.spacub.com\/spacubsl\/es\/product\/tirreno-tx-txr\/\",\"url\":\"https:\/\/www.spacub.com\/spacubsl\/es\/product\/tirreno-tx-txr\/\",\"name\":\"TIRRENO TX \/ TXR - SPACUB\",\"isPartOf\":{\"@id\":\"https:\/\/www.spacub.com\/spacubsl\/#website\"},\"primaryImageOfPage\":{\"@id\":\"https:\/\/www.spacub.com\/spacubsl\/es\/product\/tirreno-tx-txr\/#primaryimage\"},\"image\":{\"@id\":\"https:\/\/www.spacub.com\/spacubsl\/es\/product\/tirreno-tx-txr\/#primaryimage\"},\"thumbnailUrl\":\"https:\/\/www.spacub.com\/spacubsl\/wp-content\/uploads\/2019\/12\/TIRRENO-TXR.jpg\",\"datePublished\":\"2019-12-09T01:27:43+00:00\",\"dateModified\":\"2020-01-13T01:55:58+00:00\",\"breadcrumb\":{\"@id\":\"https:\/\/www.spacub.com\/spacubsl\/es\/product\/tirreno-tx-txr\/#breadcrumb\"},\"inLanguage\":\"en-US\",\"potentialAction\":[{\"@type\":\"ReadAction\",\"target\":[\"https:\/\/www.spacub.com\/spacubsl\/es\/product\/tirreno-tx-txr\/\"]}]},{\"@type\":\"ImageObject\",\"inLanguage\":\"en-US\",\"@id\":\"https:\/\/www.spacub.com\/spacubsl\/es\/product\/tirreno-tx-txr\/#primaryimage\",\"url\":\"https:\/\/www.spacub.com\/spacubsl\/wp-content\/uploads\/2019\/12\/TIRRENO-TXR.jpg\",\"contentUrl\":\"https:\/\/www.spacub.com\/spacubsl\/wp-content\/uploads\/2019\/12\/TIRRENO-TXR.jpg\",\"width\":640,\"height\":480},{\"@type\":\"BreadcrumbList\",\"@id\":\"https:\/\/www.spacub.com\/spacubsl\/es\/product\/tirreno-tx-txr\/#breadcrumb\",\"itemListElement\":[{\"@type\":\"ListItem\",\"position\":1,\"name\":\"Home\",\"item\":\"https:\/\/www.spacub.com\/spacubsl\/es\/\"},{\"@type\":\"ListItem\",\"position\":2,\"name\":\"Products\",\"item\":\"https:\/\/www.spacub.com\/spacubsl\/en\/shop\/\"},{\"@type\":\"ListItem\",\"position\":3,\"name\":\"TIRRENO TX \/ TXR\"}]},{\"@type\":\"WebSite\",\"@id\":\"https:\/\/www.spacub.com\/spacubsl\/#website\",\"url\":\"https:\/\/www.spacub.com\/spacubsl\/\",\"name\":\"SPACUB\",\"description\":\"... por tu seguridad\",\"potentialAction\":[{\"@type\":\"SearchAction\",\"target\":{\"@type\":\"EntryPoint\",\"urlTemplate\":\"https:\/\/www.spacub.com\/spacubsl\/?s={search_term_string}\"},\"query-input\":\"required name=search_term_string\"}],\"inLanguage\":\"en-US\"}]}<\/script>\n<!-- \/ Yoast SEO plugin. -->","yoast_head_json":{"title":"TIRRENO TX \/ TXR - SPACUB","robots":{"index":"index","follow":"follow","max-snippet":"max-snippet:-1","max-image-preview":"max-image-preview:large","max-video-preview":"max-video-preview:-1"},"canonical":"https:\/\/www.spacub.com\/spacubsl\/es\/product\/tirreno-tx-txr\/","og_locale":"en_US","og_type":"article","og_title":"TIRRENO TX \/ TXR - SPACUB","og_description":"Casco  Ref. TIRRENO TX \/ TIRRENO TXR Descripci\u00f3n: Casco de protecci\u00f3n fabricado por inyecci\u00f3n de ABS con estabilizaci\u00f3n ultravioleta. Arn\u00e9s fabricado por inyecci\u00f3n de polietileno lineal con absorci\u00f3n de impactos. Banda de cabeza y banda de nuca y soporte acolchado transpirable. Cuatro puntos de anclaje. Disponible con o sin adhesivos reflectantes. El arn\u00e9s de cabeza disponible con: ajuste manual (TIRRENO TX)  ajuste autom\u00e1tico (TIRRENO TXR)  Talla: \u00danica Color:\u00a0 Blanco \u00a0\u00a0\u00a0\u00a0\u00a0\u00a0\u00a0\u00a0\u00a0\u00a0\u00a0 Amarillo \u00a0\u00a0\u00a0\u00a0\u00a0\u00a0\u00a0\u00a0\u00a0\u00a0\u00a0 Azul \u00a0\u00a0\u00a0\u00a0\u00a0\u00a0\u00a0\u00a0\u00a0\u00a0\u00a0 Rojo \u00a0\u00a0\u00a0\u00a0\u00a0\u00a0\u00a0\u00a0\u00a0\u00a0\u00a0 Naranja \u00a0\u00a0\u00a0\u00a0\u00a0\u00a0\u00a0\u00a0\u00a0\u00a0\u00a0 Verde Normativa: EN 397. Cascos de protecci\u00f3n para la industria.  Ficha T\u00e9cnica","og_url":"https:\/\/www.spacub.com\/spacubsl\/es\/product\/tirreno-tx-txr\/","og_site_name":"SPACUB","article_modified_time":"2020-01-13T01:55:58+00:00","og_image":[{"width":640,"height":480,"url":"https:\/\/www.spacub.com\/spacubsl\/wp-content\/uploads\/2019\/12\/TIRRENO-TXR.jpg","type":"image\/jpeg"}],"twitter_card":"summary_large_image","schema":{"@context":"https:\/\/schema.org","@graph":[{"@type":"WebPage","@id":"https:\/\/www.spacub.com\/spacubsl\/es\/product\/tirreno-tx-txr\/","url":"https:\/\/www.spacub.com\/spacubsl\/es\/product\/tirreno-tx-txr\/","name":"TIRRENO TX \/ TXR - SPACUB","isPartOf":{"@id":"https:\/\/www.spacub.com\/spacubsl\/#website"},"primaryImageOfPage":{"@id":"https:\/\/www.spacub.com\/spacubsl\/es\/product\/tirreno-tx-txr\/#primaryimage"},"image":{"@id":"https:\/\/www.spacub.com\/spacubsl\/es\/product\/tirreno-tx-txr\/#primaryimage"},"thumbnailUrl":"https:\/\/www.spacub.com\/spacubsl\/wp-content\/uploads\/2019\/12\/TIRRENO-TXR.jpg","datePublished":"2019-12-09T01:27:43+00:00","dateModified":"2020-01-13T01:55:58+00:00","breadcrumb":{"@id":"https:\/\/www.spacub.com\/spacubsl\/es\/product\/tirreno-tx-txr\/#breadcrumb"},"inLanguage":"en-US","potentialAction":[{"@type":"ReadAction","target":["https:\/\/www.spacub.com\/spacubsl\/es\/product\/tirreno-tx-txr\/"]}]},{"@type":"ImageObject","inLanguage":"en-US","@id":"https:\/\/www.spacub.com\/spacubsl\/es\/product\/tirreno-tx-txr\/#primaryimage","url":"https:\/\/www.spacub.com\/spacubsl\/wp-content\/uploads\/2019\/12\/TIRRENO-TXR.jpg","contentUrl":"https:\/\/www.spacub.com\/spacubsl\/wp-content\/uploads\/2019\/12\/TIRRENO-TXR.jpg","width":640,"height":480},{"@type":"BreadcrumbList","@id":"https:\/\/www.spacub.com\/spacubsl\/es\/product\/tirreno-tx-txr\/#breadcrumb","itemListElement":[{"@type":"ListItem","position":1,"name":"Home","item":"https:\/\/www.spacub.com\/spacubsl\/es\/"},{"@type":"ListItem","position":2,"name":"Products","item":"https:\/\/www.spacub.com\/spacubsl\/en\/shop\/"},{"@type":"ListItem","position":3,"name":"TIRRENO TX \/ TXR"}]},{"@type":"WebSite","@id":"https:\/\/www.spacub.com\/spacubsl\/#website","url":"https:\/\/www.spacub.com\/spacubsl\/","name":"SPACUB","description":"... por tu seguridad","potentialAction":[{"@type":"SearchAction","target":{"@type":"EntryPoint","urlTemplate":"https:\/\/www.spacub.com\/spacubsl\/?s={search_term_string}"},"query-input":"required name=search_term_string"}],"inLanguage":"en-US"}]}},"_links":{"self":[{"href":"https:\/\/www.spacub.com\/spacubsl\/wp-json\/wp\/v2\/product\/4793"}],"collection":[{"href":"https:\/\/www.spacub.com\/spacubsl\/wp-json\/wp\/v2\/product"}],"about":[{"href":"https:\/\/www.spacub.com\/spacubsl\/wp-json\/wp\/v2\/types\/product"}],"replies":[{"embeddable":true,"href":"https:\/\/www.spacub.com\/spacubsl\/wp-json\/wp\/v2\/comments?post=4793"}],"version-history":[{"count":0,"href":"https:\/\/www.spacub.com\/spacubsl\/wp-json\/wp\/v2\/product\/4793\/revisions"}],"wp:featuredmedia":[{"embeddable":true,"href":"https:\/\/www.spacub.com\/spacubsl\/wp-json\/wp\/v2\/media\/5343"}],"wp:attachment":[{"href":"https:\/\/www.spacub.com\/spacubsl\/wp-json\/wp\/v2\/media?parent=4793"}],"wp:term":[{"taxonomy":"product_cat","embeddable":true,"href":"https:\/\/www.spacub.com\/spacubsl\/wp-json\/wp\/v2\/product_cat?post=4793"},{"taxonomy":"product_tag","embeddable":true,"href":"https:\/\/www.spacub.com\/spacubsl\/wp-json\/wp\/v2\/product_tag?post=4793"}],"curies":[{"name":"wp","href":"https:\/\/api.w.org\/{rel}","templated":true}]}}