{"id":4737,"date":"2019-11-28T21:46:30","date_gmt":"2019-11-28T21:46:30","guid":{"rendered":"https:\/\/www.spacub.com\/spacubsl\/?post_type=product&#038;p=4737"},"modified":"2020-01-13T03:06:13","modified_gmt":"2020-01-13T03:06:13","slug":"azahara","status":"publish","type":"product","link":"https:\/\/www.spacub.com\/spacubsl\/es\/product\/azahara\/","title":{"rendered":"AZAHARA"},"content":{"rendered":"","protected":false},"excerpt":{"rendered":"<h2><strong>Gafa Panor\u00e1mica<\/strong><\/h2>\n<p><strong>Ref.<\/strong> AZAHARA<\/p>\n<p><strong>Descripci\u00f3n:<\/strong> Gafa panor\u00e1mica. Montura de material vin\u00edlico. Ocular de policarbonato. Banda de sujeci\u00f3n ajustable.<\/p>\n<p>Disponible con el ocular Incoloro \/ Amarillo \/ Humo<\/p>\n<p><strong>Talla:<\/strong> \u00danica.<\/p>\n<p><strong>Normativa:<\/strong> EN 166. Protecci\u00f3n de los ojos. Requisitos generales. EN 170. Filtros ultravioletas. EN 172. Filtros de protecci\u00f3n solar para uso laboral.<\/p>\n<h2><a style=\"font-size: 16px;\" href=\"https:\/\/www.spacub.com\/spacubsl\/wp-content\/uploads\/2018\/08\/Fichas%20Tecnicas\/Facial-Ocular\/580T - GAFAS MONOLENTES POLICARBONATO.pdf\" target=\"_blank\" rel=\"noopener noreferrer\"><img decoding=\"async\" class=\"wp-image-2544 size-full\" src=\"https:\/\/www.spacub.com\/spacubsl\/wp-content\/uploads\/2018\/08\/documents_icon_pdf-1.png\" alt=\"documents_icon_pdf\" width=\"80\" height=\"80\" \/><\/a><\/h2>\n<p><a href=\"https:\/\/www.spacub.com\/spacubsl\/wp-content\/uploads\/2018\/08\/Fichas%20Tecnicas\/Facial-Ocular\/580T - GAFAS MONOLENTES POLICARBONATO.pdf\" target=\"_blank\" rel=\"noopener noreferrer\">Ficha T\u00e9cnica<\/a><\/p>\n<p><a class=\"excerpt-more\" href=\"https:\/\/www.spacub.com\/spacubsl\/es\/product\/azahara\/\">Read More...<\/a><\/p>","protected":false},"featured_media":5358,"comment_status":"closed","ping_status":"closed","template":"","meta":[],"product_cat":[775],"product_tag":[],"yoast_head":"<!-- This site is optimized with the Yoast SEO plugin v22.7 - https:\/\/yoast.com\/wordpress\/plugins\/seo\/ -->\n<title>AZAHARA - SPACUB<\/title>\n<meta name=\"robots\" content=\"index, follow, max-snippet:-1, max-image-preview:large, max-video-preview:-1\" \/>\n<link rel=\"canonical\" href=\"https:\/\/www.spacub.com\/spacubsl\/es\/product\/azahara\/\" \/>\n<meta property=\"og:locale\" content=\"en_US\" \/>\n<meta property=\"og:type\" content=\"article\" \/>\n<meta property=\"og:title\" content=\"AZAHARA - SPACUB\" \/>\n<meta property=\"og:description\" content=\"Gafa Panor\u00e1mica Ref. AZAHARA  Descripci\u00f3n: Gafa panor\u00e1mica. Montura de material vin\u00edlico. Ocular de policarbonato. Banda de sujeci\u00f3n ajustable.  Disponible con el ocular Incoloro \/ Amarillo \/ Humo  Talla: \u00danica.  Normativa: EN 166. Protecci\u00f3n de los ojos. Requisitos generales. EN 170. Filtros ultravioletas. EN 172. Filtros de protecci\u00f3n solar para uso laboral.  Ficha T\u00e9cnica\" \/>\n<meta property=\"og:url\" content=\"https:\/\/www.spacub.com\/spacubsl\/es\/product\/azahara\/\" \/>\n<meta property=\"og:site_name\" content=\"SPACUB\" \/>\n<meta property=\"article:modified_time\" content=\"2020-01-13T03:06:13+00:00\" \/>\n<meta property=\"og:image\" content=\"https:\/\/www.spacub.com\/spacubsl\/wp-content\/uploads\/2019\/11\/AZAHARA.jpg\" \/>\n\t<meta property=\"og:image:width\" content=\"640\" \/>\n\t<meta property=\"og:image:height\" content=\"480\" \/>\n\t<meta property=\"og:image:type\" content=\"image\/jpeg\" \/>\n<meta name=\"twitter:card\" content=\"summary_large_image\" \/>\n<script type=\"application\/ld+json\" class=\"yoast-schema-graph\">{\"@context\":\"https:\/\/schema.org\",\"@graph\":[{\"@type\":\"WebPage\",\"@id\":\"https:\/\/www.spacub.com\/spacubsl\/es\/product\/azahara\/\",\"url\":\"https:\/\/www.spacub.com\/spacubsl\/es\/product\/azahara\/\",\"name\":\"AZAHARA - SPACUB\",\"isPartOf\":{\"@id\":\"https:\/\/www.spacub.com\/spacubsl\/#website\"},\"primaryImageOfPage\":{\"@id\":\"https:\/\/www.spacub.com\/spacubsl\/es\/product\/azahara\/#primaryimage\"},\"image\":{\"@id\":\"https:\/\/www.spacub.com\/spacubsl\/es\/product\/azahara\/#primaryimage\"},\"thumbnailUrl\":\"https:\/\/www.spacub.com\/spacubsl\/wp-content\/uploads\/2019\/11\/AZAHARA.jpg\",\"datePublished\":\"2019-11-28T21:46:30+00:00\",\"dateModified\":\"2020-01-13T03:06:13+00:00\",\"breadcrumb\":{\"@id\":\"https:\/\/www.spacub.com\/spacubsl\/es\/product\/azahara\/#breadcrumb\"},\"inLanguage\":\"en-US\",\"potentialAction\":[{\"@type\":\"ReadAction\",\"target\":[\"https:\/\/www.spacub.com\/spacubsl\/es\/product\/azahara\/\"]}]},{\"@type\":\"ImageObject\",\"inLanguage\":\"en-US\",\"@id\":\"https:\/\/www.spacub.com\/spacubsl\/es\/product\/azahara\/#primaryimage\",\"url\":\"https:\/\/www.spacub.com\/spacubsl\/wp-content\/uploads\/2019\/11\/AZAHARA.jpg\",\"contentUrl\":\"https:\/\/www.spacub.com\/spacubsl\/wp-content\/uploads\/2019\/11\/AZAHARA.jpg\",\"width\":640,\"height\":480},{\"@type\":\"BreadcrumbList\",\"@id\":\"https:\/\/www.spacub.com\/spacubsl\/es\/product\/azahara\/#breadcrumb\",\"itemListElement\":[{\"@type\":\"ListItem\",\"position\":1,\"name\":\"Home\",\"item\":\"https:\/\/www.spacub.com\/spacubsl\/es\/\"},{\"@type\":\"ListItem\",\"position\":2,\"name\":\"Products\",\"item\":\"https:\/\/www.spacub.com\/spacubsl\/en\/shop\/\"},{\"@type\":\"ListItem\",\"position\":3,\"name\":\"AZAHARA\"}]},{\"@type\":\"WebSite\",\"@id\":\"https:\/\/www.spacub.com\/spacubsl\/#website\",\"url\":\"https:\/\/www.spacub.com\/spacubsl\/\",\"name\":\"SPACUB\",\"description\":\"... por tu seguridad\",\"potentialAction\":[{\"@type\":\"SearchAction\",\"target\":{\"@type\":\"EntryPoint\",\"urlTemplate\":\"https:\/\/www.spacub.com\/spacubsl\/?s={search_term_string}\"},\"query-input\":\"required name=search_term_string\"}],\"inLanguage\":\"en-US\"}]}<\/script>\n<!-- \/ Yoast SEO plugin. -->","yoast_head_json":{"title":"AZAHARA - SPACUB","robots":{"index":"index","follow":"follow","max-snippet":"max-snippet:-1","max-image-preview":"max-image-preview:large","max-video-preview":"max-video-preview:-1"},"canonical":"https:\/\/www.spacub.com\/spacubsl\/es\/product\/azahara\/","og_locale":"en_US","og_type":"article","og_title":"AZAHARA - SPACUB","og_description":"Gafa Panor\u00e1mica Ref. AZAHARA  Descripci\u00f3n: Gafa panor\u00e1mica. Montura de material vin\u00edlico. Ocular de policarbonato. Banda de sujeci\u00f3n ajustable.  Disponible con el ocular Incoloro \/ Amarillo \/ Humo  Talla: \u00danica.  Normativa: EN 166. Protecci\u00f3n de los ojos. Requisitos generales. EN 170. Filtros ultravioletas. EN 172. Filtros de protecci\u00f3n solar para uso laboral.  Ficha T\u00e9cnica","og_url":"https:\/\/www.spacub.com\/spacubsl\/es\/product\/azahara\/","og_site_name":"SPACUB","article_modified_time":"2020-01-13T03:06:13+00:00","og_image":[{"width":640,"height":480,"url":"https:\/\/www.spacub.com\/spacubsl\/wp-content\/uploads\/2019\/11\/AZAHARA.jpg","type":"image\/jpeg"}],"twitter_card":"summary_large_image","schema":{"@context":"https:\/\/schema.org","@graph":[{"@type":"WebPage","@id":"https:\/\/www.spacub.com\/spacubsl\/es\/product\/azahara\/","url":"https:\/\/www.spacub.com\/spacubsl\/es\/product\/azahara\/","name":"AZAHARA - SPACUB","isPartOf":{"@id":"https:\/\/www.spacub.com\/spacubsl\/#website"},"primaryImageOfPage":{"@id":"https:\/\/www.spacub.com\/spacubsl\/es\/product\/azahara\/#primaryimage"},"image":{"@id":"https:\/\/www.spacub.com\/spacubsl\/es\/product\/azahara\/#primaryimage"},"thumbnailUrl":"https:\/\/www.spacub.com\/spacubsl\/wp-content\/uploads\/2019\/11\/AZAHARA.jpg","datePublished":"2019-11-28T21:46:30+00:00","dateModified":"2020-01-13T03:06:13+00:00","breadcrumb":{"@id":"https:\/\/www.spacub.com\/spacubsl\/es\/product\/azahara\/#breadcrumb"},"inLanguage":"en-US","potentialAction":[{"@type":"ReadAction","target":["https:\/\/www.spacub.com\/spacubsl\/es\/product\/azahara\/"]}]},{"@type":"ImageObject","inLanguage":"en-US","@id":"https:\/\/www.spacub.com\/spacubsl\/es\/product\/azahara\/#primaryimage","url":"https:\/\/www.spacub.com\/spacubsl\/wp-content\/uploads\/2019\/11\/AZAHARA.jpg","contentUrl":"https:\/\/www.spacub.com\/spacubsl\/wp-content\/uploads\/2019\/11\/AZAHARA.jpg","width":640,"height":480},{"@type":"BreadcrumbList","@id":"https:\/\/www.spacub.com\/spacubsl\/es\/product\/azahara\/#breadcrumb","itemListElement":[{"@type":"ListItem","position":1,"name":"Home","item":"https:\/\/www.spacub.com\/spacubsl\/es\/"},{"@type":"ListItem","position":2,"name":"Products","item":"https:\/\/www.spacub.com\/spacubsl\/en\/shop\/"},{"@type":"ListItem","position":3,"name":"AZAHARA"}]},{"@type":"WebSite","@id":"https:\/\/www.spacub.com\/spacubsl\/#website","url":"https:\/\/www.spacub.com\/spacubsl\/","name":"SPACUB","description":"... por tu seguridad","potentialAction":[{"@type":"SearchAction","target":{"@type":"EntryPoint","urlTemplate":"https:\/\/www.spacub.com\/spacubsl\/?s={search_term_string}"},"query-input":"required name=search_term_string"}],"inLanguage":"en-US"}]}},"_links":{"self":[{"href":"https:\/\/www.spacub.com\/spacubsl\/wp-json\/wp\/v2\/product\/4737"}],"collection":[{"href":"https:\/\/www.spacub.com\/spacubsl\/wp-json\/wp\/v2\/product"}],"about":[{"href":"https:\/\/www.spacub.com\/spacubsl\/wp-json\/wp\/v2\/types\/product"}],"replies":[{"embeddable":true,"href":"https:\/\/www.spacub.com\/spacubsl\/wp-json\/wp\/v2\/comments?post=4737"}],"version-history":[{"count":0,"href":"https:\/\/www.spacub.com\/spacubsl\/wp-json\/wp\/v2\/product\/4737\/revisions"}],"wp:featuredmedia":[{"embeddable":true,"href":"https:\/\/www.spacub.com\/spacubsl\/wp-json\/wp\/v2\/media\/5358"}],"wp:attachment":[{"href":"https:\/\/www.spacub.com\/spacubsl\/wp-json\/wp\/v2\/media?parent=4737"}],"wp:term":[{"taxonomy":"product_cat","embeddable":true,"href":"https:\/\/www.spacub.com\/spacubsl\/wp-json\/wp\/v2\/product_cat?post=4737"},{"taxonomy":"product_tag","embeddable":true,"href":"https:\/\/www.spacub.com\/spacubsl\/wp-json\/wp\/v2\/product_tag?post=4737"}],"curies":[{"name":"wp","href":"https:\/\/api.w.org\/{rel}","templated":true}]}}