{"id":4519,"date":"2019-11-11T01:19:28","date_gmt":"2019-11-11T01:19:28","guid":{"rendered":"https:\/\/www.spacub.com\/spacubsl\/?post_type=product&#038;p=4519"},"modified":"2019-11-11T01:24:15","modified_gmt":"2019-11-11T01:24:15","slug":"horizont-complet","status":"publish","type":"product","link":"https:\/\/www.spacub.com\/spacubsl\/es\/product\/horizont-complet\/","title":{"rendered":"HORIZONT COMPLET"},"content":{"rendered":"","protected":false},"excerpt":{"rendered":"<h2 style=\"text-align: left;\"><strong>Dispositivo Anclaje<\/strong><\/h2>\n<p style=\"text-align: left;\"><strong>Ref.<\/strong> HORIZONT COMPLET<\/p>\n<p style=\"text-align: justify;\"><strong>Descripci\u00f3n:<\/strong> Dispositivo de anclaje compuesto por una cinta de poli\u00e9ster de 35 mm. y longitud m\u00e1xima de 20 mts. Flecha m\u00e1xima 1m. Incluye 2 anillos de instalaci\u00f3n, 1 bolsa PVC, 2 conectores KH Giro, una bolsa para recoger la cinta que no se utiliza y para proteger el ratchet de agentes externos. Los conectores de extremidad son giratorios.<\/p>\n<p style=\"text-align: justify;\"><strong>Normativa: <\/strong>EN 795 Clase B. Protecci\u00f3n contra ca\u00eddas de altura. Dispositivos de anclaje provisionales, transportables.<\/p>\n<p><a href=\"https:\/\/www.spacub.com\/spacubsl\/wp-content\/uploads\/2018\/08\/Fichas Tecnicas\/Anticaidas\/10 basic plus.pdf\" target=\"_blank\" rel=\"noopener noreferrer\"><img decoding=\"async\" class=\"wp-image-2544 size-full\" src=\"https:\/\/www.spacub.com\/spacubsl\/wp-content\/uploads\/2018\/08\/documents_icon_pdf-1.png\" alt=\"documents_icon_pdf\" width=\"80\" height=\"80\" \/><\/a><\/p>\n<p><a href=\"https:\/\/www.spacub.com\/spacubsl\/wp-content\/uploads\/2018\/08\/Fichas Tecnicas\/Anticaidas\/10 basic plus.pdf\" target=\"_blank\" rel=\"noopener noreferrer\">Ficha T\u00e9cnica<\/a><\/p>\n<p><a class=\"excerpt-more\" href=\"https:\/\/www.spacub.com\/spacubsl\/es\/product\/horizont-complet\/\">Read More...<\/a><\/p>","protected":false},"featured_media":4520,"comment_status":"closed","ping_status":"closed","template":"","meta":[],"product_cat":[763],"product_tag":[],"yoast_head":"<!-- This site is optimized with the Yoast SEO plugin v22.7 - https:\/\/yoast.com\/wordpress\/plugins\/seo\/ -->\n<title>HORIZONT COMPLET - SPACUB<\/title>\n<meta name=\"robots\" content=\"index, follow, max-snippet:-1, max-image-preview:large, max-video-preview:-1\" \/>\n<link rel=\"canonical\" href=\"https:\/\/www.spacub.com\/spacubsl\/es\/product\/horizont-complet\/\" \/>\n<meta property=\"og:locale\" content=\"en_US\" \/>\n<meta property=\"og:type\" content=\"article\" \/>\n<meta property=\"og:title\" content=\"HORIZONT COMPLET - SPACUB\" \/>\n<meta property=\"og:description\" content=\"Dispositivo Anclaje Ref. HORIZONT COMPLET Descripci\u00f3n: Dispositivo de anclaje compuesto por una cinta de poli\u00e9ster de 35 mm. y longitud m\u00e1xima de 20 mts. Flecha m\u00e1xima 1m. Incluye 2 anillos de instalaci\u00f3n, 1 bolsa PVC, 2 conectores KH Giro, una bolsa para recoger la cinta que no se utiliza y para proteger el ratchet de agentes externos. Los conectores de extremidad son giratorios. Normativa: EN 795 Clase B. Protecci\u00f3n contra ca\u00eddas de altura. Dispositivos de anclaje provisionales, transportables.   Ficha T\u00e9cnica\" \/>\n<meta property=\"og:url\" content=\"https:\/\/www.spacub.com\/spacubsl\/es\/product\/horizont-complet\/\" \/>\n<meta property=\"og:site_name\" content=\"SPACUB\" \/>\n<meta property=\"article:modified_time\" content=\"2019-11-11T01:24:15+00:00\" \/>\n<meta property=\"og:image\" content=\"https:\/\/www.spacub.com\/spacubsl\/wp-content\/uploads\/2019\/11\/Horizont-Complet.jpg\" \/>\n\t<meta property=\"og:image:width\" content=\"640\" \/>\n\t<meta property=\"og:image:height\" content=\"480\" \/>\n\t<meta property=\"og:image:type\" content=\"image\/jpeg\" \/>\n<meta name=\"twitter:card\" content=\"summary_large_image\" \/>\n<script type=\"application\/ld+json\" class=\"yoast-schema-graph\">{\"@context\":\"https:\/\/schema.org\",\"@graph\":[{\"@type\":\"WebPage\",\"@id\":\"https:\/\/www.spacub.com\/spacubsl\/es\/product\/horizont-complet\/\",\"url\":\"https:\/\/www.spacub.com\/spacubsl\/es\/product\/horizont-complet\/\",\"name\":\"HORIZONT COMPLET - SPACUB\",\"isPartOf\":{\"@id\":\"https:\/\/www.spacub.com\/spacubsl\/#website\"},\"primaryImageOfPage\":{\"@id\":\"https:\/\/www.spacub.com\/spacubsl\/es\/product\/horizont-complet\/#primaryimage\"},\"image\":{\"@id\":\"https:\/\/www.spacub.com\/spacubsl\/es\/product\/horizont-complet\/#primaryimage\"},\"thumbnailUrl\":\"https:\/\/www.spacub.com\/spacubsl\/wp-content\/uploads\/2019\/11\/Horizont-Complet.jpg\",\"datePublished\":\"2019-11-11T01:19:28+00:00\",\"dateModified\":\"2019-11-11T01:24:15+00:00\",\"breadcrumb\":{\"@id\":\"https:\/\/www.spacub.com\/spacubsl\/es\/product\/horizont-complet\/#breadcrumb\"},\"inLanguage\":\"en-US\",\"potentialAction\":[{\"@type\":\"ReadAction\",\"target\":[\"https:\/\/www.spacub.com\/spacubsl\/es\/product\/horizont-complet\/\"]}]},{\"@type\":\"ImageObject\",\"inLanguage\":\"en-US\",\"@id\":\"https:\/\/www.spacub.com\/spacubsl\/es\/product\/horizont-complet\/#primaryimage\",\"url\":\"https:\/\/www.spacub.com\/spacubsl\/wp-content\/uploads\/2019\/11\/Horizont-Complet.jpg\",\"contentUrl\":\"https:\/\/www.spacub.com\/spacubsl\/wp-content\/uploads\/2019\/11\/Horizont-Complet.jpg\",\"width\":640,\"height\":480},{\"@type\":\"BreadcrumbList\",\"@id\":\"https:\/\/www.spacub.com\/spacubsl\/es\/product\/horizont-complet\/#breadcrumb\",\"itemListElement\":[{\"@type\":\"ListItem\",\"position\":1,\"name\":\"Home\",\"item\":\"https:\/\/www.spacub.com\/spacubsl\/es\/\"},{\"@type\":\"ListItem\",\"position\":2,\"name\":\"Products\",\"item\":\"https:\/\/www.spacub.com\/spacubsl\/en\/shop\/\"},{\"@type\":\"ListItem\",\"position\":3,\"name\":\"HORIZONT COMPLET\"}]},{\"@type\":\"WebSite\",\"@id\":\"https:\/\/www.spacub.com\/spacubsl\/#website\",\"url\":\"https:\/\/www.spacub.com\/spacubsl\/\",\"name\":\"SPACUB\",\"description\":\"... por tu seguridad\",\"potentialAction\":[{\"@type\":\"SearchAction\",\"target\":{\"@type\":\"EntryPoint\",\"urlTemplate\":\"https:\/\/www.spacub.com\/spacubsl\/?s={search_term_string}\"},\"query-input\":\"required name=search_term_string\"}],\"inLanguage\":\"en-US\"}]}<\/script>\n<!-- \/ Yoast SEO plugin. -->","yoast_head_json":{"title":"HORIZONT COMPLET - SPACUB","robots":{"index":"index","follow":"follow","max-snippet":"max-snippet:-1","max-image-preview":"max-image-preview:large","max-video-preview":"max-video-preview:-1"},"canonical":"https:\/\/www.spacub.com\/spacubsl\/es\/product\/horizont-complet\/","og_locale":"en_US","og_type":"article","og_title":"HORIZONT COMPLET - SPACUB","og_description":"Dispositivo Anclaje Ref. HORIZONT COMPLET Descripci\u00f3n: Dispositivo de anclaje compuesto por una cinta de poli\u00e9ster de 35 mm. y longitud m\u00e1xima de 20 mts. Flecha m\u00e1xima 1m. Incluye 2 anillos de instalaci\u00f3n, 1 bolsa PVC, 2 conectores KH Giro, una bolsa para recoger la cinta que no se utiliza y para proteger el ratchet de agentes externos. Los conectores de extremidad son giratorios. Normativa: EN 795 Clase B. Protecci\u00f3n contra ca\u00eddas de altura. Dispositivos de anclaje provisionales, transportables.   Ficha T\u00e9cnica","og_url":"https:\/\/www.spacub.com\/spacubsl\/es\/product\/horizont-complet\/","og_site_name":"SPACUB","article_modified_time":"2019-11-11T01:24:15+00:00","og_image":[{"width":640,"height":480,"url":"https:\/\/www.spacub.com\/spacubsl\/wp-content\/uploads\/2019\/11\/Horizont-Complet.jpg","type":"image\/jpeg"}],"twitter_card":"summary_large_image","schema":{"@context":"https:\/\/schema.org","@graph":[{"@type":"WebPage","@id":"https:\/\/www.spacub.com\/spacubsl\/es\/product\/horizont-complet\/","url":"https:\/\/www.spacub.com\/spacubsl\/es\/product\/horizont-complet\/","name":"HORIZONT COMPLET - SPACUB","isPartOf":{"@id":"https:\/\/www.spacub.com\/spacubsl\/#website"},"primaryImageOfPage":{"@id":"https:\/\/www.spacub.com\/spacubsl\/es\/product\/horizont-complet\/#primaryimage"},"image":{"@id":"https:\/\/www.spacub.com\/spacubsl\/es\/product\/horizont-complet\/#primaryimage"},"thumbnailUrl":"https:\/\/www.spacub.com\/spacubsl\/wp-content\/uploads\/2019\/11\/Horizont-Complet.jpg","datePublished":"2019-11-11T01:19:28+00:00","dateModified":"2019-11-11T01:24:15+00:00","breadcrumb":{"@id":"https:\/\/www.spacub.com\/spacubsl\/es\/product\/horizont-complet\/#breadcrumb"},"inLanguage":"en-US","potentialAction":[{"@type":"ReadAction","target":["https:\/\/www.spacub.com\/spacubsl\/es\/product\/horizont-complet\/"]}]},{"@type":"ImageObject","inLanguage":"en-US","@id":"https:\/\/www.spacub.com\/spacubsl\/es\/product\/horizont-complet\/#primaryimage","url":"https:\/\/www.spacub.com\/spacubsl\/wp-content\/uploads\/2019\/11\/Horizont-Complet.jpg","contentUrl":"https:\/\/www.spacub.com\/spacubsl\/wp-content\/uploads\/2019\/11\/Horizont-Complet.jpg","width":640,"height":480},{"@type":"BreadcrumbList","@id":"https:\/\/www.spacub.com\/spacubsl\/es\/product\/horizont-complet\/#breadcrumb","itemListElement":[{"@type":"ListItem","position":1,"name":"Home","item":"https:\/\/www.spacub.com\/spacubsl\/es\/"},{"@type":"ListItem","position":2,"name":"Products","item":"https:\/\/www.spacub.com\/spacubsl\/en\/shop\/"},{"@type":"ListItem","position":3,"name":"HORIZONT COMPLET"}]},{"@type":"WebSite","@id":"https:\/\/www.spacub.com\/spacubsl\/#website","url":"https:\/\/www.spacub.com\/spacubsl\/","name":"SPACUB","description":"... por tu seguridad","potentialAction":[{"@type":"SearchAction","target":{"@type":"EntryPoint","urlTemplate":"https:\/\/www.spacub.com\/spacubsl\/?s={search_term_string}"},"query-input":"required name=search_term_string"}],"inLanguage":"en-US"}]}},"_links":{"self":[{"href":"https:\/\/www.spacub.com\/spacubsl\/wp-json\/wp\/v2\/product\/4519"}],"collection":[{"href":"https:\/\/www.spacub.com\/spacubsl\/wp-json\/wp\/v2\/product"}],"about":[{"href":"https:\/\/www.spacub.com\/spacubsl\/wp-json\/wp\/v2\/types\/product"}],"replies":[{"embeddable":true,"href":"https:\/\/www.spacub.com\/spacubsl\/wp-json\/wp\/v2\/comments?post=4519"}],"version-history":[{"count":0,"href":"https:\/\/www.spacub.com\/spacubsl\/wp-json\/wp\/v2\/product\/4519\/revisions"}],"wp:featuredmedia":[{"embeddable":true,"href":"https:\/\/www.spacub.com\/spacubsl\/wp-json\/wp\/v2\/media\/4520"}],"wp:attachment":[{"href":"https:\/\/www.spacub.com\/spacubsl\/wp-json\/wp\/v2\/media?parent=4519"}],"wp:term":[{"taxonomy":"product_cat","embeddable":true,"href":"https:\/\/www.spacub.com\/spacubsl\/wp-json\/wp\/v2\/product_cat?post=4519"},{"taxonomy":"product_tag","embeddable":true,"href":"https:\/\/www.spacub.com\/spacubsl\/wp-json\/wp\/v2\/product_tag?post=4519"}],"curies":[{"name":"wp","href":"https:\/\/api.w.org\/{rel}","templated":true}]}}