{"id":3782,"date":"2019-07-06T03:12:45","date_gmt":"2019-07-06T03:12:45","guid":{"rendered":"https:\/\/www.spacub.com\/spacubsl\/?post_type=product&#038;p=3782"},"modified":"2019-12-16T03:37:26","modified_gmt":"2019-12-16T03:37:26","slug":"1710c","status":"publish","type":"product","link":"https:\/\/www.spacub.com\/spacubsl\/es\/product\/1710c\/","title":{"rendered":"1710C"},"content":{"rendered":"","protected":false},"excerpt":{"rendered":"<h2><strong>M<\/strong><strong>ASCARILLA <\/strong><strong>A<\/strong><strong>UTOFILTRANTE<\/strong><\/h2>\n<p><strong>R<\/strong><strong>EF<\/strong><strong>. <\/strong>1710C<\/p>\n<p style=\"text-align: justify;\"><strong>D<\/strong><strong>ESCRIPCI\u00d3N<\/strong><strong>: <\/strong>Mascarilla autofiltrante con carb\u00f3n activo. Protecci\u00f3n contra part\u00edculas de polvo y nieblas. Protecci\u00f3n frente al ozono generado en procesos de soldadura y niveles molestos de gases y olores. Clip nasal ajustable. Bandas de ajuste sint\u00e9ticas. Protecci\u00f3n FFP1.<\/p>\n<p style=\"text-align: justify;\"><strong>N<\/strong><strong>ORMATIVA<\/strong><strong>: <\/strong>EN 149 + A1. Dispositivos de protecci\u00f3n respiratoria. Medias m\u00e1scaras filtrantes de protecci\u00f3n contra part\u00edculas.<\/p>\n<p><a class=\"excerpt-more\" href=\"https:\/\/www.spacub.com\/spacubsl\/es\/product\/1710c\/\">Read More...<\/a><\/p>","protected":false},"featured_media":3783,"comment_status":"closed","ping_status":"closed","template":"","meta":[],"product_cat":[777],"product_tag":[],"yoast_head":"<!-- This site is optimized with the Yoast SEO plugin v22.7 - https:\/\/yoast.com\/wordpress\/plugins\/seo\/ -->\n<title>1710C - SPACUB<\/title>\n<meta name=\"robots\" content=\"index, follow, max-snippet:-1, max-image-preview:large, max-video-preview:-1\" \/>\n<link rel=\"canonical\" href=\"https:\/\/www.spacub.com\/spacubsl\/es\/product\/1710c\/\" \/>\n<meta property=\"og:locale\" content=\"en_US\" \/>\n<meta property=\"og:type\" content=\"article\" \/>\n<meta property=\"og:title\" content=\"1710C - SPACUB\" \/>\n<meta property=\"og:description\" content=\"MASCARILLA AUTOFILTRANTE REF. 1710C DESCRIPCI\u00d3N: Mascarilla autofiltrante con carb\u00f3n activo. Protecci\u00f3n contra part\u00edculas de polvo y nieblas. Protecci\u00f3n frente al ozono generado en procesos de soldadura y niveles molestos de gases y olores. Clip nasal ajustable. Bandas de ajuste sint\u00e9ticas. Protecci\u00f3n FFP1. NORMATIVA: EN 149 + A1. Dispositivos de protecci\u00f3n respiratoria. Medias m\u00e1scaras filtrantes de protecci\u00f3n contra part\u00edculas.\" \/>\n<meta property=\"og:url\" content=\"https:\/\/www.spacub.com\/spacubsl\/es\/product\/1710c\/\" \/>\n<meta property=\"og:site_name\" content=\"SPACUB\" \/>\n<meta property=\"article:modified_time\" content=\"2019-12-16T03:37:26+00:00\" \/>\n<meta property=\"og:image\" content=\"https:\/\/www.spacub.com\/spacubsl\/wp-content\/uploads\/2019\/07\/1710C.jpg\" \/>\n\t<meta property=\"og:image:width\" content=\"640\" \/>\n\t<meta property=\"og:image:height\" content=\"480\" \/>\n\t<meta property=\"og:image:type\" content=\"image\/jpeg\" \/>\n<meta name=\"twitter:card\" content=\"summary_large_image\" \/>\n<script type=\"application\/ld+json\" class=\"yoast-schema-graph\">{\"@context\":\"https:\/\/schema.org\",\"@graph\":[{\"@type\":\"WebPage\",\"@id\":\"https:\/\/www.spacub.com\/spacubsl\/es\/product\/1710c\/\",\"url\":\"https:\/\/www.spacub.com\/spacubsl\/es\/product\/1710c\/\",\"name\":\"1710C - SPACUB\",\"isPartOf\":{\"@id\":\"https:\/\/www.spacub.com\/spacubsl\/#website\"},\"primaryImageOfPage\":{\"@id\":\"https:\/\/www.spacub.com\/spacubsl\/es\/product\/1710c\/#primaryimage\"},\"image\":{\"@id\":\"https:\/\/www.spacub.com\/spacubsl\/es\/product\/1710c\/#primaryimage\"},\"thumbnailUrl\":\"https:\/\/www.spacub.com\/spacubsl\/wp-content\/uploads\/2019\/07\/1710C.jpg\",\"datePublished\":\"2019-07-06T03:12:45+00:00\",\"dateModified\":\"2019-12-16T03:37:26+00:00\",\"breadcrumb\":{\"@id\":\"https:\/\/www.spacub.com\/spacubsl\/es\/product\/1710c\/#breadcrumb\"},\"inLanguage\":\"en-US\",\"potentialAction\":[{\"@type\":\"ReadAction\",\"target\":[\"https:\/\/www.spacub.com\/spacubsl\/es\/product\/1710c\/\"]}]},{\"@type\":\"ImageObject\",\"inLanguage\":\"en-US\",\"@id\":\"https:\/\/www.spacub.com\/spacubsl\/es\/product\/1710c\/#primaryimage\",\"url\":\"https:\/\/www.spacub.com\/spacubsl\/wp-content\/uploads\/2019\/07\/1710C.jpg\",\"contentUrl\":\"https:\/\/www.spacub.com\/spacubsl\/wp-content\/uploads\/2019\/07\/1710C.jpg\",\"width\":640,\"height\":480},{\"@type\":\"BreadcrumbList\",\"@id\":\"https:\/\/www.spacub.com\/spacubsl\/es\/product\/1710c\/#breadcrumb\",\"itemListElement\":[{\"@type\":\"ListItem\",\"position\":1,\"name\":\"Home\",\"item\":\"https:\/\/www.spacub.com\/spacubsl\/es\/\"},{\"@type\":\"ListItem\",\"position\":2,\"name\":\"Products\",\"item\":\"https:\/\/www.spacub.com\/spacubsl\/en\/shop\/\"},{\"@type\":\"ListItem\",\"position\":3,\"name\":\"1710C\"}]},{\"@type\":\"WebSite\",\"@id\":\"https:\/\/www.spacub.com\/spacubsl\/#website\",\"url\":\"https:\/\/www.spacub.com\/spacubsl\/\",\"name\":\"SPACUB\",\"description\":\"... por tu seguridad\",\"potentialAction\":[{\"@type\":\"SearchAction\",\"target\":{\"@type\":\"EntryPoint\",\"urlTemplate\":\"https:\/\/www.spacub.com\/spacubsl\/?s={search_term_string}\"},\"query-input\":\"required name=search_term_string\"}],\"inLanguage\":\"en-US\"}]}<\/script>\n<!-- \/ Yoast SEO plugin. -->","yoast_head_json":{"title":"1710C - SPACUB","robots":{"index":"index","follow":"follow","max-snippet":"max-snippet:-1","max-image-preview":"max-image-preview:large","max-video-preview":"max-video-preview:-1"},"canonical":"https:\/\/www.spacub.com\/spacubsl\/es\/product\/1710c\/","og_locale":"en_US","og_type":"article","og_title":"1710C - SPACUB","og_description":"MASCARILLA AUTOFILTRANTE REF. 1710C DESCRIPCI\u00d3N: Mascarilla autofiltrante con carb\u00f3n activo. Protecci\u00f3n contra part\u00edculas de polvo y nieblas. Protecci\u00f3n frente al ozono generado en procesos de soldadura y niveles molestos de gases y olores. Clip nasal ajustable. Bandas de ajuste sint\u00e9ticas. Protecci\u00f3n FFP1. NORMATIVA: EN 149 + A1. Dispositivos de protecci\u00f3n respiratoria. Medias m\u00e1scaras filtrantes de protecci\u00f3n contra part\u00edculas.","og_url":"https:\/\/www.spacub.com\/spacubsl\/es\/product\/1710c\/","og_site_name":"SPACUB","article_modified_time":"2019-12-16T03:37:26+00:00","og_image":[{"width":640,"height":480,"url":"https:\/\/www.spacub.com\/spacubsl\/wp-content\/uploads\/2019\/07\/1710C.jpg","type":"image\/jpeg"}],"twitter_card":"summary_large_image","schema":{"@context":"https:\/\/schema.org","@graph":[{"@type":"WebPage","@id":"https:\/\/www.spacub.com\/spacubsl\/es\/product\/1710c\/","url":"https:\/\/www.spacub.com\/spacubsl\/es\/product\/1710c\/","name":"1710C - SPACUB","isPartOf":{"@id":"https:\/\/www.spacub.com\/spacubsl\/#website"},"primaryImageOfPage":{"@id":"https:\/\/www.spacub.com\/spacubsl\/es\/product\/1710c\/#primaryimage"},"image":{"@id":"https:\/\/www.spacub.com\/spacubsl\/es\/product\/1710c\/#primaryimage"},"thumbnailUrl":"https:\/\/www.spacub.com\/spacubsl\/wp-content\/uploads\/2019\/07\/1710C.jpg","datePublished":"2019-07-06T03:12:45+00:00","dateModified":"2019-12-16T03:37:26+00:00","breadcrumb":{"@id":"https:\/\/www.spacub.com\/spacubsl\/es\/product\/1710c\/#breadcrumb"},"inLanguage":"en-US","potentialAction":[{"@type":"ReadAction","target":["https:\/\/www.spacub.com\/spacubsl\/es\/product\/1710c\/"]}]},{"@type":"ImageObject","inLanguage":"en-US","@id":"https:\/\/www.spacub.com\/spacubsl\/es\/product\/1710c\/#primaryimage","url":"https:\/\/www.spacub.com\/spacubsl\/wp-content\/uploads\/2019\/07\/1710C.jpg","contentUrl":"https:\/\/www.spacub.com\/spacubsl\/wp-content\/uploads\/2019\/07\/1710C.jpg","width":640,"height":480},{"@type":"BreadcrumbList","@id":"https:\/\/www.spacub.com\/spacubsl\/es\/product\/1710c\/#breadcrumb","itemListElement":[{"@type":"ListItem","position":1,"name":"Home","item":"https:\/\/www.spacub.com\/spacubsl\/es\/"},{"@type":"ListItem","position":2,"name":"Products","item":"https:\/\/www.spacub.com\/spacubsl\/en\/shop\/"},{"@type":"ListItem","position":3,"name":"1710C"}]},{"@type":"WebSite","@id":"https:\/\/www.spacub.com\/spacubsl\/#website","url":"https:\/\/www.spacub.com\/spacubsl\/","name":"SPACUB","description":"... por tu seguridad","potentialAction":[{"@type":"SearchAction","target":{"@type":"EntryPoint","urlTemplate":"https:\/\/www.spacub.com\/spacubsl\/?s={search_term_string}"},"query-input":"required name=search_term_string"}],"inLanguage":"en-US"}]}},"_links":{"self":[{"href":"https:\/\/www.spacub.com\/spacubsl\/wp-json\/wp\/v2\/product\/3782"}],"collection":[{"href":"https:\/\/www.spacub.com\/spacubsl\/wp-json\/wp\/v2\/product"}],"about":[{"href":"https:\/\/www.spacub.com\/spacubsl\/wp-json\/wp\/v2\/types\/product"}],"replies":[{"embeddable":true,"href":"https:\/\/www.spacub.com\/spacubsl\/wp-json\/wp\/v2\/comments?post=3782"}],"version-history":[{"count":0,"href":"https:\/\/www.spacub.com\/spacubsl\/wp-json\/wp\/v2\/product\/3782\/revisions"}],"wp:featuredmedia":[{"embeddable":true,"href":"https:\/\/www.spacub.com\/spacubsl\/wp-json\/wp\/v2\/media\/3783"}],"wp:attachment":[{"href":"https:\/\/www.spacub.com\/spacubsl\/wp-json\/wp\/v2\/media?parent=3782"}],"wp:term":[{"taxonomy":"product_cat","embeddable":true,"href":"https:\/\/www.spacub.com\/spacubsl\/wp-json\/wp\/v2\/product_cat?post=3782"},{"taxonomy":"product_tag","embeddable":true,"href":"https:\/\/www.spacub.com\/spacubsl\/wp-json\/wp\/v2\/product_tag?post=3782"}],"curies":[{"name":"wp","href":"https:\/\/api.w.org\/{rel}","templated":true}]}}