{"id":3776,"date":"2019-07-06T02:59:41","date_gmt":"2019-07-06T02:59:41","guid":{"rendered":"https:\/\/www.spacub.com\/spacubsl\/?post_type=product&#038;p=3776"},"modified":"2019-12-16T00:44:19","modified_gmt":"2019-12-16T00:44:19","slug":"732-n","status":"publish","type":"product","link":"https:\/\/www.spacub.com\/spacubsl\/es\/product\/732-n\/","title":{"rendered":"732-N"},"content":{"rendered":"","protected":false},"excerpt":{"rendered":"<h2><strong>M<\/strong><strong>ASCARILLA<\/strong><\/h2>\n<p><strong>R<\/strong><strong>EF<\/strong><strong>. <\/strong>732-N<\/p>\n<p style=\"text-align: justify;\"><strong>D<\/strong><strong>ESCRIPCI\u00d3N<\/strong><strong>: <\/strong>Cuerpo en silicona. Con cinco puntos de enganche para sujetar arnes. Mascarilla interior en caucho termopl\u00e1sticos con dos v\u00e1lvulas de inhalaci\u00f3n. Dos conectores de filtros mediante bayoneta. Visor panor\u00e1mico de policarbonato, resistente a impactos y rayaduras. Banda de nuca en PVC ignifugo. Compatible con los filtros 757-N.<\/p>\n<p style=\"text-align: justify;\"><strong>NORMATIVA: <\/strong>EN 136. Equipos de protecci\u00f3n respiratoria. M\u00e1scaras completas. Requisitos, ensayos y marcado.<\/p>\n<p><a class=\"excerpt-more\" href=\"https:\/\/www.spacub.com\/spacubsl\/es\/product\/732-n\/\">Read More...<\/a><\/p>","protected":false},"featured_media":3777,"comment_status":"closed","ping_status":"closed","template":"","meta":[],"product_cat":[777],"product_tag":[],"yoast_head":"<!-- This site is optimized with the Yoast SEO plugin v22.7 - https:\/\/yoast.com\/wordpress\/plugins\/seo\/ -->\n<title>732-N - SPACUB<\/title>\n<meta name=\"robots\" content=\"index, follow, max-snippet:-1, max-image-preview:large, max-video-preview:-1\" \/>\n<link rel=\"canonical\" href=\"https:\/\/www.spacub.com\/spacubsl\/es\/product\/732-n\/\" \/>\n<meta property=\"og:locale\" content=\"en_US\" \/>\n<meta property=\"og:type\" content=\"article\" \/>\n<meta property=\"og:title\" content=\"732-N - SPACUB\" \/>\n<meta property=\"og:description\" content=\"MASCARILLA REF. 732-N DESCRIPCI\u00d3N: Cuerpo en silicona. Con cinco puntos de enganche para sujetar arnes. Mascarilla interior en caucho termopl\u00e1sticos con dos v\u00e1lvulas de inhalaci\u00f3n. Dos conectores de filtros mediante bayoneta. Visor panor\u00e1mico de policarbonato, resistente a impactos y rayaduras. Banda de nuca en PVC ignifugo. Compatible con los filtros 757-N. NORMATIVA: EN 136. Equipos de protecci\u00f3n respiratoria. M\u00e1scaras completas. Requisitos, ensayos y marcado.\" \/>\n<meta property=\"og:url\" content=\"https:\/\/www.spacub.com\/spacubsl\/es\/product\/732-n\/\" \/>\n<meta property=\"og:site_name\" content=\"SPACUB\" \/>\n<meta property=\"article:modified_time\" content=\"2019-12-16T00:44:19+00:00\" \/>\n<meta property=\"og:image\" content=\"https:\/\/www.spacub.com\/spacubsl\/wp-content\/uploads\/2019\/07\/732-N.jpg\" \/>\n\t<meta property=\"og:image:width\" content=\"640\" \/>\n\t<meta property=\"og:image:height\" content=\"480\" \/>\n\t<meta property=\"og:image:type\" content=\"image\/jpeg\" \/>\n<meta name=\"twitter:card\" content=\"summary_large_image\" \/>\n<script type=\"application\/ld+json\" class=\"yoast-schema-graph\">{\"@context\":\"https:\/\/schema.org\",\"@graph\":[{\"@type\":\"WebPage\",\"@id\":\"https:\/\/www.spacub.com\/spacubsl\/es\/product\/732-n\/\",\"url\":\"https:\/\/www.spacub.com\/spacubsl\/es\/product\/732-n\/\",\"name\":\"732-N - SPACUB\",\"isPartOf\":{\"@id\":\"https:\/\/www.spacub.com\/spacubsl\/#website\"},\"primaryImageOfPage\":{\"@id\":\"https:\/\/www.spacub.com\/spacubsl\/es\/product\/732-n\/#primaryimage\"},\"image\":{\"@id\":\"https:\/\/www.spacub.com\/spacubsl\/es\/product\/732-n\/#primaryimage\"},\"thumbnailUrl\":\"https:\/\/www.spacub.com\/spacubsl\/wp-content\/uploads\/2019\/07\/732-N.jpg\",\"datePublished\":\"2019-07-06T02:59:41+00:00\",\"dateModified\":\"2019-12-16T00:44:19+00:00\",\"breadcrumb\":{\"@id\":\"https:\/\/www.spacub.com\/spacubsl\/es\/product\/732-n\/#breadcrumb\"},\"inLanguage\":\"en-US\",\"potentialAction\":[{\"@type\":\"ReadAction\",\"target\":[\"https:\/\/www.spacub.com\/spacubsl\/es\/product\/732-n\/\"]}]},{\"@type\":\"ImageObject\",\"inLanguage\":\"en-US\",\"@id\":\"https:\/\/www.spacub.com\/spacubsl\/es\/product\/732-n\/#primaryimage\",\"url\":\"https:\/\/www.spacub.com\/spacubsl\/wp-content\/uploads\/2019\/07\/732-N.jpg\",\"contentUrl\":\"https:\/\/www.spacub.com\/spacubsl\/wp-content\/uploads\/2019\/07\/732-N.jpg\",\"width\":640,\"height\":480},{\"@type\":\"BreadcrumbList\",\"@id\":\"https:\/\/www.spacub.com\/spacubsl\/es\/product\/732-n\/#breadcrumb\",\"itemListElement\":[{\"@type\":\"ListItem\",\"position\":1,\"name\":\"Home\",\"item\":\"https:\/\/www.spacub.com\/spacubsl\/es\/\"},{\"@type\":\"ListItem\",\"position\":2,\"name\":\"Products\",\"item\":\"https:\/\/www.spacub.com\/spacubsl\/en\/shop\/\"},{\"@type\":\"ListItem\",\"position\":3,\"name\":\"732-N\"}]},{\"@type\":\"WebSite\",\"@id\":\"https:\/\/www.spacub.com\/spacubsl\/#website\",\"url\":\"https:\/\/www.spacub.com\/spacubsl\/\",\"name\":\"SPACUB\",\"description\":\"... por tu seguridad\",\"potentialAction\":[{\"@type\":\"SearchAction\",\"target\":{\"@type\":\"EntryPoint\",\"urlTemplate\":\"https:\/\/www.spacub.com\/spacubsl\/?s={search_term_string}\"},\"query-input\":\"required name=search_term_string\"}],\"inLanguage\":\"en-US\"}]}<\/script>\n<!-- \/ Yoast SEO plugin. -->","yoast_head_json":{"title":"732-N - SPACUB","robots":{"index":"index","follow":"follow","max-snippet":"max-snippet:-1","max-image-preview":"max-image-preview:large","max-video-preview":"max-video-preview:-1"},"canonical":"https:\/\/www.spacub.com\/spacubsl\/es\/product\/732-n\/","og_locale":"en_US","og_type":"article","og_title":"732-N - SPACUB","og_description":"MASCARILLA REF. 732-N DESCRIPCI\u00d3N: Cuerpo en silicona. Con cinco puntos de enganche para sujetar arnes. Mascarilla interior en caucho termopl\u00e1sticos con dos v\u00e1lvulas de inhalaci\u00f3n. Dos conectores de filtros mediante bayoneta. Visor panor\u00e1mico de policarbonato, resistente a impactos y rayaduras. Banda de nuca en PVC ignifugo. Compatible con los filtros 757-N. NORMATIVA: EN 136. Equipos de protecci\u00f3n respiratoria. M\u00e1scaras completas. Requisitos, ensayos y marcado.","og_url":"https:\/\/www.spacub.com\/spacubsl\/es\/product\/732-n\/","og_site_name":"SPACUB","article_modified_time":"2019-12-16T00:44:19+00:00","og_image":[{"width":640,"height":480,"url":"https:\/\/www.spacub.com\/spacubsl\/wp-content\/uploads\/2019\/07\/732-N.jpg","type":"image\/jpeg"}],"twitter_card":"summary_large_image","schema":{"@context":"https:\/\/schema.org","@graph":[{"@type":"WebPage","@id":"https:\/\/www.spacub.com\/spacubsl\/es\/product\/732-n\/","url":"https:\/\/www.spacub.com\/spacubsl\/es\/product\/732-n\/","name":"732-N - SPACUB","isPartOf":{"@id":"https:\/\/www.spacub.com\/spacubsl\/#website"},"primaryImageOfPage":{"@id":"https:\/\/www.spacub.com\/spacubsl\/es\/product\/732-n\/#primaryimage"},"image":{"@id":"https:\/\/www.spacub.com\/spacubsl\/es\/product\/732-n\/#primaryimage"},"thumbnailUrl":"https:\/\/www.spacub.com\/spacubsl\/wp-content\/uploads\/2019\/07\/732-N.jpg","datePublished":"2019-07-06T02:59:41+00:00","dateModified":"2019-12-16T00:44:19+00:00","breadcrumb":{"@id":"https:\/\/www.spacub.com\/spacubsl\/es\/product\/732-n\/#breadcrumb"},"inLanguage":"en-US","potentialAction":[{"@type":"ReadAction","target":["https:\/\/www.spacub.com\/spacubsl\/es\/product\/732-n\/"]}]},{"@type":"ImageObject","inLanguage":"en-US","@id":"https:\/\/www.spacub.com\/spacubsl\/es\/product\/732-n\/#primaryimage","url":"https:\/\/www.spacub.com\/spacubsl\/wp-content\/uploads\/2019\/07\/732-N.jpg","contentUrl":"https:\/\/www.spacub.com\/spacubsl\/wp-content\/uploads\/2019\/07\/732-N.jpg","width":640,"height":480},{"@type":"BreadcrumbList","@id":"https:\/\/www.spacub.com\/spacubsl\/es\/product\/732-n\/#breadcrumb","itemListElement":[{"@type":"ListItem","position":1,"name":"Home","item":"https:\/\/www.spacub.com\/spacubsl\/es\/"},{"@type":"ListItem","position":2,"name":"Products","item":"https:\/\/www.spacub.com\/spacubsl\/en\/shop\/"},{"@type":"ListItem","position":3,"name":"732-N"}]},{"@type":"WebSite","@id":"https:\/\/www.spacub.com\/spacubsl\/#website","url":"https:\/\/www.spacub.com\/spacubsl\/","name":"SPACUB","description":"... por tu seguridad","potentialAction":[{"@type":"SearchAction","target":{"@type":"EntryPoint","urlTemplate":"https:\/\/www.spacub.com\/spacubsl\/?s={search_term_string}"},"query-input":"required name=search_term_string"}],"inLanguage":"en-US"}]}},"_links":{"self":[{"href":"https:\/\/www.spacub.com\/spacubsl\/wp-json\/wp\/v2\/product\/3776"}],"collection":[{"href":"https:\/\/www.spacub.com\/spacubsl\/wp-json\/wp\/v2\/product"}],"about":[{"href":"https:\/\/www.spacub.com\/spacubsl\/wp-json\/wp\/v2\/types\/product"}],"replies":[{"embeddable":true,"href":"https:\/\/www.spacub.com\/spacubsl\/wp-json\/wp\/v2\/comments?post=3776"}],"version-history":[{"count":0,"href":"https:\/\/www.spacub.com\/spacubsl\/wp-json\/wp\/v2\/product\/3776\/revisions"}],"wp:featuredmedia":[{"embeddable":true,"href":"https:\/\/www.spacub.com\/spacubsl\/wp-json\/wp\/v2\/media\/3777"}],"wp:attachment":[{"href":"https:\/\/www.spacub.com\/spacubsl\/wp-json\/wp\/v2\/media?parent=3776"}],"wp:term":[{"taxonomy":"product_cat","embeddable":true,"href":"https:\/\/www.spacub.com\/spacubsl\/wp-json\/wp\/v2\/product_cat?post=3776"},{"taxonomy":"product_tag","embeddable":true,"href":"https:\/\/www.spacub.com\/spacubsl\/wp-json\/wp\/v2\/product_tag?post=3776"}],"curies":[{"name":"wp","href":"https:\/\/api.w.org\/{rel}","templated":true}]}}