{"id":3162,"date":"2019-05-29T15:04:27","date_gmt":"2019-05-29T15:04:27","guid":{"rendered":"https:\/\/www.spacub.com\/spacubsl\/?post_type=product&#038;p=3162"},"modified":"2019-09-08T00:25:39","modified_gmt":"2019-09-08T00:25:39","slug":"421-variomatic","status":"publish","type":"product","link":"https:\/\/www.spacub.com\/spacubsl\/es\/product\/421-variomatic\/","title":{"rendered":"421 VARIOMATIC"},"content":{"rendered":"","protected":false},"excerpt":{"rendered":"<h2><strong>Careta Soldador<\/strong><\/h2>\n<p><strong>Ref.<\/strong> 421 VARIOMATIC<\/p>\n<p style=\"text-align: justify;\"><strong>Descripci\u00f3n:<\/strong> Careta de soldador. Utilizable pata todos los tipos de procedimiento de soldadura a partir de 5 amperios. Sujeci\u00f3n por un arn\u00e9s de dos bandas. Fabricado en poliamida.<\/p>\n<p style=\"text-align: left;\"><strong>Talla:<\/strong> \u00danica<\/p>\n<p style=\"text-align: left;\"><strong>Color:\u00a0 <\/strong>Negro<\/p>\n<p style=\"text-align: justify;\"><strong>Normativa:<\/strong> EN 175. Equipos para la protecci\u00f3n de los ojos y la cara durante la soldadura y t\u00e9cnicas afines. EN 379. Protecci\u00f3n del ojo. Filtros autom\u00e1ticos para la soldadura.<\/p>\n<p><a class=\"excerpt-more\" href=\"https:\/\/www.spacub.com\/spacubsl\/es\/product\/421-variomatic\/\">Read More...<\/a><\/p>","protected":false},"featured_media":3163,"comment_status":"closed","ping_status":"closed","template":"","meta":[],"product_cat":[767],"product_tag":[],"yoast_head":"<!-- This site is optimized with the Yoast SEO plugin v22.7 - https:\/\/yoast.com\/wordpress\/plugins\/seo\/ -->\n<title>421 VARIOMATIC - SPACUB<\/title>\n<meta name=\"robots\" content=\"index, follow, max-snippet:-1, max-image-preview:large, max-video-preview:-1\" \/>\n<link rel=\"canonical\" href=\"https:\/\/www.spacub.com\/spacubsl\/es\/product\/421-variomatic\/\" \/>\n<meta property=\"og:locale\" content=\"en_US\" \/>\n<meta property=\"og:type\" content=\"article\" \/>\n<meta property=\"og:title\" content=\"421 VARIOMATIC - SPACUB\" \/>\n<meta property=\"og:description\" content=\"Careta Soldador Ref. 421 VARIOMATIC Descripci\u00f3n: Careta de soldador. Utilizable pata todos los tipos de procedimiento de soldadura a partir de 5 amperios. Sujeci\u00f3n por un arn\u00e9s de dos bandas. Fabricado en poliamida. Talla: \u00danica Color:\u00a0 Negro Normativa: EN 175. Equipos para la protecci\u00f3n de los ojos y la cara durante la soldadura y t\u00e9cnicas afines. EN 379. Protecci\u00f3n del ojo. Filtros autom\u00e1ticos para la soldadura.\" \/>\n<meta property=\"og:url\" content=\"https:\/\/www.spacub.com\/spacubsl\/es\/product\/421-variomatic\/\" \/>\n<meta property=\"og:site_name\" content=\"SPACUB\" \/>\n<meta property=\"article:modified_time\" content=\"2019-09-08T00:25:39+00:00\" \/>\n<meta property=\"og:image\" content=\"https:\/\/www.spacub.com\/spacubsl\/wp-content\/uploads\/2019\/05\/421-VARIOMATIC.jpg\" \/>\n\t<meta property=\"og:image:width\" content=\"640\" \/>\n\t<meta property=\"og:image:height\" content=\"480\" \/>\n\t<meta property=\"og:image:type\" content=\"image\/jpeg\" \/>\n<meta name=\"twitter:card\" content=\"summary_large_image\" \/>\n<script type=\"application\/ld+json\" class=\"yoast-schema-graph\">{\"@context\":\"https:\/\/schema.org\",\"@graph\":[{\"@type\":\"WebPage\",\"@id\":\"https:\/\/www.spacub.com\/spacubsl\/es\/product\/421-variomatic\/\",\"url\":\"https:\/\/www.spacub.com\/spacubsl\/es\/product\/421-variomatic\/\",\"name\":\"421 VARIOMATIC - SPACUB\",\"isPartOf\":{\"@id\":\"https:\/\/www.spacub.com\/spacubsl\/#website\"},\"primaryImageOfPage\":{\"@id\":\"https:\/\/www.spacub.com\/spacubsl\/es\/product\/421-variomatic\/#primaryimage\"},\"image\":{\"@id\":\"https:\/\/www.spacub.com\/spacubsl\/es\/product\/421-variomatic\/#primaryimage\"},\"thumbnailUrl\":\"https:\/\/www.spacub.com\/spacubsl\/wp-content\/uploads\/2019\/05\/421-VARIOMATIC.jpg\",\"datePublished\":\"2019-05-29T15:04:27+00:00\",\"dateModified\":\"2019-09-08T00:25:39+00:00\",\"breadcrumb\":{\"@id\":\"https:\/\/www.spacub.com\/spacubsl\/es\/product\/421-variomatic\/#breadcrumb\"},\"inLanguage\":\"en-US\",\"potentialAction\":[{\"@type\":\"ReadAction\",\"target\":[\"https:\/\/www.spacub.com\/spacubsl\/es\/product\/421-variomatic\/\"]}]},{\"@type\":\"ImageObject\",\"inLanguage\":\"en-US\",\"@id\":\"https:\/\/www.spacub.com\/spacubsl\/es\/product\/421-variomatic\/#primaryimage\",\"url\":\"https:\/\/www.spacub.com\/spacubsl\/wp-content\/uploads\/2019\/05\/421-VARIOMATIC.jpg\",\"contentUrl\":\"https:\/\/www.spacub.com\/spacubsl\/wp-content\/uploads\/2019\/05\/421-VARIOMATIC.jpg\",\"width\":640,\"height\":480},{\"@type\":\"BreadcrumbList\",\"@id\":\"https:\/\/www.spacub.com\/spacubsl\/es\/product\/421-variomatic\/#breadcrumb\",\"itemListElement\":[{\"@type\":\"ListItem\",\"position\":1,\"name\":\"Home\",\"item\":\"https:\/\/www.spacub.com\/spacubsl\/es\/\"},{\"@type\":\"ListItem\",\"position\":2,\"name\":\"Products\",\"item\":\"https:\/\/www.spacub.com\/spacubsl\/en\/shop\/\"},{\"@type\":\"ListItem\",\"position\":3,\"name\":\"421 VARIOMATIC\"}]},{\"@type\":\"WebSite\",\"@id\":\"https:\/\/www.spacub.com\/spacubsl\/#website\",\"url\":\"https:\/\/www.spacub.com\/spacubsl\/\",\"name\":\"SPACUB\",\"description\":\"... por tu seguridad\",\"potentialAction\":[{\"@type\":\"SearchAction\",\"target\":{\"@type\":\"EntryPoint\",\"urlTemplate\":\"https:\/\/www.spacub.com\/spacubsl\/?s={search_term_string}\"},\"query-input\":\"required name=search_term_string\"}],\"inLanguage\":\"en-US\"}]}<\/script>\n<!-- \/ Yoast SEO plugin. -->","yoast_head_json":{"title":"421 VARIOMATIC - SPACUB","robots":{"index":"index","follow":"follow","max-snippet":"max-snippet:-1","max-image-preview":"max-image-preview:large","max-video-preview":"max-video-preview:-1"},"canonical":"https:\/\/www.spacub.com\/spacubsl\/es\/product\/421-variomatic\/","og_locale":"en_US","og_type":"article","og_title":"421 VARIOMATIC - SPACUB","og_description":"Careta Soldador Ref. 421 VARIOMATIC Descripci\u00f3n: Careta de soldador. Utilizable pata todos los tipos de procedimiento de soldadura a partir de 5 amperios. Sujeci\u00f3n por un arn\u00e9s de dos bandas. Fabricado en poliamida. Talla: \u00danica Color:\u00a0 Negro Normativa: EN 175. Equipos para la protecci\u00f3n de los ojos y la cara durante la soldadura y t\u00e9cnicas afines. EN 379. Protecci\u00f3n del ojo. Filtros autom\u00e1ticos para la soldadura.","og_url":"https:\/\/www.spacub.com\/spacubsl\/es\/product\/421-variomatic\/","og_site_name":"SPACUB","article_modified_time":"2019-09-08T00:25:39+00:00","og_image":[{"width":640,"height":480,"url":"https:\/\/www.spacub.com\/spacubsl\/wp-content\/uploads\/2019\/05\/421-VARIOMATIC.jpg","type":"image\/jpeg"}],"twitter_card":"summary_large_image","schema":{"@context":"https:\/\/schema.org","@graph":[{"@type":"WebPage","@id":"https:\/\/www.spacub.com\/spacubsl\/es\/product\/421-variomatic\/","url":"https:\/\/www.spacub.com\/spacubsl\/es\/product\/421-variomatic\/","name":"421 VARIOMATIC - SPACUB","isPartOf":{"@id":"https:\/\/www.spacub.com\/spacubsl\/#website"},"primaryImageOfPage":{"@id":"https:\/\/www.spacub.com\/spacubsl\/es\/product\/421-variomatic\/#primaryimage"},"image":{"@id":"https:\/\/www.spacub.com\/spacubsl\/es\/product\/421-variomatic\/#primaryimage"},"thumbnailUrl":"https:\/\/www.spacub.com\/spacubsl\/wp-content\/uploads\/2019\/05\/421-VARIOMATIC.jpg","datePublished":"2019-05-29T15:04:27+00:00","dateModified":"2019-09-08T00:25:39+00:00","breadcrumb":{"@id":"https:\/\/www.spacub.com\/spacubsl\/es\/product\/421-variomatic\/#breadcrumb"},"inLanguage":"en-US","potentialAction":[{"@type":"ReadAction","target":["https:\/\/www.spacub.com\/spacubsl\/es\/product\/421-variomatic\/"]}]},{"@type":"ImageObject","inLanguage":"en-US","@id":"https:\/\/www.spacub.com\/spacubsl\/es\/product\/421-variomatic\/#primaryimage","url":"https:\/\/www.spacub.com\/spacubsl\/wp-content\/uploads\/2019\/05\/421-VARIOMATIC.jpg","contentUrl":"https:\/\/www.spacub.com\/spacubsl\/wp-content\/uploads\/2019\/05\/421-VARIOMATIC.jpg","width":640,"height":480},{"@type":"BreadcrumbList","@id":"https:\/\/www.spacub.com\/spacubsl\/es\/product\/421-variomatic\/#breadcrumb","itemListElement":[{"@type":"ListItem","position":1,"name":"Home","item":"https:\/\/www.spacub.com\/spacubsl\/es\/"},{"@type":"ListItem","position":2,"name":"Products","item":"https:\/\/www.spacub.com\/spacubsl\/en\/shop\/"},{"@type":"ListItem","position":3,"name":"421 VARIOMATIC"}]},{"@type":"WebSite","@id":"https:\/\/www.spacub.com\/spacubsl\/#website","url":"https:\/\/www.spacub.com\/spacubsl\/","name":"SPACUB","description":"... por tu seguridad","potentialAction":[{"@type":"SearchAction","target":{"@type":"EntryPoint","urlTemplate":"https:\/\/www.spacub.com\/spacubsl\/?s={search_term_string}"},"query-input":"required name=search_term_string"}],"inLanguage":"en-US"}]}},"_links":{"self":[{"href":"https:\/\/www.spacub.com\/spacubsl\/wp-json\/wp\/v2\/product\/3162"}],"collection":[{"href":"https:\/\/www.spacub.com\/spacubsl\/wp-json\/wp\/v2\/product"}],"about":[{"href":"https:\/\/www.spacub.com\/spacubsl\/wp-json\/wp\/v2\/types\/product"}],"replies":[{"embeddable":true,"href":"https:\/\/www.spacub.com\/spacubsl\/wp-json\/wp\/v2\/comments?post=3162"}],"version-history":[{"count":0,"href":"https:\/\/www.spacub.com\/spacubsl\/wp-json\/wp\/v2\/product\/3162\/revisions"}],"wp:featuredmedia":[{"embeddable":true,"href":"https:\/\/www.spacub.com\/spacubsl\/wp-json\/wp\/v2\/media\/3163"}],"wp:attachment":[{"href":"https:\/\/www.spacub.com\/spacubsl\/wp-json\/wp\/v2\/media?parent=3162"}],"wp:term":[{"taxonomy":"product_cat","embeddable":true,"href":"https:\/\/www.spacub.com\/spacubsl\/wp-json\/wp\/v2\/product_cat?post=3162"},{"taxonomy":"product_tag","embeddable":true,"href":"https:\/\/www.spacub.com\/spacubsl\/wp-json\/wp\/v2\/product_tag?post=3162"}],"curies":[{"name":"wp","href":"https:\/\/api.w.org\/{rel}","templated":true}]}}