{"id":3156,"date":"2019-05-29T14:55:42","date_gmt":"2019-05-29T14:55:42","guid":{"rendered":"https:\/\/www.spacub.com\/spacubsl\/?post_type=product&#038;p=3156"},"modified":"2019-09-08T01:37:41","modified_gmt":"2019-09-08T01:37:41","slug":"415","status":"publish","type":"product","link":"https:\/\/www.spacub.com\/spacubsl\/es\/product\/415\/","title":{"rendered":"415"},"content":{"rendered":"","protected":false},"excerpt":{"rendered":"<h2><strong>Casco con Pantalla Soldador<\/strong><\/h2>\n<p>Ref. 415<\/p>\n<p style=\"text-align: justify;\"><strong>Descripci\u00f3n:<\/strong> Casco con pantalla de soldadura. Casco fabricado por inyecci\u00f3n de polietileno de alta densidad. Visera en la parte central y ala recogeaguas. Arn\u00e9s fabricado por inyecci\u00f3n de polietileno lineal con gran capacidad de absorci\u00f3n de impactos. Pantalla fabricada en poliamida con fibra de vidrio con gran resistencia a la inflamaci\u00f3n. Filtro inact\u00ednico de dimensiones de 110 x 55 mm. La pantalla se fabrica con un filtro de tono 12, aunque se dispone de una amplia gama de tonos.<\/p>\n<p style=\"text-align: left;\">Disponible con marco ocular abatible (415A)<\/p>\n<p style=\"text-align: left;\"><strong>Talla:<\/strong> \u00danica<\/p>\n<p style=\"text-align: left;\"><strong>Color:\u00a0 <\/strong>Negro<\/p>\n<p style=\"text-align: justify;\"><strong>Normativa:<\/strong> EN 169. Filtros para soldadura y t\u00e9cnicas relacionadas. EN 175. Equipos para la protecci\u00f3n de los ojos y la cara durante la soldadura y t\u00e9cnicas afines. EN 397. Casco de protecci\u00f3n para la industria.<\/p>\n<p><a class=\"excerpt-more\" href=\"https:\/\/www.spacub.com\/spacubsl\/es\/product\/415\/\">Read More...<\/a><\/p>","protected":false},"featured_media":3157,"comment_status":"closed","ping_status":"closed","template":"","meta":[],"product_cat":[767],"product_tag":[],"yoast_head":"<!-- This site is optimized with the Yoast SEO plugin v22.7 - https:\/\/yoast.com\/wordpress\/plugins\/seo\/ -->\n<title>415 - SPACUB<\/title>\n<meta name=\"robots\" content=\"index, follow, max-snippet:-1, max-image-preview:large, max-video-preview:-1\" \/>\n<link rel=\"canonical\" href=\"https:\/\/www.spacub.com\/spacubsl\/es\/product\/415\/\" \/>\n<meta property=\"og:locale\" content=\"en_US\" \/>\n<meta property=\"og:type\" content=\"article\" \/>\n<meta property=\"og:title\" content=\"415 - SPACUB\" \/>\n<meta property=\"og:description\" content=\"Casco con Pantalla Soldador Ref. 415 Descripci\u00f3n: Casco con pantalla de soldadura. Casco fabricado por inyecci\u00f3n de polietileno de alta densidad. Visera en la parte central y ala recogeaguas. Arn\u00e9s fabricado por inyecci\u00f3n de polietileno lineal con gran capacidad de absorci\u00f3n de impactos. Pantalla fabricada en poliamida con fibra de vidrio con gran resistencia a la inflamaci\u00f3n. Filtro inact\u00ednico de dimensiones de 110 x 55 mm. La pantalla se fabrica con un filtro de tono 12, aunque se dispone de una amplia gama de tonos. Disponible con marco ocular abatible (415A) Talla: \u00danica Color:\u00a0 Negro Normativa: EN 169. Filtros para soldadura y t\u00e9cnicas relacionadas. EN 175. Equipos para la protecci\u00f3n de los ojos y la cara durante la soldadura y t\u00e9cnicas afines. EN 397. Casco de protecci\u00f3n para la industria.\" \/>\n<meta property=\"og:url\" content=\"https:\/\/www.spacub.com\/spacubsl\/es\/product\/415\/\" \/>\n<meta property=\"og:site_name\" content=\"SPACUB\" \/>\n<meta property=\"article:modified_time\" content=\"2019-09-08T01:37:41+00:00\" \/>\n<meta property=\"og:image\" content=\"https:\/\/www.spacub.com\/spacubsl\/wp-content\/uploads\/2019\/05\/415.jpg\" \/>\n\t<meta property=\"og:image:width\" content=\"640\" \/>\n\t<meta property=\"og:image:height\" content=\"480\" \/>\n\t<meta property=\"og:image:type\" content=\"image\/jpeg\" \/>\n<meta name=\"twitter:card\" content=\"summary_large_image\" \/>\n<script type=\"application\/ld+json\" class=\"yoast-schema-graph\">{\"@context\":\"https:\/\/schema.org\",\"@graph\":[{\"@type\":\"WebPage\",\"@id\":\"https:\/\/www.spacub.com\/spacubsl\/es\/product\/415\/\",\"url\":\"https:\/\/www.spacub.com\/spacubsl\/es\/product\/415\/\",\"name\":\"415 - SPACUB\",\"isPartOf\":{\"@id\":\"https:\/\/www.spacub.com\/spacubsl\/#website\"},\"primaryImageOfPage\":{\"@id\":\"https:\/\/www.spacub.com\/spacubsl\/es\/product\/415\/#primaryimage\"},\"image\":{\"@id\":\"https:\/\/www.spacub.com\/spacubsl\/es\/product\/415\/#primaryimage\"},\"thumbnailUrl\":\"https:\/\/www.spacub.com\/spacubsl\/wp-content\/uploads\/2019\/05\/415.jpg\",\"datePublished\":\"2019-05-29T14:55:42+00:00\",\"dateModified\":\"2019-09-08T01:37:41+00:00\",\"breadcrumb\":{\"@id\":\"https:\/\/www.spacub.com\/spacubsl\/es\/product\/415\/#breadcrumb\"},\"inLanguage\":\"en-US\",\"potentialAction\":[{\"@type\":\"ReadAction\",\"target\":[\"https:\/\/www.spacub.com\/spacubsl\/es\/product\/415\/\"]}]},{\"@type\":\"ImageObject\",\"inLanguage\":\"en-US\",\"@id\":\"https:\/\/www.spacub.com\/spacubsl\/es\/product\/415\/#primaryimage\",\"url\":\"https:\/\/www.spacub.com\/spacubsl\/wp-content\/uploads\/2019\/05\/415.jpg\",\"contentUrl\":\"https:\/\/www.spacub.com\/spacubsl\/wp-content\/uploads\/2019\/05\/415.jpg\",\"width\":640,\"height\":480},{\"@type\":\"BreadcrumbList\",\"@id\":\"https:\/\/www.spacub.com\/spacubsl\/es\/product\/415\/#breadcrumb\",\"itemListElement\":[{\"@type\":\"ListItem\",\"position\":1,\"name\":\"Home\",\"item\":\"https:\/\/www.spacub.com\/spacubsl\/es\/\"},{\"@type\":\"ListItem\",\"position\":2,\"name\":\"Products\",\"item\":\"https:\/\/www.spacub.com\/spacubsl\/en\/shop\/\"},{\"@type\":\"ListItem\",\"position\":3,\"name\":\"415\"}]},{\"@type\":\"WebSite\",\"@id\":\"https:\/\/www.spacub.com\/spacubsl\/#website\",\"url\":\"https:\/\/www.spacub.com\/spacubsl\/\",\"name\":\"SPACUB\",\"description\":\"... por tu seguridad\",\"potentialAction\":[{\"@type\":\"SearchAction\",\"target\":{\"@type\":\"EntryPoint\",\"urlTemplate\":\"https:\/\/www.spacub.com\/spacubsl\/?s={search_term_string}\"},\"query-input\":\"required name=search_term_string\"}],\"inLanguage\":\"en-US\"}]}<\/script>\n<!-- \/ Yoast SEO plugin. -->","yoast_head_json":{"title":"415 - SPACUB","robots":{"index":"index","follow":"follow","max-snippet":"max-snippet:-1","max-image-preview":"max-image-preview:large","max-video-preview":"max-video-preview:-1"},"canonical":"https:\/\/www.spacub.com\/spacubsl\/es\/product\/415\/","og_locale":"en_US","og_type":"article","og_title":"415 - SPACUB","og_description":"Casco con Pantalla Soldador Ref. 415 Descripci\u00f3n: Casco con pantalla de soldadura. Casco fabricado por inyecci\u00f3n de polietileno de alta densidad. Visera en la parte central y ala recogeaguas. Arn\u00e9s fabricado por inyecci\u00f3n de polietileno lineal con gran capacidad de absorci\u00f3n de impactos. Pantalla fabricada en poliamida con fibra de vidrio con gran resistencia a la inflamaci\u00f3n. Filtro inact\u00ednico de dimensiones de 110 x 55 mm. La pantalla se fabrica con un filtro de tono 12, aunque se dispone de una amplia gama de tonos. Disponible con marco ocular abatible (415A) Talla: \u00danica Color:\u00a0 Negro Normativa: EN 169. Filtros para soldadura y t\u00e9cnicas relacionadas. EN 175. Equipos para la protecci\u00f3n de los ojos y la cara durante la soldadura y t\u00e9cnicas afines. EN 397. Casco de protecci\u00f3n para la industria.","og_url":"https:\/\/www.spacub.com\/spacubsl\/es\/product\/415\/","og_site_name":"SPACUB","article_modified_time":"2019-09-08T01:37:41+00:00","og_image":[{"width":640,"height":480,"url":"https:\/\/www.spacub.com\/spacubsl\/wp-content\/uploads\/2019\/05\/415.jpg","type":"image\/jpeg"}],"twitter_card":"summary_large_image","schema":{"@context":"https:\/\/schema.org","@graph":[{"@type":"WebPage","@id":"https:\/\/www.spacub.com\/spacubsl\/es\/product\/415\/","url":"https:\/\/www.spacub.com\/spacubsl\/es\/product\/415\/","name":"415 - SPACUB","isPartOf":{"@id":"https:\/\/www.spacub.com\/spacubsl\/#website"},"primaryImageOfPage":{"@id":"https:\/\/www.spacub.com\/spacubsl\/es\/product\/415\/#primaryimage"},"image":{"@id":"https:\/\/www.spacub.com\/spacubsl\/es\/product\/415\/#primaryimage"},"thumbnailUrl":"https:\/\/www.spacub.com\/spacubsl\/wp-content\/uploads\/2019\/05\/415.jpg","datePublished":"2019-05-29T14:55:42+00:00","dateModified":"2019-09-08T01:37:41+00:00","breadcrumb":{"@id":"https:\/\/www.spacub.com\/spacubsl\/es\/product\/415\/#breadcrumb"},"inLanguage":"en-US","potentialAction":[{"@type":"ReadAction","target":["https:\/\/www.spacub.com\/spacubsl\/es\/product\/415\/"]}]},{"@type":"ImageObject","inLanguage":"en-US","@id":"https:\/\/www.spacub.com\/spacubsl\/es\/product\/415\/#primaryimage","url":"https:\/\/www.spacub.com\/spacubsl\/wp-content\/uploads\/2019\/05\/415.jpg","contentUrl":"https:\/\/www.spacub.com\/spacubsl\/wp-content\/uploads\/2019\/05\/415.jpg","width":640,"height":480},{"@type":"BreadcrumbList","@id":"https:\/\/www.spacub.com\/spacubsl\/es\/product\/415\/#breadcrumb","itemListElement":[{"@type":"ListItem","position":1,"name":"Home","item":"https:\/\/www.spacub.com\/spacubsl\/es\/"},{"@type":"ListItem","position":2,"name":"Products","item":"https:\/\/www.spacub.com\/spacubsl\/en\/shop\/"},{"@type":"ListItem","position":3,"name":"415"}]},{"@type":"WebSite","@id":"https:\/\/www.spacub.com\/spacubsl\/#website","url":"https:\/\/www.spacub.com\/spacubsl\/","name":"SPACUB","description":"... por tu seguridad","potentialAction":[{"@type":"SearchAction","target":{"@type":"EntryPoint","urlTemplate":"https:\/\/www.spacub.com\/spacubsl\/?s={search_term_string}"},"query-input":"required name=search_term_string"}],"inLanguage":"en-US"}]}},"_links":{"self":[{"href":"https:\/\/www.spacub.com\/spacubsl\/wp-json\/wp\/v2\/product\/3156"}],"collection":[{"href":"https:\/\/www.spacub.com\/spacubsl\/wp-json\/wp\/v2\/product"}],"about":[{"href":"https:\/\/www.spacub.com\/spacubsl\/wp-json\/wp\/v2\/types\/product"}],"replies":[{"embeddable":true,"href":"https:\/\/www.spacub.com\/spacubsl\/wp-json\/wp\/v2\/comments?post=3156"}],"version-history":[{"count":0,"href":"https:\/\/www.spacub.com\/spacubsl\/wp-json\/wp\/v2\/product\/3156\/revisions"}],"wp:featuredmedia":[{"embeddable":true,"href":"https:\/\/www.spacub.com\/spacubsl\/wp-json\/wp\/v2\/media\/3157"}],"wp:attachment":[{"href":"https:\/\/www.spacub.com\/spacubsl\/wp-json\/wp\/v2\/media?parent=3156"}],"wp:term":[{"taxonomy":"product_cat","embeddable":true,"href":"https:\/\/www.spacub.com\/spacubsl\/wp-json\/wp\/v2\/product_cat?post=3156"},{"taxonomy":"product_tag","embeddable":true,"href":"https:\/\/www.spacub.com\/spacubsl\/wp-json\/wp\/v2\/product_tag?post=3156"}],"curies":[{"name":"wp","href":"https:\/\/api.w.org\/{rel}","templated":true}]}}