{"id":3152,"date":"2019-05-21T21:02:10","date_gmt":"2019-05-21T21:02:10","guid":{"rendered":"https:\/\/www.spacub.com\/spacubsl\/?post_type=product&#038;p=3152"},"modified":"2019-09-08T01:40:28","modified_gmt":"2019-09-08T01:40:28","slug":"412-ua","status":"publish","type":"product","link":"https:\/\/www.spacub.com\/spacubsl\/es\/product\/412-ua\/","title":{"rendered":"412 UA"},"content":{"rendered":"","protected":false},"excerpt":{"rendered":"<h2 style=\"text-align: left;\"><strong>Careta Soldador<\/strong><\/h2>\n<p><strong>Ref.<\/strong> 412 UA<\/p>\n<p style=\"text-align: justify;\"><strong>Descripci\u00f3n:<\/strong> Careta de soldador con marco abatible. El armaz\u00f3n est\u00e1 fabricado en fibra vulcanizada, material muy ligero y con resistencia a la inflamaci\u00f3n. El sistema de sujeci\u00f3n es con arn\u00e9s con una banda de contorno y otra transversal que se pueden regular.<\/p>\n<p style=\"text-align: justify;\">El marco portaocular es abatible. El conjunto de oculares lo forman un antefiltro, un cubrefiltro y un ocular filtrante de cristal inact\u00ednico color negro y de espesor 2,6 mm, de dimensiones 110 x 55 mm. La pantalla se fabrica con un filtro de tono 12, aunque se dispone de una gama de tonos desde el 8 al 14. La pantalla es ideal para realizar cualquier proceso de soldadura, ofrece una perfecta protecci\u00f3n contra las radiaciones emitidas y contra la proyecci\u00f3n de part\u00edculas.<\/p>\n<p style=\"text-align: left;\"><strong>Talla:<\/strong> \u00danica<\/p>\n<p style=\"text-align: left;\"><strong>Color:\u00a0 <\/strong>Negro<\/p>\n<p style=\"text-align: justify;\"><strong>Normativa:<\/strong> EN 169. Filtros para soldadura y t\u00e9cnicas relacionadas. EN 175. Equipos para la protecci\u00f3n de los ojos y la cara durante la soldadura y t\u00e9cnicas afines.<\/p>\n<p><a class=\"excerpt-more\" href=\"https:\/\/www.spacub.com\/spacubsl\/es\/product\/412-ua\/\">Read More...<\/a><\/p>","protected":false},"featured_media":3153,"comment_status":"closed","ping_status":"closed","template":"","meta":[],"product_cat":[767],"product_tag":[],"yoast_head":"<!-- This site is optimized with the Yoast SEO plugin v22.7 - https:\/\/yoast.com\/wordpress\/plugins\/seo\/ -->\n<title>412 UA - SPACUB<\/title>\n<meta name=\"robots\" content=\"index, follow, max-snippet:-1, max-image-preview:large, max-video-preview:-1\" \/>\n<link rel=\"canonical\" href=\"https:\/\/www.spacub.com\/spacubsl\/es\/product\/412-ua\/\" \/>\n<meta property=\"og:locale\" content=\"en_US\" \/>\n<meta property=\"og:type\" content=\"article\" \/>\n<meta property=\"og:title\" content=\"412 UA - SPACUB\" \/>\n<meta property=\"og:description\" content=\"Careta Soldador Ref. 412 UA Descripci\u00f3n: Careta de soldador con marco abatible. El armaz\u00f3n est\u00e1 fabricado en fibra vulcanizada, material muy ligero y con resistencia a la inflamaci\u00f3n. El sistema de sujeci\u00f3n es con arn\u00e9s con una banda de contorno y otra transversal que se pueden regular. El marco portaocular es abatible. El conjunto de oculares lo forman un antefiltro, un cubrefiltro y un ocular filtrante de cristal inact\u00ednico color negro y de espesor 2,6 mm, de dimensiones 110 x 55 mm. La pantalla se fabrica con un filtro de tono 12, aunque se dispone de una gama de tonos desde el 8 al 14. La pantalla es ideal para realizar cualquier proceso de soldadura, ofrece una perfecta protecci\u00f3n contra las radiaciones emitidas y contra la proyecci\u00f3n de part\u00edculas. Talla: \u00danica Color:\u00a0 Negro Normativa: EN 169. Filtros para soldadura y t\u00e9cnicas relacionadas. EN 175. Equipos para la protecci\u00f3n de los ojos y la cara durante la soldadura y t\u00e9cnicas afines.\" \/>\n<meta property=\"og:url\" content=\"https:\/\/www.spacub.com\/spacubsl\/es\/product\/412-ua\/\" \/>\n<meta property=\"og:site_name\" content=\"SPACUB\" \/>\n<meta property=\"article:modified_time\" content=\"2019-09-08T01:40:28+00:00\" \/>\n<meta property=\"og:image\" content=\"https:\/\/www.spacub.com\/spacubsl\/wp-content\/uploads\/2019\/05\/412-UA.jpg\" \/>\n\t<meta property=\"og:image:width\" content=\"640\" \/>\n\t<meta property=\"og:image:height\" content=\"480\" \/>\n\t<meta property=\"og:image:type\" content=\"image\/jpeg\" \/>\n<meta name=\"twitter:card\" content=\"summary_large_image\" \/>\n<script type=\"application\/ld+json\" class=\"yoast-schema-graph\">{\"@context\":\"https:\/\/schema.org\",\"@graph\":[{\"@type\":\"WebPage\",\"@id\":\"https:\/\/www.spacub.com\/spacubsl\/es\/product\/412-ua\/\",\"url\":\"https:\/\/www.spacub.com\/spacubsl\/es\/product\/412-ua\/\",\"name\":\"412 UA - SPACUB\",\"isPartOf\":{\"@id\":\"https:\/\/www.spacub.com\/spacubsl\/#website\"},\"primaryImageOfPage\":{\"@id\":\"https:\/\/www.spacub.com\/spacubsl\/es\/product\/412-ua\/#primaryimage\"},\"image\":{\"@id\":\"https:\/\/www.spacub.com\/spacubsl\/es\/product\/412-ua\/#primaryimage\"},\"thumbnailUrl\":\"https:\/\/www.spacub.com\/spacubsl\/wp-content\/uploads\/2019\/05\/412-UA.jpg\",\"datePublished\":\"2019-05-21T21:02:10+00:00\",\"dateModified\":\"2019-09-08T01:40:28+00:00\",\"breadcrumb\":{\"@id\":\"https:\/\/www.spacub.com\/spacubsl\/es\/product\/412-ua\/#breadcrumb\"},\"inLanguage\":\"en-US\",\"potentialAction\":[{\"@type\":\"ReadAction\",\"target\":[\"https:\/\/www.spacub.com\/spacubsl\/es\/product\/412-ua\/\"]}]},{\"@type\":\"ImageObject\",\"inLanguage\":\"en-US\",\"@id\":\"https:\/\/www.spacub.com\/spacubsl\/es\/product\/412-ua\/#primaryimage\",\"url\":\"https:\/\/www.spacub.com\/spacubsl\/wp-content\/uploads\/2019\/05\/412-UA.jpg\",\"contentUrl\":\"https:\/\/www.spacub.com\/spacubsl\/wp-content\/uploads\/2019\/05\/412-UA.jpg\",\"width\":640,\"height\":480},{\"@type\":\"BreadcrumbList\",\"@id\":\"https:\/\/www.spacub.com\/spacubsl\/es\/product\/412-ua\/#breadcrumb\",\"itemListElement\":[{\"@type\":\"ListItem\",\"position\":1,\"name\":\"Home\",\"item\":\"https:\/\/www.spacub.com\/spacubsl\/es\/\"},{\"@type\":\"ListItem\",\"position\":2,\"name\":\"Products\",\"item\":\"https:\/\/www.spacub.com\/spacubsl\/en\/shop\/\"},{\"@type\":\"ListItem\",\"position\":3,\"name\":\"412 UA\"}]},{\"@type\":\"WebSite\",\"@id\":\"https:\/\/www.spacub.com\/spacubsl\/#website\",\"url\":\"https:\/\/www.spacub.com\/spacubsl\/\",\"name\":\"SPACUB\",\"description\":\"... por tu seguridad\",\"potentialAction\":[{\"@type\":\"SearchAction\",\"target\":{\"@type\":\"EntryPoint\",\"urlTemplate\":\"https:\/\/www.spacub.com\/spacubsl\/?s={search_term_string}\"},\"query-input\":\"required name=search_term_string\"}],\"inLanguage\":\"en-US\"}]}<\/script>\n<!-- \/ Yoast SEO plugin. -->","yoast_head_json":{"title":"412 UA - SPACUB","robots":{"index":"index","follow":"follow","max-snippet":"max-snippet:-1","max-image-preview":"max-image-preview:large","max-video-preview":"max-video-preview:-1"},"canonical":"https:\/\/www.spacub.com\/spacubsl\/es\/product\/412-ua\/","og_locale":"en_US","og_type":"article","og_title":"412 UA - SPACUB","og_description":"Careta Soldador Ref. 412 UA Descripci\u00f3n: Careta de soldador con marco abatible. El armaz\u00f3n est\u00e1 fabricado en fibra vulcanizada, material muy ligero y con resistencia a la inflamaci\u00f3n. El sistema de sujeci\u00f3n es con arn\u00e9s con una banda de contorno y otra transversal que se pueden regular. El marco portaocular es abatible. El conjunto de oculares lo forman un antefiltro, un cubrefiltro y un ocular filtrante de cristal inact\u00ednico color negro y de espesor 2,6 mm, de dimensiones 110 x 55 mm. La pantalla se fabrica con un filtro de tono 12, aunque se dispone de una gama de tonos desde el 8 al 14. La pantalla es ideal para realizar cualquier proceso de soldadura, ofrece una perfecta protecci\u00f3n contra las radiaciones emitidas y contra la proyecci\u00f3n de part\u00edculas. Talla: \u00danica Color:\u00a0 Negro Normativa: EN 169. Filtros para soldadura y t\u00e9cnicas relacionadas. EN 175. Equipos para la protecci\u00f3n de los ojos y la cara durante la soldadura y t\u00e9cnicas afines.","og_url":"https:\/\/www.spacub.com\/spacubsl\/es\/product\/412-ua\/","og_site_name":"SPACUB","article_modified_time":"2019-09-08T01:40:28+00:00","og_image":[{"width":640,"height":480,"url":"https:\/\/www.spacub.com\/spacubsl\/wp-content\/uploads\/2019\/05\/412-UA.jpg","type":"image\/jpeg"}],"twitter_card":"summary_large_image","schema":{"@context":"https:\/\/schema.org","@graph":[{"@type":"WebPage","@id":"https:\/\/www.spacub.com\/spacubsl\/es\/product\/412-ua\/","url":"https:\/\/www.spacub.com\/spacubsl\/es\/product\/412-ua\/","name":"412 UA - SPACUB","isPartOf":{"@id":"https:\/\/www.spacub.com\/spacubsl\/#website"},"primaryImageOfPage":{"@id":"https:\/\/www.spacub.com\/spacubsl\/es\/product\/412-ua\/#primaryimage"},"image":{"@id":"https:\/\/www.spacub.com\/spacubsl\/es\/product\/412-ua\/#primaryimage"},"thumbnailUrl":"https:\/\/www.spacub.com\/spacubsl\/wp-content\/uploads\/2019\/05\/412-UA.jpg","datePublished":"2019-05-21T21:02:10+00:00","dateModified":"2019-09-08T01:40:28+00:00","breadcrumb":{"@id":"https:\/\/www.spacub.com\/spacubsl\/es\/product\/412-ua\/#breadcrumb"},"inLanguage":"en-US","potentialAction":[{"@type":"ReadAction","target":["https:\/\/www.spacub.com\/spacubsl\/es\/product\/412-ua\/"]}]},{"@type":"ImageObject","inLanguage":"en-US","@id":"https:\/\/www.spacub.com\/spacubsl\/es\/product\/412-ua\/#primaryimage","url":"https:\/\/www.spacub.com\/spacubsl\/wp-content\/uploads\/2019\/05\/412-UA.jpg","contentUrl":"https:\/\/www.spacub.com\/spacubsl\/wp-content\/uploads\/2019\/05\/412-UA.jpg","width":640,"height":480},{"@type":"BreadcrumbList","@id":"https:\/\/www.spacub.com\/spacubsl\/es\/product\/412-ua\/#breadcrumb","itemListElement":[{"@type":"ListItem","position":1,"name":"Home","item":"https:\/\/www.spacub.com\/spacubsl\/es\/"},{"@type":"ListItem","position":2,"name":"Products","item":"https:\/\/www.spacub.com\/spacubsl\/en\/shop\/"},{"@type":"ListItem","position":3,"name":"412 UA"}]},{"@type":"WebSite","@id":"https:\/\/www.spacub.com\/spacubsl\/#website","url":"https:\/\/www.spacub.com\/spacubsl\/","name":"SPACUB","description":"... por tu seguridad","potentialAction":[{"@type":"SearchAction","target":{"@type":"EntryPoint","urlTemplate":"https:\/\/www.spacub.com\/spacubsl\/?s={search_term_string}"},"query-input":"required name=search_term_string"}],"inLanguage":"en-US"}]}},"_links":{"self":[{"href":"https:\/\/www.spacub.com\/spacubsl\/wp-json\/wp\/v2\/product\/3152"}],"collection":[{"href":"https:\/\/www.spacub.com\/spacubsl\/wp-json\/wp\/v2\/product"}],"about":[{"href":"https:\/\/www.spacub.com\/spacubsl\/wp-json\/wp\/v2\/types\/product"}],"replies":[{"embeddable":true,"href":"https:\/\/www.spacub.com\/spacubsl\/wp-json\/wp\/v2\/comments?post=3152"}],"version-history":[{"count":0,"href":"https:\/\/www.spacub.com\/spacubsl\/wp-json\/wp\/v2\/product\/3152\/revisions"}],"wp:featuredmedia":[{"embeddable":true,"href":"https:\/\/www.spacub.com\/spacubsl\/wp-json\/wp\/v2\/media\/3153"}],"wp:attachment":[{"href":"https:\/\/www.spacub.com\/spacubsl\/wp-json\/wp\/v2\/media?parent=3152"}],"wp:term":[{"taxonomy":"product_cat","embeddable":true,"href":"https:\/\/www.spacub.com\/spacubsl\/wp-json\/wp\/v2\/product_cat?post=3152"},{"taxonomy":"product_tag","embeddable":true,"href":"https:\/\/www.spacub.com\/spacubsl\/wp-json\/wp\/v2\/product_tag?post=3152"}],"curies":[{"name":"wp","href":"https:\/\/api.w.org\/{rel}","templated":true}]}}