{"id":3036,"date":"2019-05-07T20:05:51","date_gmt":"2019-05-07T20:05:51","guid":{"rendered":"https:\/\/www.spacub.com\/spacubsl\/?post_type=product&#038;p=3036"},"modified":"2019-09-09T00:05:49","modified_gmt":"2019-09-09T00:05:49","slug":"tv-35-ta-35","status":"publish","type":"product","link":"https:\/\/www.spacub.com\/spacubsl\/es\/product\/tv-35-ta-35\/","title":{"rendered":"TV 35 \/ TA 35"},"content":{"rendered":"","protected":false},"excerpt":{"rendered":"<h2><strong>Conjunto Impermeable<\/strong><\/h2>\n<p><strong>Ref.<\/strong> TV 35 \/ TA 35<\/p>\n<p style=\"text-align: justify;\"><strong>Descripci\u00f3n:<\/strong> Conjunto impermeable compuesto por pantal\u00f3n y chaqueta. Composici\u00f3n PVC-Poli\u00e9ster-PVC. Chaqueta con capucha fija. Cierre de cremallera de platico y botones. Ventilaci\u00f3n dorsal en las axilas. Pu\u00f1o interior con el\u00e1stico. Pantal\u00f3n con goma el\u00e1stica en la cintura, abierto por delante. Costuras cosidas y selladas.<\/p>\n<p><strong>Talla:<\/strong> M \/ L \/ XL \/ XXL \/ XXXL<\/p>\n<p><strong>Color:\u00a0 <\/strong>Amarillo (TA)<\/p>\n<p>Verde (TV)<\/p>\n<p><strong>Normativa:<\/strong> Cat. I.<\/p>\n<p><a href=\"https:\/\/www.spacub.com\/spacubsl\/wp-content\/uploads\/2018\/08\/Fichas Tecnicas\/Vestuario\/TA y TV - CONJUNTO IMPERMEABLE PVC.pdf\" target=\"_blank\" rel=\"noopener noreferrer\"><img decoding=\"async\" class=\"wp-image-2544 size-full\" src=\"https:\/\/www.spacub.com\/spacubsl\/wp-content\/uploads\/2018\/08\/documents_icon_pdf-1.png\" alt=\"documents_icon_pdf\" width=\"80\" height=\"80\" \/><\/a><\/p>\n<p><a href=\"https:\/\/www.spacub.com\/spacubsl\/wp-content\/uploads\/2018\/08\/Fichas Tecnicas\/Vestuario\/TA y TV - CONJUNTO IMPERMEABLE PVC.pdf\" target=\"_blank\" rel=\"noopener noreferrer\">Ficha T\u00e9cnica<\/a><\/p>\n<p><a class=\"excerpt-more\" href=\"https:\/\/www.spacub.com\/spacubsl\/es\/product\/tv-35-ta-35\/\">Read More...<\/a><\/p>","protected":false},"featured_media":3037,"comment_status":"closed","ping_status":"closed","template":"","meta":[],"product_cat":[795],"product_tag":[],"yoast_head":"<!-- This site is optimized with the Yoast SEO plugin v22.7 - https:\/\/yoast.com\/wordpress\/plugins\/seo\/ -->\n<title>TV 35 \/ TA 35 - SPACUB<\/title>\n<meta name=\"robots\" content=\"index, follow, max-snippet:-1, max-image-preview:large, max-video-preview:-1\" \/>\n<link rel=\"canonical\" href=\"https:\/\/www.spacub.com\/spacubsl\/es\/product\/tv-35-ta-35\/\" \/>\n<meta property=\"og:locale\" content=\"en_US\" \/>\n<meta property=\"og:type\" content=\"article\" \/>\n<meta property=\"og:title\" content=\"TV 35 \/ TA 35 - SPACUB\" \/>\n<meta property=\"og:description\" content=\"Conjunto Impermeable Ref. TV 35 \/ TA 35 Descripci\u00f3n: Conjunto impermeable compuesto por pantal\u00f3n y chaqueta. Composici\u00f3n PVC-Poli\u00e9ster-PVC. Chaqueta con capucha fija. Cierre de cremallera de platico y botones. Ventilaci\u00f3n dorsal en las axilas. Pu\u00f1o interior con el\u00e1stico. Pantal\u00f3n con goma el\u00e1stica en la cintura, abierto por delante. Costuras cosidas y selladas. Talla: M \/ L \/ XL \/ XXL \/ XXXL  Color:\u00a0 Amarillo (TA)  Verde (TV)  Normativa: Cat. I.    Ficha T\u00e9cnica\" \/>\n<meta property=\"og:url\" content=\"https:\/\/www.spacub.com\/spacubsl\/es\/product\/tv-35-ta-35\/\" \/>\n<meta property=\"og:site_name\" content=\"SPACUB\" \/>\n<meta property=\"article:modified_time\" content=\"2019-09-09T00:05:49+00:00\" \/>\n<meta property=\"og:image\" content=\"https:\/\/www.spacub.com\/spacubsl\/wp-content\/uploads\/2019\/05\/TV-35.jpg\" \/>\n\t<meta property=\"og:image:width\" content=\"640\" \/>\n\t<meta property=\"og:image:height\" content=\"480\" \/>\n\t<meta property=\"og:image:type\" content=\"image\/jpeg\" \/>\n<meta name=\"twitter:card\" content=\"summary_large_image\" \/>\n<script type=\"application\/ld+json\" class=\"yoast-schema-graph\">{\"@context\":\"https:\/\/schema.org\",\"@graph\":[{\"@type\":\"WebPage\",\"@id\":\"https:\/\/www.spacub.com\/spacubsl\/es\/product\/tv-35-ta-35\/\",\"url\":\"https:\/\/www.spacub.com\/spacubsl\/es\/product\/tv-35-ta-35\/\",\"name\":\"TV 35 \/ TA 35 - SPACUB\",\"isPartOf\":{\"@id\":\"https:\/\/www.spacub.com\/spacubsl\/#website\"},\"primaryImageOfPage\":{\"@id\":\"https:\/\/www.spacub.com\/spacubsl\/es\/product\/tv-35-ta-35\/#primaryimage\"},\"image\":{\"@id\":\"https:\/\/www.spacub.com\/spacubsl\/es\/product\/tv-35-ta-35\/#primaryimage\"},\"thumbnailUrl\":\"https:\/\/www.spacub.com\/spacubsl\/wp-content\/uploads\/2019\/05\/TV-35.jpg\",\"datePublished\":\"2019-05-07T20:05:51+00:00\",\"dateModified\":\"2019-09-09T00:05:49+00:00\",\"breadcrumb\":{\"@id\":\"https:\/\/www.spacub.com\/spacubsl\/es\/product\/tv-35-ta-35\/#breadcrumb\"},\"inLanguage\":\"en-US\",\"potentialAction\":[{\"@type\":\"ReadAction\",\"target\":[\"https:\/\/www.spacub.com\/spacubsl\/es\/product\/tv-35-ta-35\/\"]}]},{\"@type\":\"ImageObject\",\"inLanguage\":\"en-US\",\"@id\":\"https:\/\/www.spacub.com\/spacubsl\/es\/product\/tv-35-ta-35\/#primaryimage\",\"url\":\"https:\/\/www.spacub.com\/spacubsl\/wp-content\/uploads\/2019\/05\/TV-35.jpg\",\"contentUrl\":\"https:\/\/www.spacub.com\/spacubsl\/wp-content\/uploads\/2019\/05\/TV-35.jpg\",\"width\":640,\"height\":480},{\"@type\":\"BreadcrumbList\",\"@id\":\"https:\/\/www.spacub.com\/spacubsl\/es\/product\/tv-35-ta-35\/#breadcrumb\",\"itemListElement\":[{\"@type\":\"ListItem\",\"position\":1,\"name\":\"Home\",\"item\":\"https:\/\/www.spacub.com\/spacubsl\/es\/\"},{\"@type\":\"ListItem\",\"position\":2,\"name\":\"Products\",\"item\":\"https:\/\/www.spacub.com\/spacubsl\/en\/shop\/\"},{\"@type\":\"ListItem\",\"position\":3,\"name\":\"TV 35 \/ TA 35\"}]},{\"@type\":\"WebSite\",\"@id\":\"https:\/\/www.spacub.com\/spacubsl\/#website\",\"url\":\"https:\/\/www.spacub.com\/spacubsl\/\",\"name\":\"SPACUB\",\"description\":\"... por tu seguridad\",\"potentialAction\":[{\"@type\":\"SearchAction\",\"target\":{\"@type\":\"EntryPoint\",\"urlTemplate\":\"https:\/\/www.spacub.com\/spacubsl\/?s={search_term_string}\"},\"query-input\":\"required name=search_term_string\"}],\"inLanguage\":\"en-US\"}]}<\/script>\n<!-- \/ Yoast SEO plugin. -->","yoast_head_json":{"title":"TV 35 \/ TA 35 - SPACUB","robots":{"index":"index","follow":"follow","max-snippet":"max-snippet:-1","max-image-preview":"max-image-preview:large","max-video-preview":"max-video-preview:-1"},"canonical":"https:\/\/www.spacub.com\/spacubsl\/es\/product\/tv-35-ta-35\/","og_locale":"en_US","og_type":"article","og_title":"TV 35 \/ TA 35 - SPACUB","og_description":"Conjunto Impermeable Ref. TV 35 \/ TA 35 Descripci\u00f3n: Conjunto impermeable compuesto por pantal\u00f3n y chaqueta. Composici\u00f3n PVC-Poli\u00e9ster-PVC. Chaqueta con capucha fija. Cierre de cremallera de platico y botones. Ventilaci\u00f3n dorsal en las axilas. Pu\u00f1o interior con el\u00e1stico. Pantal\u00f3n con goma el\u00e1stica en la cintura, abierto por delante. Costuras cosidas y selladas. Talla: M \/ L \/ XL \/ XXL \/ XXXL  Color:\u00a0 Amarillo (TA)  Verde (TV)  Normativa: Cat. I.    Ficha T\u00e9cnica","og_url":"https:\/\/www.spacub.com\/spacubsl\/es\/product\/tv-35-ta-35\/","og_site_name":"SPACUB","article_modified_time":"2019-09-09T00:05:49+00:00","og_image":[{"width":640,"height":480,"url":"https:\/\/www.spacub.com\/spacubsl\/wp-content\/uploads\/2019\/05\/TV-35.jpg","type":"image\/jpeg"}],"twitter_card":"summary_large_image","schema":{"@context":"https:\/\/schema.org","@graph":[{"@type":"WebPage","@id":"https:\/\/www.spacub.com\/spacubsl\/es\/product\/tv-35-ta-35\/","url":"https:\/\/www.spacub.com\/spacubsl\/es\/product\/tv-35-ta-35\/","name":"TV 35 \/ TA 35 - SPACUB","isPartOf":{"@id":"https:\/\/www.spacub.com\/spacubsl\/#website"},"primaryImageOfPage":{"@id":"https:\/\/www.spacub.com\/spacubsl\/es\/product\/tv-35-ta-35\/#primaryimage"},"image":{"@id":"https:\/\/www.spacub.com\/spacubsl\/es\/product\/tv-35-ta-35\/#primaryimage"},"thumbnailUrl":"https:\/\/www.spacub.com\/spacubsl\/wp-content\/uploads\/2019\/05\/TV-35.jpg","datePublished":"2019-05-07T20:05:51+00:00","dateModified":"2019-09-09T00:05:49+00:00","breadcrumb":{"@id":"https:\/\/www.spacub.com\/spacubsl\/es\/product\/tv-35-ta-35\/#breadcrumb"},"inLanguage":"en-US","potentialAction":[{"@type":"ReadAction","target":["https:\/\/www.spacub.com\/spacubsl\/es\/product\/tv-35-ta-35\/"]}]},{"@type":"ImageObject","inLanguage":"en-US","@id":"https:\/\/www.spacub.com\/spacubsl\/es\/product\/tv-35-ta-35\/#primaryimage","url":"https:\/\/www.spacub.com\/spacubsl\/wp-content\/uploads\/2019\/05\/TV-35.jpg","contentUrl":"https:\/\/www.spacub.com\/spacubsl\/wp-content\/uploads\/2019\/05\/TV-35.jpg","width":640,"height":480},{"@type":"BreadcrumbList","@id":"https:\/\/www.spacub.com\/spacubsl\/es\/product\/tv-35-ta-35\/#breadcrumb","itemListElement":[{"@type":"ListItem","position":1,"name":"Home","item":"https:\/\/www.spacub.com\/spacubsl\/es\/"},{"@type":"ListItem","position":2,"name":"Products","item":"https:\/\/www.spacub.com\/spacubsl\/en\/shop\/"},{"@type":"ListItem","position":3,"name":"TV 35 \/ TA 35"}]},{"@type":"WebSite","@id":"https:\/\/www.spacub.com\/spacubsl\/#website","url":"https:\/\/www.spacub.com\/spacubsl\/","name":"SPACUB","description":"... por tu seguridad","potentialAction":[{"@type":"SearchAction","target":{"@type":"EntryPoint","urlTemplate":"https:\/\/www.spacub.com\/spacubsl\/?s={search_term_string}"},"query-input":"required name=search_term_string"}],"inLanguage":"en-US"}]}},"_links":{"self":[{"href":"https:\/\/www.spacub.com\/spacubsl\/wp-json\/wp\/v2\/product\/3036"}],"collection":[{"href":"https:\/\/www.spacub.com\/spacubsl\/wp-json\/wp\/v2\/product"}],"about":[{"href":"https:\/\/www.spacub.com\/spacubsl\/wp-json\/wp\/v2\/types\/product"}],"replies":[{"embeddable":true,"href":"https:\/\/www.spacub.com\/spacubsl\/wp-json\/wp\/v2\/comments?post=3036"}],"version-history":[{"count":0,"href":"https:\/\/www.spacub.com\/spacubsl\/wp-json\/wp\/v2\/product\/3036\/revisions"}],"wp:featuredmedia":[{"embeddable":true,"href":"https:\/\/www.spacub.com\/spacubsl\/wp-json\/wp\/v2\/media\/3037"}],"wp:attachment":[{"href":"https:\/\/www.spacub.com\/spacubsl\/wp-json\/wp\/v2\/media?parent=3036"}],"wp:term":[{"taxonomy":"product_cat","embeddable":true,"href":"https:\/\/www.spacub.com\/spacubsl\/wp-json\/wp\/v2\/product_cat?post=3036"},{"taxonomy":"product_tag","embeddable":true,"href":"https:\/\/www.spacub.com\/spacubsl\/wp-json\/wp\/v2\/product_tag?post=3036"}],"curies":[{"name":"wp","href":"https:\/\/api.w.org\/{rel}","templated":true}]}}