{"id":2642,"date":"2018-12-24T02:24:37","date_gmt":"2018-12-24T02:24:37","guid":{"rendered":"https:\/\/www.spacub.com\/spacubsl\/?post_type=product&#038;p=2642"},"modified":"2019-09-12T02:17:36","modified_gmt":"2019-09-12T02:17:36","slug":"405-0-405-1","status":"publish","type":"product","link":"https:\/\/www.spacub.com\/spacubsl\/es\/product\/405-0-405-1\/","title":{"rendered":"405 0 \/ 405 1"},"content":{"rendered":"","protected":false},"excerpt":{"rendered":"<h2 style=\"text-align: justify;\"><strong>Bota \/ Zapato Piel Crazy Horse<\/strong><\/h2>\n<p><strong>Ref.<\/strong> 405 0 \/ 405 1<\/p>\n<p style=\"text-align: justify;\"><strong>Descripci\u00f3n:<\/strong> Calzado de piel crazy horse. Forro antibacteriano. Con casquillo de acero. Suela inyecci\u00f3n en PU, a prueba de aceite, antideslizante y antiest\u00e1tica. Tal\u00f3n a prueba de golpes.<\/p>\n<p style=\"text-align: justify;\">Disponible en: \u00a0 Bota (405 0) y\u00a0 Zapato (405 1)<\/p>\n<p style=\"text-align: justify;\"><strong>Talla:<\/strong> 36 \/ 37 \/ 38 \/ 39 \/ 40 \/ 41 \/ 42 \/ 43 \/ 44 \/ 45 \/ 46 \/ 47<\/p>\n<p style=\"text-align: justify;\"><strong>Color: \u00a0<\/strong>Marr\u00f3n<\/p>\n<p style=\"text-align: justify;\"><strong>Normativa:<\/strong> EN 345 S1P SRA. Calzado de Seguridad. Tal\u00f3n cerrado. Propiedades antiest\u00e1ticas. Absorci\u00f3n de energ\u00eda del tal\u00f3n. Resistencia a la perforaci\u00f3n. Resistencia al resbalamiento en baldosa cer\u00e1mica con detergente.<\/p>\n<p><a href=\"https:\/\/www.spacub.com\/spacubsl\/wp-content\/uploads\/2018\/08\/Fichas Tecnicas\/Calzado\/405 0 - BOTA PIEL CRAZY HORSE MARRON.pdf\" target=\"_blank\" rel=\"noopener noreferrer\"><img decoding=\"async\" class=\"wp-image-2544 size-full\" src=\"https:\/\/www.spacub.com\/spacubsl\/wp-content\/uploads\/2018\/08\/documents_icon_pdf-1.png\" alt=\"documents_icon_pdf\" width=\"80\" height=\"80\" \/><\/a><\/p>\n<p><a href=\"https:\/\/www.spacub.com\/spacubsl\/wp-content\/uploads\/2018\/08\/Fichas Tecnicas\/Calzado\/405 0 - BOTA PIEL CRAZY HORSE MARRON.pdf\" target=\"_blank\" rel=\"noopener noreferrer\">Ficha T\u00e9cnica<\/a><\/p>\n<p><a class=\"excerpt-more\" href=\"https:\/\/www.spacub.com\/spacubsl\/es\/product\/405-0-405-1\/\">Read More...<\/a><\/p>","protected":false},"featured_media":2757,"comment_status":"closed","ping_status":"closed","template":"","meta":[],"product_cat":[815],"product_tag":[],"yoast_head":"<!-- This site is optimized with the Yoast SEO plugin v22.7 - https:\/\/yoast.com\/wordpress\/plugins\/seo\/ -->\n<title>405 0 \/ 405 1 - SPACUB<\/title>\n<meta name=\"robots\" content=\"index, follow, max-snippet:-1, max-image-preview:large, max-video-preview:-1\" \/>\n<link rel=\"canonical\" href=\"https:\/\/www.spacub.com\/spacubsl\/es\/product\/405-0-405-1\/\" \/>\n<meta property=\"og:locale\" content=\"en_US\" \/>\n<meta property=\"og:type\" content=\"article\" \/>\n<meta property=\"og:title\" content=\"405 0 \/ 405 1 - SPACUB\" \/>\n<meta property=\"og:description\" content=\"Bota \/ Zapato Piel Crazy Horse Ref. 405 0 \/ 405 1 Descripci\u00f3n: Calzado de piel crazy horse. Forro antibacteriano. Con casquillo de acero. Suela inyecci\u00f3n en PU, a prueba de aceite, antideslizante y antiest\u00e1tica. Tal\u00f3n a prueba de golpes. Disponible en: \u00a0 Bota (405 0) y\u00a0 Zapato (405 1) Talla: 36 \/ 37 \/ 38 \/ 39 \/ 40 \/ 41 \/ 42 \/ 43 \/ 44 \/ 45 \/ 46 \/ 47 Color: \u00a0Marr\u00f3n Normativa: EN 345 S1P SRA. Calzado de Seguridad. Tal\u00f3n cerrado. Propiedades antiest\u00e1ticas. Absorci\u00f3n de energ\u00eda del tal\u00f3n. Resistencia a la perforaci\u00f3n. Resistencia al resbalamiento en baldosa cer\u00e1mica con detergente.   Ficha T\u00e9cnica\" \/>\n<meta property=\"og:url\" content=\"https:\/\/www.spacub.com\/spacubsl\/es\/product\/405-0-405-1\/\" \/>\n<meta property=\"og:site_name\" content=\"SPACUB\" \/>\n<meta property=\"article:modified_time\" content=\"2019-09-12T02:17:36+00:00\" \/>\n<meta property=\"og:image\" content=\"https:\/\/www.spacub.com\/spacubsl\/wp-content\/uploads\/2018\/12\/405-0.jpg\" \/>\n\t<meta property=\"og:image:width\" content=\"640\" \/>\n\t<meta property=\"og:image:height\" content=\"480\" \/>\n\t<meta property=\"og:image:type\" content=\"image\/jpeg\" \/>\n<meta name=\"twitter:card\" content=\"summary_large_image\" \/>\n<script type=\"application\/ld+json\" class=\"yoast-schema-graph\">{\"@context\":\"https:\/\/schema.org\",\"@graph\":[{\"@type\":\"WebPage\",\"@id\":\"https:\/\/www.spacub.com\/spacubsl\/es\/product\/405-0-405-1\/\",\"url\":\"https:\/\/www.spacub.com\/spacubsl\/es\/product\/405-0-405-1\/\",\"name\":\"405 0 \/ 405 1 - SPACUB\",\"isPartOf\":{\"@id\":\"https:\/\/www.spacub.com\/spacubsl\/#website\"},\"primaryImageOfPage\":{\"@id\":\"https:\/\/www.spacub.com\/spacubsl\/es\/product\/405-0-405-1\/#primaryimage\"},\"image\":{\"@id\":\"https:\/\/www.spacub.com\/spacubsl\/es\/product\/405-0-405-1\/#primaryimage\"},\"thumbnailUrl\":\"https:\/\/www.spacub.com\/spacubsl\/wp-content\/uploads\/2018\/12\/405-0.jpg\",\"datePublished\":\"2018-12-24T02:24:37+00:00\",\"dateModified\":\"2019-09-12T02:17:36+00:00\",\"breadcrumb\":{\"@id\":\"https:\/\/www.spacub.com\/spacubsl\/es\/product\/405-0-405-1\/#breadcrumb\"},\"inLanguage\":\"en-US\",\"potentialAction\":[{\"@type\":\"ReadAction\",\"target\":[\"https:\/\/www.spacub.com\/spacubsl\/es\/product\/405-0-405-1\/\"]}]},{\"@type\":\"ImageObject\",\"inLanguage\":\"en-US\",\"@id\":\"https:\/\/www.spacub.com\/spacubsl\/es\/product\/405-0-405-1\/#primaryimage\",\"url\":\"https:\/\/www.spacub.com\/spacubsl\/wp-content\/uploads\/2018\/12\/405-0.jpg\",\"contentUrl\":\"https:\/\/www.spacub.com\/spacubsl\/wp-content\/uploads\/2018\/12\/405-0.jpg\",\"width\":640,\"height\":480},{\"@type\":\"BreadcrumbList\",\"@id\":\"https:\/\/www.spacub.com\/spacubsl\/es\/product\/405-0-405-1\/#breadcrumb\",\"itemListElement\":[{\"@type\":\"ListItem\",\"position\":1,\"name\":\"Home\",\"item\":\"https:\/\/www.spacub.com\/spacubsl\/es\/\"},{\"@type\":\"ListItem\",\"position\":2,\"name\":\"Products\",\"item\":\"https:\/\/www.spacub.com\/spacubsl\/en\/shop\/\"},{\"@type\":\"ListItem\",\"position\":3,\"name\":\"405 0 \/ 405 1\"}]},{\"@type\":\"WebSite\",\"@id\":\"https:\/\/www.spacub.com\/spacubsl\/#website\",\"url\":\"https:\/\/www.spacub.com\/spacubsl\/\",\"name\":\"SPACUB\",\"description\":\"... por tu seguridad\",\"potentialAction\":[{\"@type\":\"SearchAction\",\"target\":{\"@type\":\"EntryPoint\",\"urlTemplate\":\"https:\/\/www.spacub.com\/spacubsl\/?s={search_term_string}\"},\"query-input\":\"required name=search_term_string\"}],\"inLanguage\":\"en-US\"}]}<\/script>\n<!-- \/ Yoast SEO plugin. -->","yoast_head_json":{"title":"405 0 \/ 405 1 - SPACUB","robots":{"index":"index","follow":"follow","max-snippet":"max-snippet:-1","max-image-preview":"max-image-preview:large","max-video-preview":"max-video-preview:-1"},"canonical":"https:\/\/www.spacub.com\/spacubsl\/es\/product\/405-0-405-1\/","og_locale":"en_US","og_type":"article","og_title":"405 0 \/ 405 1 - SPACUB","og_description":"Bota \/ Zapato Piel Crazy Horse Ref. 405 0 \/ 405 1 Descripci\u00f3n: Calzado de piel crazy horse. Forro antibacteriano. Con casquillo de acero. Suela inyecci\u00f3n en PU, a prueba de aceite, antideslizante y antiest\u00e1tica. Tal\u00f3n a prueba de golpes. Disponible en: \u00a0 Bota (405 0) y\u00a0 Zapato (405 1) Talla: 36 \/ 37 \/ 38 \/ 39 \/ 40 \/ 41 \/ 42 \/ 43 \/ 44 \/ 45 \/ 46 \/ 47 Color: \u00a0Marr\u00f3n Normativa: EN 345 S1P SRA. Calzado de Seguridad. Tal\u00f3n cerrado. Propiedades antiest\u00e1ticas. Absorci\u00f3n de energ\u00eda del tal\u00f3n. Resistencia a la perforaci\u00f3n. Resistencia al resbalamiento en baldosa cer\u00e1mica con detergente.   Ficha T\u00e9cnica","og_url":"https:\/\/www.spacub.com\/spacubsl\/es\/product\/405-0-405-1\/","og_site_name":"SPACUB","article_modified_time":"2019-09-12T02:17:36+00:00","og_image":[{"width":640,"height":480,"url":"https:\/\/www.spacub.com\/spacubsl\/wp-content\/uploads\/2018\/12\/405-0.jpg","type":"image\/jpeg"}],"twitter_card":"summary_large_image","schema":{"@context":"https:\/\/schema.org","@graph":[{"@type":"WebPage","@id":"https:\/\/www.spacub.com\/spacubsl\/es\/product\/405-0-405-1\/","url":"https:\/\/www.spacub.com\/spacubsl\/es\/product\/405-0-405-1\/","name":"405 0 \/ 405 1 - SPACUB","isPartOf":{"@id":"https:\/\/www.spacub.com\/spacubsl\/#website"},"primaryImageOfPage":{"@id":"https:\/\/www.spacub.com\/spacubsl\/es\/product\/405-0-405-1\/#primaryimage"},"image":{"@id":"https:\/\/www.spacub.com\/spacubsl\/es\/product\/405-0-405-1\/#primaryimage"},"thumbnailUrl":"https:\/\/www.spacub.com\/spacubsl\/wp-content\/uploads\/2018\/12\/405-0.jpg","datePublished":"2018-12-24T02:24:37+00:00","dateModified":"2019-09-12T02:17:36+00:00","breadcrumb":{"@id":"https:\/\/www.spacub.com\/spacubsl\/es\/product\/405-0-405-1\/#breadcrumb"},"inLanguage":"en-US","potentialAction":[{"@type":"ReadAction","target":["https:\/\/www.spacub.com\/spacubsl\/es\/product\/405-0-405-1\/"]}]},{"@type":"ImageObject","inLanguage":"en-US","@id":"https:\/\/www.spacub.com\/spacubsl\/es\/product\/405-0-405-1\/#primaryimage","url":"https:\/\/www.spacub.com\/spacubsl\/wp-content\/uploads\/2018\/12\/405-0.jpg","contentUrl":"https:\/\/www.spacub.com\/spacubsl\/wp-content\/uploads\/2018\/12\/405-0.jpg","width":640,"height":480},{"@type":"BreadcrumbList","@id":"https:\/\/www.spacub.com\/spacubsl\/es\/product\/405-0-405-1\/#breadcrumb","itemListElement":[{"@type":"ListItem","position":1,"name":"Home","item":"https:\/\/www.spacub.com\/spacubsl\/es\/"},{"@type":"ListItem","position":2,"name":"Products","item":"https:\/\/www.spacub.com\/spacubsl\/en\/shop\/"},{"@type":"ListItem","position":3,"name":"405 0 \/ 405 1"}]},{"@type":"WebSite","@id":"https:\/\/www.spacub.com\/spacubsl\/#website","url":"https:\/\/www.spacub.com\/spacubsl\/","name":"SPACUB","description":"... por tu seguridad","potentialAction":[{"@type":"SearchAction","target":{"@type":"EntryPoint","urlTemplate":"https:\/\/www.spacub.com\/spacubsl\/?s={search_term_string}"},"query-input":"required name=search_term_string"}],"inLanguage":"en-US"}]}},"_links":{"self":[{"href":"https:\/\/www.spacub.com\/spacubsl\/wp-json\/wp\/v2\/product\/2642"}],"collection":[{"href":"https:\/\/www.spacub.com\/spacubsl\/wp-json\/wp\/v2\/product"}],"about":[{"href":"https:\/\/www.spacub.com\/spacubsl\/wp-json\/wp\/v2\/types\/product"}],"replies":[{"embeddable":true,"href":"https:\/\/www.spacub.com\/spacubsl\/wp-json\/wp\/v2\/comments?post=2642"}],"version-history":[{"count":0,"href":"https:\/\/www.spacub.com\/spacubsl\/wp-json\/wp\/v2\/product\/2642\/revisions"}],"wp:featuredmedia":[{"embeddable":true,"href":"https:\/\/www.spacub.com\/spacubsl\/wp-json\/wp\/v2\/media\/2757"}],"wp:attachment":[{"href":"https:\/\/www.spacub.com\/spacubsl\/wp-json\/wp\/v2\/media?parent=2642"}],"wp:term":[{"taxonomy":"product_cat","embeddable":true,"href":"https:\/\/www.spacub.com\/spacubsl\/wp-json\/wp\/v2\/product_cat?post=2642"},{"taxonomy":"product_tag","embeddable":true,"href":"https:\/\/www.spacub.com\/spacubsl\/wp-json\/wp\/v2\/product_tag?post=2642"}],"curies":[{"name":"wp","href":"https:\/\/api.w.org\/{rel}","templated":true}]}}