{"id":2620,"date":"2018-12-12T03:16:14","date_gmt":"2018-12-12T03:16:14","guid":{"rendered":"https:\/\/www.spacub.com\/spacubsl\/?post_type=product&#038;p=2620"},"modified":"2020-01-06T01:07:23","modified_gmt":"2020-01-06T01:07:23","slug":"saf-417-2","status":"publish","type":"product","link":"https:\/\/www.spacub.com\/spacubsl\/es\/product\/saf-417-2\/","title":{"rendered":"SAF 417MN \/ SAF 416MZN"},"content":{"rendered":"","protected":false},"excerpt":{"rendered":"<h2 style=\"text-align: left;\"><strong>Bota \/ Zapato Microfibra Negro <\/strong><\/h2>\n<p style=\"text-align: left;\"><strong>Ref.<\/strong> SAF 417MN \/ SAF 416MZN<\/p>\n<p style=\"text-align: justify;\"><strong>Descripci\u00f3n:<\/strong> Calzado en microfibra. Puntera de material compuesto. Lamina antiperforacci\u00f3n textil. Forro antibacteriano. Suela en bidensidad, a prueba de aceite, antideslizante y antiest\u00e1tica. Tal\u00f3n a prueba de golpes.<\/p>\n<p style=\"text-align: left;\">Disponible en:\u00a0\u00a0 Bota (SAF 417MN)<\/p>\n<p style=\"text-align: left;\">\u00a0\u00a0\u00a0\u00a0\u00a0\u00a0\u00a0\u00a0\u00a0\u00a0\u00a0\u00a0\u00a0\u00a0\u00a0\u00a0\u00a0\u00a0\u00a0\u00a0\u00a0\u00a0\u00a0 Zapato (SAF 416ZN)<\/p>\n<p style=\"text-align: left;\"><strong>Talla:<\/strong> 36 \/ 37 \/ 38 \/ 39 \/ 40 \/ 41 \/ 42 \/ 43 \/ 44 \/ 45 \/ 46 \/ 47<\/p>\n<p style=\"text-align: left;\"><strong>Color: \u00a0<\/strong>Negro<\/p>\n<p style=\"text-align: justify;\"><strong>Normativa:<\/strong> EN 345 S3. Calzado de Seguridad. Tal\u00f3n cerrado. Propiedades antiest\u00e1ticas. Absorci\u00f3n de energ\u00eda del tal\u00f3n. Resistencia a la penetraci\u00f3n y absorci\u00f3n de agua. Suela resistente a la perforaci\u00f3n. Suela con resaltes.<\/p>\n<p><a class=\"excerpt-more\" href=\"https:\/\/www.spacub.com\/spacubsl\/es\/product\/saf-417-2\/\">Read More...<\/a><\/p>","protected":false},"featured_media":2771,"comment_status":"closed","ping_status":"closed","template":"","meta":[],"product_cat":[815],"product_tag":[],"yoast_head":"<!-- This site is optimized with the Yoast SEO plugin v22.7 - https:\/\/yoast.com\/wordpress\/plugins\/seo\/ -->\n<title>SAF 417MN \/ SAF 416MZN - SPACUB<\/title>\n<meta name=\"robots\" content=\"index, follow, max-snippet:-1, max-image-preview:large, max-video-preview:-1\" \/>\n<link rel=\"canonical\" href=\"https:\/\/www.spacub.com\/spacubsl\/es\/product\/saf-417-2\/\" \/>\n<meta property=\"og:locale\" content=\"en_US\" \/>\n<meta property=\"og:type\" content=\"article\" \/>\n<meta property=\"og:title\" content=\"SAF 417MN \/ SAF 416MZN - SPACUB\" \/>\n<meta property=\"og:description\" content=\"Bota \/ Zapato Microfibra Negro  Ref. SAF 417MN \/ SAF 416MZN Descripci\u00f3n: Calzado en microfibra. Puntera de material compuesto. Lamina antiperforacci\u00f3n textil. Forro antibacteriano. Suela en bidensidad, a prueba de aceite, antideslizante y antiest\u00e1tica. Tal\u00f3n a prueba de golpes. Disponible en:\u00a0\u00a0 Bota (SAF 417MN) \u00a0\u00a0\u00a0\u00a0\u00a0\u00a0\u00a0\u00a0\u00a0\u00a0\u00a0\u00a0\u00a0\u00a0\u00a0\u00a0\u00a0\u00a0\u00a0\u00a0\u00a0\u00a0\u00a0 Zapato (SAF 416ZN) Talla: 36 \/ 37 \/ 38 \/ 39 \/ 40 \/ 41 \/ 42 \/ 43 \/ 44 \/ 45 \/ 46 \/ 47 Color: \u00a0Negro Normativa: EN 345 S3. Calzado de Seguridad. Tal\u00f3n cerrado. Propiedades antiest\u00e1ticas. Absorci\u00f3n de energ\u00eda del tal\u00f3n. Resistencia a la penetraci\u00f3n y absorci\u00f3n de agua. Suela resistente a la perforaci\u00f3n. Suela con resaltes.\" \/>\n<meta property=\"og:url\" content=\"https:\/\/www.spacub.com\/spacubsl\/es\/product\/saf-417-2\/\" \/>\n<meta property=\"og:site_name\" content=\"SPACUB\" \/>\n<meta property=\"article:modified_time\" content=\"2020-01-06T01:07:23+00:00\" \/>\n<meta property=\"og:image\" content=\"https:\/\/www.spacub.com\/spacubsl\/wp-content\/uploads\/2018\/12\/SAF-417-2-1.jpg\" \/>\n\t<meta property=\"og:image:width\" content=\"640\" \/>\n\t<meta property=\"og:image:height\" content=\"480\" \/>\n\t<meta property=\"og:image:type\" content=\"image\/jpeg\" \/>\n<meta name=\"twitter:card\" content=\"summary_large_image\" \/>\n<script type=\"application\/ld+json\" class=\"yoast-schema-graph\">{\"@context\":\"https:\/\/schema.org\",\"@graph\":[{\"@type\":\"WebPage\",\"@id\":\"https:\/\/www.spacub.com\/spacubsl\/es\/product\/saf-417-2\/\",\"url\":\"https:\/\/www.spacub.com\/spacubsl\/es\/product\/saf-417-2\/\",\"name\":\"SAF 417MN \/ SAF 416MZN - SPACUB\",\"isPartOf\":{\"@id\":\"https:\/\/www.spacub.com\/spacubsl\/#website\"},\"primaryImageOfPage\":{\"@id\":\"https:\/\/www.spacub.com\/spacubsl\/es\/product\/saf-417-2\/#primaryimage\"},\"image\":{\"@id\":\"https:\/\/www.spacub.com\/spacubsl\/es\/product\/saf-417-2\/#primaryimage\"},\"thumbnailUrl\":\"https:\/\/www.spacub.com\/spacubsl\/wp-content\/uploads\/2018\/12\/SAF-417-2-1.jpg\",\"datePublished\":\"2018-12-12T03:16:14+00:00\",\"dateModified\":\"2020-01-06T01:07:23+00:00\",\"breadcrumb\":{\"@id\":\"https:\/\/www.spacub.com\/spacubsl\/es\/product\/saf-417-2\/#breadcrumb\"},\"inLanguage\":\"en-US\",\"potentialAction\":[{\"@type\":\"ReadAction\",\"target\":[\"https:\/\/www.spacub.com\/spacubsl\/es\/product\/saf-417-2\/\"]}]},{\"@type\":\"ImageObject\",\"inLanguage\":\"en-US\",\"@id\":\"https:\/\/www.spacub.com\/spacubsl\/es\/product\/saf-417-2\/#primaryimage\",\"url\":\"https:\/\/www.spacub.com\/spacubsl\/wp-content\/uploads\/2018\/12\/SAF-417-2-1.jpg\",\"contentUrl\":\"https:\/\/www.spacub.com\/spacubsl\/wp-content\/uploads\/2018\/12\/SAF-417-2-1.jpg\",\"width\":640,\"height\":480},{\"@type\":\"BreadcrumbList\",\"@id\":\"https:\/\/www.spacub.com\/spacubsl\/es\/product\/saf-417-2\/#breadcrumb\",\"itemListElement\":[{\"@type\":\"ListItem\",\"position\":1,\"name\":\"Home\",\"item\":\"https:\/\/www.spacub.com\/spacubsl\/es\/\"},{\"@type\":\"ListItem\",\"position\":2,\"name\":\"Products\",\"item\":\"https:\/\/www.spacub.com\/spacubsl\/en\/shop\/\"},{\"@type\":\"ListItem\",\"position\":3,\"name\":\"SAF 417MN \/ SAF 416MZN\"}]},{\"@type\":\"WebSite\",\"@id\":\"https:\/\/www.spacub.com\/spacubsl\/#website\",\"url\":\"https:\/\/www.spacub.com\/spacubsl\/\",\"name\":\"SPACUB\",\"description\":\"... por tu seguridad\",\"potentialAction\":[{\"@type\":\"SearchAction\",\"target\":{\"@type\":\"EntryPoint\",\"urlTemplate\":\"https:\/\/www.spacub.com\/spacubsl\/?s={search_term_string}\"},\"query-input\":\"required name=search_term_string\"}],\"inLanguage\":\"en-US\"}]}<\/script>\n<!-- \/ Yoast SEO plugin. -->","yoast_head_json":{"title":"SAF 417MN \/ SAF 416MZN - SPACUB","robots":{"index":"index","follow":"follow","max-snippet":"max-snippet:-1","max-image-preview":"max-image-preview:large","max-video-preview":"max-video-preview:-1"},"canonical":"https:\/\/www.spacub.com\/spacubsl\/es\/product\/saf-417-2\/","og_locale":"en_US","og_type":"article","og_title":"SAF 417MN \/ SAF 416MZN - SPACUB","og_description":"Bota \/ Zapato Microfibra Negro  Ref. SAF 417MN \/ SAF 416MZN Descripci\u00f3n: Calzado en microfibra. Puntera de material compuesto. Lamina antiperforacci\u00f3n textil. Forro antibacteriano. Suela en bidensidad, a prueba de aceite, antideslizante y antiest\u00e1tica. Tal\u00f3n a prueba de golpes. Disponible en:\u00a0\u00a0 Bota (SAF 417MN) \u00a0\u00a0\u00a0\u00a0\u00a0\u00a0\u00a0\u00a0\u00a0\u00a0\u00a0\u00a0\u00a0\u00a0\u00a0\u00a0\u00a0\u00a0\u00a0\u00a0\u00a0\u00a0\u00a0 Zapato (SAF 416ZN) Talla: 36 \/ 37 \/ 38 \/ 39 \/ 40 \/ 41 \/ 42 \/ 43 \/ 44 \/ 45 \/ 46 \/ 47 Color: \u00a0Negro Normativa: EN 345 S3. Calzado de Seguridad. Tal\u00f3n cerrado. Propiedades antiest\u00e1ticas. Absorci\u00f3n de energ\u00eda del tal\u00f3n. Resistencia a la penetraci\u00f3n y absorci\u00f3n de agua. Suela resistente a la perforaci\u00f3n. Suela con resaltes.","og_url":"https:\/\/www.spacub.com\/spacubsl\/es\/product\/saf-417-2\/","og_site_name":"SPACUB","article_modified_time":"2020-01-06T01:07:23+00:00","og_image":[{"width":640,"height":480,"url":"https:\/\/www.spacub.com\/spacubsl\/wp-content\/uploads\/2018\/12\/SAF-417-2-1.jpg","type":"image\/jpeg"}],"twitter_card":"summary_large_image","schema":{"@context":"https:\/\/schema.org","@graph":[{"@type":"WebPage","@id":"https:\/\/www.spacub.com\/spacubsl\/es\/product\/saf-417-2\/","url":"https:\/\/www.spacub.com\/spacubsl\/es\/product\/saf-417-2\/","name":"SAF 417MN \/ SAF 416MZN - SPACUB","isPartOf":{"@id":"https:\/\/www.spacub.com\/spacubsl\/#website"},"primaryImageOfPage":{"@id":"https:\/\/www.spacub.com\/spacubsl\/es\/product\/saf-417-2\/#primaryimage"},"image":{"@id":"https:\/\/www.spacub.com\/spacubsl\/es\/product\/saf-417-2\/#primaryimage"},"thumbnailUrl":"https:\/\/www.spacub.com\/spacubsl\/wp-content\/uploads\/2018\/12\/SAF-417-2-1.jpg","datePublished":"2018-12-12T03:16:14+00:00","dateModified":"2020-01-06T01:07:23+00:00","breadcrumb":{"@id":"https:\/\/www.spacub.com\/spacubsl\/es\/product\/saf-417-2\/#breadcrumb"},"inLanguage":"en-US","potentialAction":[{"@type":"ReadAction","target":["https:\/\/www.spacub.com\/spacubsl\/es\/product\/saf-417-2\/"]}]},{"@type":"ImageObject","inLanguage":"en-US","@id":"https:\/\/www.spacub.com\/spacubsl\/es\/product\/saf-417-2\/#primaryimage","url":"https:\/\/www.spacub.com\/spacubsl\/wp-content\/uploads\/2018\/12\/SAF-417-2-1.jpg","contentUrl":"https:\/\/www.spacub.com\/spacubsl\/wp-content\/uploads\/2018\/12\/SAF-417-2-1.jpg","width":640,"height":480},{"@type":"BreadcrumbList","@id":"https:\/\/www.spacub.com\/spacubsl\/es\/product\/saf-417-2\/#breadcrumb","itemListElement":[{"@type":"ListItem","position":1,"name":"Home","item":"https:\/\/www.spacub.com\/spacubsl\/es\/"},{"@type":"ListItem","position":2,"name":"Products","item":"https:\/\/www.spacub.com\/spacubsl\/en\/shop\/"},{"@type":"ListItem","position":3,"name":"SAF 417MN \/ SAF 416MZN"}]},{"@type":"WebSite","@id":"https:\/\/www.spacub.com\/spacubsl\/#website","url":"https:\/\/www.spacub.com\/spacubsl\/","name":"SPACUB","description":"... por tu seguridad","potentialAction":[{"@type":"SearchAction","target":{"@type":"EntryPoint","urlTemplate":"https:\/\/www.spacub.com\/spacubsl\/?s={search_term_string}"},"query-input":"required name=search_term_string"}],"inLanguage":"en-US"}]}},"_links":{"self":[{"href":"https:\/\/www.spacub.com\/spacubsl\/wp-json\/wp\/v2\/product\/2620"}],"collection":[{"href":"https:\/\/www.spacub.com\/spacubsl\/wp-json\/wp\/v2\/product"}],"about":[{"href":"https:\/\/www.spacub.com\/spacubsl\/wp-json\/wp\/v2\/types\/product"}],"replies":[{"embeddable":true,"href":"https:\/\/www.spacub.com\/spacubsl\/wp-json\/wp\/v2\/comments?post=2620"}],"version-history":[{"count":0,"href":"https:\/\/www.spacub.com\/spacubsl\/wp-json\/wp\/v2\/product\/2620\/revisions"}],"wp:featuredmedia":[{"embeddable":true,"href":"https:\/\/www.spacub.com\/spacubsl\/wp-json\/wp\/v2\/media\/2771"}],"wp:attachment":[{"href":"https:\/\/www.spacub.com\/spacubsl\/wp-json\/wp\/v2\/media?parent=2620"}],"wp:term":[{"taxonomy":"product_cat","embeddable":true,"href":"https:\/\/www.spacub.com\/spacubsl\/wp-json\/wp\/v2\/product_cat?post=2620"},{"taxonomy":"product_tag","embeddable":true,"href":"https:\/\/www.spacub.com\/spacubsl\/wp-json\/wp\/v2\/product_tag?post=2620"}],"curies":[{"name":"wp","href":"https:\/\/api.w.org\/{rel}","templated":true}]}}