{"id":2444,"date":"2018-07-28T02:29:27","date_gmt":"2018-07-28T02:29:27","guid":{"rendered":"https:\/\/www.spacub.com\/spacubsl\/?post_type=product&#038;p=2444"},"modified":"2020-01-25T03:37:52","modified_gmt":"2020-01-25T03:37:52","slug":"ciclo","status":"publish","type":"product","link":"https:\/\/www.spacub.com\/spacubsl\/es\/product\/ciclo\/","title":{"rendered":"CICLO"},"content":{"rendered":"","protected":false},"excerpt":{"rendered":"<h2><strong>Casco para moto<\/strong><\/h2>\n<p><strong>Ref.<\/strong> CICLO<\/p>\n<p style=\"text-align: justify;\"><strong>Descripci\u00f3n:<\/strong> Casco para moto. Calota inyectada de ABS. Relleno de poliestireno expandido. Material de confort del relleno interior de poli\u00e9ster con un acabado antibacteriano. Sistema de retenci\u00f3n formado por una cinta de polipropileno y cierre de tipo enganche r\u00e1pido.<\/p>\n<p style=\"text-align: left;\"><strong>Talla:<\/strong> M \/ L \/ XL<\/p>\n<p style=\"text-align: left;\"><strong>Color:\u00a0 <\/strong>Negro<\/p>\n<p style=\"text-align: left;\"><strong>Normativa:<\/strong> UNE 26\/428. Casco Homologado.<\/p>\n<p><a href=\"https:\/\/www.spacub.com\/spacubsl\/wp-content\/uploads\/2018\/08\/Fichas Tecnicas\/Craneal\/CICLO.pdf\" target=\"_blank\" rel=\"noopener noreferrer\"><img decoding=\"async\" class=\"wp-image-2544 size-full\" src=\"https:\/\/www.spacub.com\/spacubsl\/wp-content\/uploads\/2018\/08\/documents_icon_pdf-1.png\" alt=\"documents_icon_pdf\" width=\"80\" height=\"80\" \/><\/a><\/p>\n<p><a href=\"https:\/\/www.spacub.com\/spacubsl\/wp-content\/uploads\/2018\/08\/Fichas Tecnicas\/Craneal\/CICLO.pdf\" target=\"_blank\" rel=\"noopener noreferrer\">Ficha T\u00e9cnica<\/a><\/p>\n<p><a class=\"excerpt-more\" href=\"https:\/\/www.spacub.com\/spacubsl\/es\/product\/ciclo\/\">Read More...<\/a><\/p>","protected":false},"featured_media":3132,"comment_status":"closed","ping_status":"closed","template":"","meta":[],"product_cat":[767],"product_tag":[],"yoast_head":"<!-- This site is optimized with the Yoast SEO plugin v22.7 - https:\/\/yoast.com\/wordpress\/plugins\/seo\/ -->\n<title>CICLO - SPACUB<\/title>\n<meta name=\"robots\" content=\"index, follow, max-snippet:-1, max-image-preview:large, max-video-preview:-1\" \/>\n<link rel=\"canonical\" href=\"https:\/\/www.spacub.com\/spacubsl\/es\/product\/ciclo\/\" \/>\n<meta property=\"og:locale\" content=\"en_US\" \/>\n<meta property=\"og:type\" content=\"article\" \/>\n<meta property=\"og:title\" content=\"CICLO - SPACUB\" \/>\n<meta property=\"og:description\" content=\"Casco para moto Ref. CICLO Descripci\u00f3n: Casco para moto. Calota inyectada de ABS. Relleno de poliestireno expandido. Material de confort del relleno interior de poli\u00e9ster con un acabado antibacteriano. Sistema de retenci\u00f3n formado por una cinta de polipropileno y cierre de tipo enganche r\u00e1pido. Talla: M \/ L \/ XL Color:\u00a0 Negro Normativa: UNE 26\/428. Casco Homologado.   Ficha T\u00e9cnica\" \/>\n<meta property=\"og:url\" content=\"https:\/\/www.spacub.com\/spacubsl\/es\/product\/ciclo\/\" \/>\n<meta property=\"og:site_name\" content=\"SPACUB\" \/>\n<meta property=\"article:modified_time\" content=\"2020-01-25T03:37:52+00:00\" \/>\n<meta property=\"og:image\" content=\"https:\/\/www.spacub.com\/spacubsl\/wp-content\/uploads\/2018\/07\/CICLO-2-e1579923451397.jpg\" \/>\n\t<meta property=\"og:image:width\" content=\"640\" \/>\n\t<meta property=\"og:image:height\" content=\"480\" \/>\n\t<meta property=\"og:image:type\" content=\"image\/jpeg\" \/>\n<meta name=\"twitter:card\" content=\"summary_large_image\" \/>\n<script type=\"application\/ld+json\" class=\"yoast-schema-graph\">{\"@context\":\"https:\/\/schema.org\",\"@graph\":[{\"@type\":\"WebPage\",\"@id\":\"https:\/\/www.spacub.com\/spacubsl\/es\/product\/ciclo\/\",\"url\":\"https:\/\/www.spacub.com\/spacubsl\/es\/product\/ciclo\/\",\"name\":\"CICLO - SPACUB\",\"isPartOf\":{\"@id\":\"https:\/\/www.spacub.com\/spacubsl\/#website\"},\"primaryImageOfPage\":{\"@id\":\"https:\/\/www.spacub.com\/spacubsl\/es\/product\/ciclo\/#primaryimage\"},\"image\":{\"@id\":\"https:\/\/www.spacub.com\/spacubsl\/es\/product\/ciclo\/#primaryimage\"},\"thumbnailUrl\":\"https:\/\/www.spacub.com\/spacubsl\/wp-content\/uploads\/2018\/07\/CICLO-2-e1579923451397.jpg\",\"datePublished\":\"2018-07-28T02:29:27+00:00\",\"dateModified\":\"2020-01-25T03:37:52+00:00\",\"breadcrumb\":{\"@id\":\"https:\/\/www.spacub.com\/spacubsl\/es\/product\/ciclo\/#breadcrumb\"},\"inLanguage\":\"en-US\",\"potentialAction\":[{\"@type\":\"ReadAction\",\"target\":[\"https:\/\/www.spacub.com\/spacubsl\/es\/product\/ciclo\/\"]}]},{\"@type\":\"ImageObject\",\"inLanguage\":\"en-US\",\"@id\":\"https:\/\/www.spacub.com\/spacubsl\/es\/product\/ciclo\/#primaryimage\",\"url\":\"https:\/\/www.spacub.com\/spacubsl\/wp-content\/uploads\/2018\/07\/CICLO-2-e1579923451397.jpg\",\"contentUrl\":\"https:\/\/www.spacub.com\/spacubsl\/wp-content\/uploads\/2018\/07\/CICLO-2-e1579923451397.jpg\",\"width\":640,\"height\":480},{\"@type\":\"BreadcrumbList\",\"@id\":\"https:\/\/www.spacub.com\/spacubsl\/es\/product\/ciclo\/#breadcrumb\",\"itemListElement\":[{\"@type\":\"ListItem\",\"position\":1,\"name\":\"Home\",\"item\":\"https:\/\/www.spacub.com\/spacubsl\/es\/\"},{\"@type\":\"ListItem\",\"position\":2,\"name\":\"Products\",\"item\":\"https:\/\/www.spacub.com\/spacubsl\/en\/shop\/\"},{\"@type\":\"ListItem\",\"position\":3,\"name\":\"CICLO\"}]},{\"@type\":\"WebSite\",\"@id\":\"https:\/\/www.spacub.com\/spacubsl\/#website\",\"url\":\"https:\/\/www.spacub.com\/spacubsl\/\",\"name\":\"SPACUB\",\"description\":\"... por tu seguridad\",\"potentialAction\":[{\"@type\":\"SearchAction\",\"target\":{\"@type\":\"EntryPoint\",\"urlTemplate\":\"https:\/\/www.spacub.com\/spacubsl\/?s={search_term_string}\"},\"query-input\":\"required name=search_term_string\"}],\"inLanguage\":\"en-US\"}]}<\/script>\n<!-- \/ Yoast SEO plugin. -->","yoast_head_json":{"title":"CICLO - SPACUB","robots":{"index":"index","follow":"follow","max-snippet":"max-snippet:-1","max-image-preview":"max-image-preview:large","max-video-preview":"max-video-preview:-1"},"canonical":"https:\/\/www.spacub.com\/spacubsl\/es\/product\/ciclo\/","og_locale":"en_US","og_type":"article","og_title":"CICLO - SPACUB","og_description":"Casco para moto Ref. CICLO Descripci\u00f3n: Casco para moto. Calota inyectada de ABS. Relleno de poliestireno expandido. Material de confort del relleno interior de poli\u00e9ster con un acabado antibacteriano. Sistema de retenci\u00f3n formado por una cinta de polipropileno y cierre de tipo enganche r\u00e1pido. Talla: M \/ L \/ XL Color:\u00a0 Negro Normativa: UNE 26\/428. Casco Homologado.   Ficha T\u00e9cnica","og_url":"https:\/\/www.spacub.com\/spacubsl\/es\/product\/ciclo\/","og_site_name":"SPACUB","article_modified_time":"2020-01-25T03:37:52+00:00","og_image":[{"width":640,"height":480,"url":"https:\/\/www.spacub.com\/spacubsl\/wp-content\/uploads\/2018\/07\/CICLO-2-e1579923451397.jpg","type":"image\/jpeg"}],"twitter_card":"summary_large_image","schema":{"@context":"https:\/\/schema.org","@graph":[{"@type":"WebPage","@id":"https:\/\/www.spacub.com\/spacubsl\/es\/product\/ciclo\/","url":"https:\/\/www.spacub.com\/spacubsl\/es\/product\/ciclo\/","name":"CICLO - SPACUB","isPartOf":{"@id":"https:\/\/www.spacub.com\/spacubsl\/#website"},"primaryImageOfPage":{"@id":"https:\/\/www.spacub.com\/spacubsl\/es\/product\/ciclo\/#primaryimage"},"image":{"@id":"https:\/\/www.spacub.com\/spacubsl\/es\/product\/ciclo\/#primaryimage"},"thumbnailUrl":"https:\/\/www.spacub.com\/spacubsl\/wp-content\/uploads\/2018\/07\/CICLO-2-e1579923451397.jpg","datePublished":"2018-07-28T02:29:27+00:00","dateModified":"2020-01-25T03:37:52+00:00","breadcrumb":{"@id":"https:\/\/www.spacub.com\/spacubsl\/es\/product\/ciclo\/#breadcrumb"},"inLanguage":"en-US","potentialAction":[{"@type":"ReadAction","target":["https:\/\/www.spacub.com\/spacubsl\/es\/product\/ciclo\/"]}]},{"@type":"ImageObject","inLanguage":"en-US","@id":"https:\/\/www.spacub.com\/spacubsl\/es\/product\/ciclo\/#primaryimage","url":"https:\/\/www.spacub.com\/spacubsl\/wp-content\/uploads\/2018\/07\/CICLO-2-e1579923451397.jpg","contentUrl":"https:\/\/www.spacub.com\/spacubsl\/wp-content\/uploads\/2018\/07\/CICLO-2-e1579923451397.jpg","width":640,"height":480},{"@type":"BreadcrumbList","@id":"https:\/\/www.spacub.com\/spacubsl\/es\/product\/ciclo\/#breadcrumb","itemListElement":[{"@type":"ListItem","position":1,"name":"Home","item":"https:\/\/www.spacub.com\/spacubsl\/es\/"},{"@type":"ListItem","position":2,"name":"Products","item":"https:\/\/www.spacub.com\/spacubsl\/en\/shop\/"},{"@type":"ListItem","position":3,"name":"CICLO"}]},{"@type":"WebSite","@id":"https:\/\/www.spacub.com\/spacubsl\/#website","url":"https:\/\/www.spacub.com\/spacubsl\/","name":"SPACUB","description":"... por tu seguridad","potentialAction":[{"@type":"SearchAction","target":{"@type":"EntryPoint","urlTemplate":"https:\/\/www.spacub.com\/spacubsl\/?s={search_term_string}"},"query-input":"required name=search_term_string"}],"inLanguage":"en-US"}]}},"_links":{"self":[{"href":"https:\/\/www.spacub.com\/spacubsl\/wp-json\/wp\/v2\/product\/2444"}],"collection":[{"href":"https:\/\/www.spacub.com\/spacubsl\/wp-json\/wp\/v2\/product"}],"about":[{"href":"https:\/\/www.spacub.com\/spacubsl\/wp-json\/wp\/v2\/types\/product"}],"replies":[{"embeddable":true,"href":"https:\/\/www.spacub.com\/spacubsl\/wp-json\/wp\/v2\/comments?post=2444"}],"version-history":[{"count":0,"href":"https:\/\/www.spacub.com\/spacubsl\/wp-json\/wp\/v2\/product\/2444\/revisions"}],"wp:featuredmedia":[{"embeddable":true,"href":"https:\/\/www.spacub.com\/spacubsl\/wp-json\/wp\/v2\/media\/3132"}],"wp:attachment":[{"href":"https:\/\/www.spacub.com\/spacubsl\/wp-json\/wp\/v2\/media?parent=2444"}],"wp:term":[{"taxonomy":"product_cat","embeddable":true,"href":"https:\/\/www.spacub.com\/spacubsl\/wp-json\/wp\/v2\/product_cat?post=2444"},{"taxonomy":"product_tag","embeddable":true,"href":"https:\/\/www.spacub.com\/spacubsl\/wp-json\/wp\/v2\/product_tag?post=2444"}],"curies":[{"name":"wp","href":"https:\/\/api.w.org\/{rel}","templated":true}]}}