{"id":2357,"date":"2018-07-15T04:42:00","date_gmt":"2018-07-15T04:42:00","guid":{"rendered":"https:\/\/www.spacub.com\/spacubsl\/?post_type=product&#038;p=2357"},"modified":"2020-01-25T03:32:37","modified_gmt":"2020-01-25T03:32:37","slug":"5rs","status":"publish","type":"product","link":"https:\/\/www.spacub.com\/spacubsl\/es\/product\/5rs\/","title":{"rendered":"5RS"},"content":{"rendered":"","protected":false},"excerpt":{"rendered":"<h2 style=\"text-align: left;\"><strong>Casco de protecci\u00f3n<\/strong><\/h2>\n<p><strong>Ref.<\/strong> 5RS<\/p>\n<p style=\"text-align: justify;\"><strong>Descripci\u00f3n:<\/strong> Casco de protecci\u00f3n compuesto por casquete y arn\u00e9s para ca\u00eddas de objetos y descargas el\u00e9ctricas hasta una tensi\u00f3n de 1000 V en ac. Casquete: fabricado por inyecci\u00f3n de polietileno de alta densidad. Provisto de visera y de ala con recogeaguas. Seis alojamientos para fijar el arn\u00e9s. Arn\u00e9s: fabricado por inyecci\u00f3n de polietileno lineal con gran capacidad de absorci\u00f3n de impactos.<\/p>\n<p style=\"text-align: left;\"><strong>Talla:<\/strong> \u00danica<\/p>\n<p style=\"text-align: left;\"><strong>Color: \u00a0<\/strong>Blanco<\/p>\n<p style=\"text-align: left;\">\u00a0 \u00a0 \u00a0 \u00a0 \u00a0 \u00a0 \u00a0Amarillo<\/p>\n<p style=\"text-align: left;\">\u00a0 \u00a0 \u00a0 \u00a0 \u00a0 \u00a0 \u00a0Azul<\/p>\n<p style=\"text-align: left;\">\u00a0 \u00a0 \u00a0 \u00a0 \u00a0 \u00a0 Rojo<\/p>\n<p style=\"text-align: left;\">\u00a0 \u00a0 \u00a0 \u00a0 \u00a0 \u00a0 Naranja<\/p>\n<p style=\"text-align: left;\">\u00a0 \u00a0 \u00a0 \u00a0 \u00a0 \u00a0 Verde<\/p>\n<p style=\"text-align: left;\">\u00a0 \u00a0 \u00a0 \u00a0 \u00a0 \u00a0 Gris<\/p>\n<p style=\"text-align: left;\">\u00a0 \u00a0 \u00a0 \u00a0 \u00a0 \u00a0 Marr\u00f3n<\/p>\n<p style=\"text-align: justify;\"><strong>Normativa:<\/strong> EN 397. Cascos de protecci\u00f3n para la industria. EN 50365. Cascos el\u00e9ctricamente aislantes para la utilizaci\u00f3n en instalaciones de baja tensi\u00f3n.<\/p>\n<p><a href=\"https:\/\/www.spacub.com\/spacubsl\/wp-content\/uploads\/2018\/08\/Fichas Tecnicas\/Craneal\/5RS - CASCO DE PROTECCION.pdf\" target=\"_blank\" rel=\"noopener noreferrer\"><img decoding=\"async\" class=\"wp-image-2544 size-full\" src=\"https:\/\/www.spacub.com\/spacubsl\/wp-content\/uploads\/2018\/08\/documents_icon_pdf-1.png\" alt=\"documents_icon_pdf\" width=\"80\" height=\"80\" \/><\/a><\/p>\n<p><a href=\"https:\/\/www.spacub.com\/spacubsl\/wp-content\/uploads\/2018\/08\/Fichas Tecnicas\/Craneal\/5RS - CASCO DE PROTECCION.pdf\" target=\"_blank\" rel=\"noopener noreferrer\">Ficha T\u00e9cnica<\/a><\/p>\n<p><a class=\"excerpt-more\" href=\"https:\/\/www.spacub.com\/spacubsl\/es\/product\/5rs\/\">Read More...<\/a><\/p>","protected":false},"featured_media":3119,"comment_status":"closed","ping_status":"closed","template":"","meta":[],"product_cat":[767],"product_tag":[],"yoast_head":"<!-- This site is optimized with the Yoast SEO plugin v22.7 - https:\/\/yoast.com\/wordpress\/plugins\/seo\/ -->\n<title>5RS - SPACUB<\/title>\n<meta name=\"robots\" content=\"index, follow, max-snippet:-1, max-image-preview:large, max-video-preview:-1\" \/>\n<link rel=\"canonical\" href=\"https:\/\/www.spacub.com\/spacubsl\/es\/product\/5rs\/\" \/>\n<meta property=\"og:locale\" content=\"en_US\" \/>\n<meta property=\"og:type\" content=\"article\" \/>\n<meta property=\"og:title\" content=\"5RS - SPACUB\" \/>\n<meta property=\"og:description\" content=\"Casco de protecci\u00f3n Ref. 5RS Descripci\u00f3n: Casco de protecci\u00f3n compuesto por casquete y arn\u00e9s para ca\u00eddas de objetos y descargas el\u00e9ctricas hasta una tensi\u00f3n de 1000 V en ac. Casquete: fabricado por inyecci\u00f3n de polietileno de alta densidad. Provisto de visera y de ala con recogeaguas. Seis alojamientos para fijar el arn\u00e9s. Arn\u00e9s: fabricado por inyecci\u00f3n de polietileno lineal con gran capacidad de absorci\u00f3n de impactos. Talla: \u00danica Color: \u00a0Blanco \u00a0 \u00a0 \u00a0 \u00a0 \u00a0 \u00a0 \u00a0Amarillo \u00a0 \u00a0 \u00a0 \u00a0 \u00a0 \u00a0 \u00a0Azul \u00a0 \u00a0 \u00a0 \u00a0 \u00a0 \u00a0 Rojo \u00a0 \u00a0 \u00a0 \u00a0 \u00a0 \u00a0 Naranja \u00a0 \u00a0 \u00a0 \u00a0 \u00a0 \u00a0 Verde \u00a0 \u00a0 \u00a0 \u00a0 \u00a0 \u00a0 Gris \u00a0 \u00a0 \u00a0 \u00a0 \u00a0 \u00a0 Marr\u00f3n Normativa: EN 397. Cascos de protecci\u00f3n para la industria. EN 50365. Cascos el\u00e9ctricamente aislantes para la utilizaci\u00f3n en instalaciones de baja tensi\u00f3n.   Ficha T\u00e9cnica\" \/>\n<meta property=\"og:url\" content=\"https:\/\/www.spacub.com\/spacubsl\/es\/product\/5rs\/\" \/>\n<meta property=\"og:site_name\" content=\"SPACUB\" \/>\n<meta property=\"article:modified_time\" content=\"2020-01-25T03:32:37+00:00\" \/>\n<meta property=\"og:image\" content=\"https:\/\/www.spacub.com\/spacubsl\/wp-content\/uploads\/2018\/07\/5RS-A-e1579923126895.jpg\" \/>\n\t<meta property=\"og:image:width\" content=\"640\" \/>\n\t<meta property=\"og:image:height\" content=\"480\" \/>\n\t<meta property=\"og:image:type\" content=\"image\/jpeg\" \/>\n<meta name=\"twitter:card\" content=\"summary_large_image\" \/>\n<script type=\"application\/ld+json\" class=\"yoast-schema-graph\">{\"@context\":\"https:\/\/schema.org\",\"@graph\":[{\"@type\":\"WebPage\",\"@id\":\"https:\/\/www.spacub.com\/spacubsl\/es\/product\/5rs\/\",\"url\":\"https:\/\/www.spacub.com\/spacubsl\/es\/product\/5rs\/\",\"name\":\"5RS - SPACUB\",\"isPartOf\":{\"@id\":\"https:\/\/www.spacub.com\/spacubsl\/#website\"},\"primaryImageOfPage\":{\"@id\":\"https:\/\/www.spacub.com\/spacubsl\/es\/product\/5rs\/#primaryimage\"},\"image\":{\"@id\":\"https:\/\/www.spacub.com\/spacubsl\/es\/product\/5rs\/#primaryimage\"},\"thumbnailUrl\":\"https:\/\/www.spacub.com\/spacubsl\/wp-content\/uploads\/2018\/07\/5RS-A-e1579923126895.jpg\",\"datePublished\":\"2018-07-15T04:42:00+00:00\",\"dateModified\":\"2020-01-25T03:32:37+00:00\",\"breadcrumb\":{\"@id\":\"https:\/\/www.spacub.com\/spacubsl\/es\/product\/5rs\/#breadcrumb\"},\"inLanguage\":\"en-US\",\"potentialAction\":[{\"@type\":\"ReadAction\",\"target\":[\"https:\/\/www.spacub.com\/spacubsl\/es\/product\/5rs\/\"]}]},{\"@type\":\"ImageObject\",\"inLanguage\":\"en-US\",\"@id\":\"https:\/\/www.spacub.com\/spacubsl\/es\/product\/5rs\/#primaryimage\",\"url\":\"https:\/\/www.spacub.com\/spacubsl\/wp-content\/uploads\/2018\/07\/5RS-A-e1579923126895.jpg\",\"contentUrl\":\"https:\/\/www.spacub.com\/spacubsl\/wp-content\/uploads\/2018\/07\/5RS-A-e1579923126895.jpg\",\"width\":640,\"height\":480},{\"@type\":\"BreadcrumbList\",\"@id\":\"https:\/\/www.spacub.com\/spacubsl\/es\/product\/5rs\/#breadcrumb\",\"itemListElement\":[{\"@type\":\"ListItem\",\"position\":1,\"name\":\"Home\",\"item\":\"https:\/\/www.spacub.com\/spacubsl\/es\/\"},{\"@type\":\"ListItem\",\"position\":2,\"name\":\"Products\",\"item\":\"https:\/\/www.spacub.com\/spacubsl\/en\/shop\/\"},{\"@type\":\"ListItem\",\"position\":3,\"name\":\"5RS\"}]},{\"@type\":\"WebSite\",\"@id\":\"https:\/\/www.spacub.com\/spacubsl\/#website\",\"url\":\"https:\/\/www.spacub.com\/spacubsl\/\",\"name\":\"SPACUB\",\"description\":\"... por tu seguridad\",\"potentialAction\":[{\"@type\":\"SearchAction\",\"target\":{\"@type\":\"EntryPoint\",\"urlTemplate\":\"https:\/\/www.spacub.com\/spacubsl\/?s={search_term_string}\"},\"query-input\":\"required name=search_term_string\"}],\"inLanguage\":\"en-US\"}]}<\/script>\n<!-- \/ Yoast SEO plugin. -->","yoast_head_json":{"title":"5RS - SPACUB","robots":{"index":"index","follow":"follow","max-snippet":"max-snippet:-1","max-image-preview":"max-image-preview:large","max-video-preview":"max-video-preview:-1"},"canonical":"https:\/\/www.spacub.com\/spacubsl\/es\/product\/5rs\/","og_locale":"en_US","og_type":"article","og_title":"5RS - SPACUB","og_description":"Casco de protecci\u00f3n Ref. 5RS Descripci\u00f3n: Casco de protecci\u00f3n compuesto por casquete y arn\u00e9s para ca\u00eddas de objetos y descargas el\u00e9ctricas hasta una tensi\u00f3n de 1000 V en ac. Casquete: fabricado por inyecci\u00f3n de polietileno de alta densidad. Provisto de visera y de ala con recogeaguas. Seis alojamientos para fijar el arn\u00e9s. Arn\u00e9s: fabricado por inyecci\u00f3n de polietileno lineal con gran capacidad de absorci\u00f3n de impactos. Talla: \u00danica Color: \u00a0Blanco \u00a0 \u00a0 \u00a0 \u00a0 \u00a0 \u00a0 \u00a0Amarillo \u00a0 \u00a0 \u00a0 \u00a0 \u00a0 \u00a0 \u00a0Azul \u00a0 \u00a0 \u00a0 \u00a0 \u00a0 \u00a0 Rojo \u00a0 \u00a0 \u00a0 \u00a0 \u00a0 \u00a0 Naranja \u00a0 \u00a0 \u00a0 \u00a0 \u00a0 \u00a0 Verde \u00a0 \u00a0 \u00a0 \u00a0 \u00a0 \u00a0 Gris \u00a0 \u00a0 \u00a0 \u00a0 \u00a0 \u00a0 Marr\u00f3n Normativa: EN 397. Cascos de protecci\u00f3n para la industria. EN 50365. Cascos el\u00e9ctricamente aislantes para la utilizaci\u00f3n en instalaciones de baja tensi\u00f3n.   Ficha T\u00e9cnica","og_url":"https:\/\/www.spacub.com\/spacubsl\/es\/product\/5rs\/","og_site_name":"SPACUB","article_modified_time":"2020-01-25T03:32:37+00:00","og_image":[{"width":640,"height":480,"url":"https:\/\/www.spacub.com\/spacubsl\/wp-content\/uploads\/2018\/07\/5RS-A-e1579923126895.jpg","type":"image\/jpeg"}],"twitter_card":"summary_large_image","schema":{"@context":"https:\/\/schema.org","@graph":[{"@type":"WebPage","@id":"https:\/\/www.spacub.com\/spacubsl\/es\/product\/5rs\/","url":"https:\/\/www.spacub.com\/spacubsl\/es\/product\/5rs\/","name":"5RS - SPACUB","isPartOf":{"@id":"https:\/\/www.spacub.com\/spacubsl\/#website"},"primaryImageOfPage":{"@id":"https:\/\/www.spacub.com\/spacubsl\/es\/product\/5rs\/#primaryimage"},"image":{"@id":"https:\/\/www.spacub.com\/spacubsl\/es\/product\/5rs\/#primaryimage"},"thumbnailUrl":"https:\/\/www.spacub.com\/spacubsl\/wp-content\/uploads\/2018\/07\/5RS-A-e1579923126895.jpg","datePublished":"2018-07-15T04:42:00+00:00","dateModified":"2020-01-25T03:32:37+00:00","breadcrumb":{"@id":"https:\/\/www.spacub.com\/spacubsl\/es\/product\/5rs\/#breadcrumb"},"inLanguage":"en-US","potentialAction":[{"@type":"ReadAction","target":["https:\/\/www.spacub.com\/spacubsl\/es\/product\/5rs\/"]}]},{"@type":"ImageObject","inLanguage":"en-US","@id":"https:\/\/www.spacub.com\/spacubsl\/es\/product\/5rs\/#primaryimage","url":"https:\/\/www.spacub.com\/spacubsl\/wp-content\/uploads\/2018\/07\/5RS-A-e1579923126895.jpg","contentUrl":"https:\/\/www.spacub.com\/spacubsl\/wp-content\/uploads\/2018\/07\/5RS-A-e1579923126895.jpg","width":640,"height":480},{"@type":"BreadcrumbList","@id":"https:\/\/www.spacub.com\/spacubsl\/es\/product\/5rs\/#breadcrumb","itemListElement":[{"@type":"ListItem","position":1,"name":"Home","item":"https:\/\/www.spacub.com\/spacubsl\/es\/"},{"@type":"ListItem","position":2,"name":"Products","item":"https:\/\/www.spacub.com\/spacubsl\/en\/shop\/"},{"@type":"ListItem","position":3,"name":"5RS"}]},{"@type":"WebSite","@id":"https:\/\/www.spacub.com\/spacubsl\/#website","url":"https:\/\/www.spacub.com\/spacubsl\/","name":"SPACUB","description":"... por tu seguridad","potentialAction":[{"@type":"SearchAction","target":{"@type":"EntryPoint","urlTemplate":"https:\/\/www.spacub.com\/spacubsl\/?s={search_term_string}"},"query-input":"required name=search_term_string"}],"inLanguage":"en-US"}]}},"_links":{"self":[{"href":"https:\/\/www.spacub.com\/spacubsl\/wp-json\/wp\/v2\/product\/2357"}],"collection":[{"href":"https:\/\/www.spacub.com\/spacubsl\/wp-json\/wp\/v2\/product"}],"about":[{"href":"https:\/\/www.spacub.com\/spacubsl\/wp-json\/wp\/v2\/types\/product"}],"replies":[{"embeddable":true,"href":"https:\/\/www.spacub.com\/spacubsl\/wp-json\/wp\/v2\/comments?post=2357"}],"version-history":[{"count":0,"href":"https:\/\/www.spacub.com\/spacubsl\/wp-json\/wp\/v2\/product\/2357\/revisions"}],"wp:featuredmedia":[{"embeddable":true,"href":"https:\/\/www.spacub.com\/spacubsl\/wp-json\/wp\/v2\/media\/3119"}],"wp:attachment":[{"href":"https:\/\/www.spacub.com\/spacubsl\/wp-json\/wp\/v2\/media?parent=2357"}],"wp:term":[{"taxonomy":"product_cat","embeddable":true,"href":"https:\/\/www.spacub.com\/spacubsl\/wp-json\/wp\/v2\/product_cat?post=2357"},{"taxonomy":"product_tag","embeddable":true,"href":"https:\/\/www.spacub.com\/spacubsl\/wp-json\/wp\/v2\/product_tag?post=2357"}],"curies":[{"name":"wp","href":"https:\/\/api.w.org\/{rel}","templated":true}]}}