{"id":2319,"date":"2018-07-07T04:57:30","date_gmt":"2018-07-07T04:57:30","guid":{"rendered":"https:\/\/www.spacub.com\/spacubsl\/?post_type=product&#038;p=2319"},"modified":"2019-12-25T18:15:40","modified_gmt":"2019-12-25T18:15:40","slug":"die-25-50-100-200","status":"publish","type":"product","link":"https:\/\/www.spacub.com\/spacubsl\/es\/product\/die-25-50-100-200\/","title":{"rendered":"DIE"},"content":{"rendered":"","protected":false},"excerpt":{"rendered":"<h2 style=\"text-align: left;\"><strong>Guante Diel\u00e9ctrico<\/strong><\/h2>\n<p style=\"text-align: left;\"><strong>Ref.<\/strong> DIE<\/p>\n<p style=\"text-align: justify;\"><strong>Descripci\u00f3n:<\/strong> Guante de protecci\u00f3n diel\u00e9ctrica en l\u00e1tex natural sin soporte. Grosor acorde con la intensidad de la protecci\u00f3n el\u00e9ctrica:<\/p>\n<p style=\"text-align: left;\">DIE 25: Clase 00.<\/p>\n<p style=\"text-align: left;\">DIE 50: Clase 0.<\/p>\n<p style=\"text-align: left;\">DIE 100: Clase 1.<\/p>\n<p style=\"text-align: left;\">DIE 200: Clase 2.<\/p>\n<p style=\"text-align: left;\"><strong>Talla:<\/strong> 10<\/p>\n<p style=\"text-align: left;\"><strong>Color: <\/strong>Natural<\/p>\n<p style=\"text-align: justify;\"><strong>Normativa:<\/strong> EN 60903. Guantes de trabajo. Protecci\u00f3n frente a riesgos el\u00e9ctricos.<\/p>\n<p><a class=\"excerpt-more\" href=\"https:\/\/www.spacub.com\/spacubsl\/es\/product\/die-25-50-100-200\/\">Read More...<\/a><\/p>","protected":false},"featured_media":4976,"comment_status":"closed","ping_status":"closed","template":"","meta":[],"product_cat":[13],"product_tag":[],"yoast_head":"<!-- This site is optimized with the Yoast SEO plugin v22.7 - https:\/\/yoast.com\/wordpress\/plugins\/seo\/ -->\n<title>DIE - SPACUB<\/title>\n<meta name=\"robots\" content=\"index, follow, max-snippet:-1, max-image-preview:large, max-video-preview:-1\" \/>\n<link rel=\"canonical\" href=\"https:\/\/www.spacub.com\/spacubsl\/es\/product\/die-25-50-100-200\/\" \/>\n<meta property=\"og:locale\" content=\"en_US\" \/>\n<meta property=\"og:type\" content=\"article\" \/>\n<meta property=\"og:title\" content=\"DIE - SPACUB\" \/>\n<meta property=\"og:description\" content=\"Guante Diel\u00e9ctrico Ref. DIE Descripci\u00f3n: Guante de protecci\u00f3n diel\u00e9ctrica en l\u00e1tex natural sin soporte. Grosor acorde con la intensidad de la protecci\u00f3n el\u00e9ctrica: DIE 25: Clase 00. DIE 50: Clase 0. DIE 100: Clase 1. DIE 200: Clase 2. Talla: 10 Color: Natural Normativa: EN 60903. Guantes de trabajo. Protecci\u00f3n frente a riesgos el\u00e9ctricos.\" \/>\n<meta property=\"og:url\" content=\"https:\/\/www.spacub.com\/spacubsl\/es\/product\/die-25-50-100-200\/\" \/>\n<meta property=\"og:site_name\" content=\"SPACUB\" \/>\n<meta property=\"article:modified_time\" content=\"2019-12-25T18:15:40+00:00\" \/>\n<meta property=\"og:image\" content=\"https:\/\/www.spacub.com\/spacubsl\/wp-content\/uploads\/2018\/07\/DIE-imagen-03.jpg\" \/>\n\t<meta property=\"og:image:width\" content=\"640\" \/>\n\t<meta property=\"og:image:height\" content=\"480\" \/>\n\t<meta property=\"og:image:type\" content=\"image\/jpeg\" \/>\n<meta name=\"twitter:card\" content=\"summary_large_image\" \/>\n<script type=\"application\/ld+json\" class=\"yoast-schema-graph\">{\"@context\":\"https:\/\/schema.org\",\"@graph\":[{\"@type\":\"WebPage\",\"@id\":\"https:\/\/www.spacub.com\/spacubsl\/es\/product\/die-25-50-100-200\/\",\"url\":\"https:\/\/www.spacub.com\/spacubsl\/es\/product\/die-25-50-100-200\/\",\"name\":\"DIE - SPACUB\",\"isPartOf\":{\"@id\":\"https:\/\/www.spacub.com\/spacubsl\/#website\"},\"primaryImageOfPage\":{\"@id\":\"https:\/\/www.spacub.com\/spacubsl\/es\/product\/die-25-50-100-200\/#primaryimage\"},\"image\":{\"@id\":\"https:\/\/www.spacub.com\/spacubsl\/es\/product\/die-25-50-100-200\/#primaryimage\"},\"thumbnailUrl\":\"https:\/\/www.spacub.com\/spacubsl\/wp-content\/uploads\/2018\/07\/DIE-imagen-03.jpg\",\"datePublished\":\"2018-07-07T04:57:30+00:00\",\"dateModified\":\"2019-12-25T18:15:40+00:00\",\"breadcrumb\":{\"@id\":\"https:\/\/www.spacub.com\/spacubsl\/es\/product\/die-25-50-100-200\/#breadcrumb\"},\"inLanguage\":\"en-US\",\"potentialAction\":[{\"@type\":\"ReadAction\",\"target\":[\"https:\/\/www.spacub.com\/spacubsl\/es\/product\/die-25-50-100-200\/\"]}]},{\"@type\":\"ImageObject\",\"inLanguage\":\"en-US\",\"@id\":\"https:\/\/www.spacub.com\/spacubsl\/es\/product\/die-25-50-100-200\/#primaryimage\",\"url\":\"https:\/\/www.spacub.com\/spacubsl\/wp-content\/uploads\/2018\/07\/DIE-imagen-03.jpg\",\"contentUrl\":\"https:\/\/www.spacub.com\/spacubsl\/wp-content\/uploads\/2018\/07\/DIE-imagen-03.jpg\",\"width\":640,\"height\":480},{\"@type\":\"BreadcrumbList\",\"@id\":\"https:\/\/www.spacub.com\/spacubsl\/es\/product\/die-25-50-100-200\/#breadcrumb\",\"itemListElement\":[{\"@type\":\"ListItem\",\"position\":1,\"name\":\"Home\",\"item\":\"https:\/\/www.spacub.com\/spacubsl\/es\/\"},{\"@type\":\"ListItem\",\"position\":2,\"name\":\"Products\",\"item\":\"https:\/\/www.spacub.com\/spacubsl\/en\/shop\/\"},{\"@type\":\"ListItem\",\"position\":3,\"name\":\"DIE\"}]},{\"@type\":\"WebSite\",\"@id\":\"https:\/\/www.spacub.com\/spacubsl\/#website\",\"url\":\"https:\/\/www.spacub.com\/spacubsl\/\",\"name\":\"SPACUB\",\"description\":\"... por tu seguridad\",\"potentialAction\":[{\"@type\":\"SearchAction\",\"target\":{\"@type\":\"EntryPoint\",\"urlTemplate\":\"https:\/\/www.spacub.com\/spacubsl\/?s={search_term_string}\"},\"query-input\":\"required name=search_term_string\"}],\"inLanguage\":\"en-US\"}]}<\/script>\n<!-- \/ Yoast SEO plugin. -->","yoast_head_json":{"title":"DIE - SPACUB","robots":{"index":"index","follow":"follow","max-snippet":"max-snippet:-1","max-image-preview":"max-image-preview:large","max-video-preview":"max-video-preview:-1"},"canonical":"https:\/\/www.spacub.com\/spacubsl\/es\/product\/die-25-50-100-200\/","og_locale":"en_US","og_type":"article","og_title":"DIE - SPACUB","og_description":"Guante Diel\u00e9ctrico Ref. DIE Descripci\u00f3n: Guante de protecci\u00f3n diel\u00e9ctrica en l\u00e1tex natural sin soporte. Grosor acorde con la intensidad de la protecci\u00f3n el\u00e9ctrica: DIE 25: Clase 00. DIE 50: Clase 0. DIE 100: Clase 1. DIE 200: Clase 2. Talla: 10 Color: Natural Normativa: EN 60903. Guantes de trabajo. Protecci\u00f3n frente a riesgos el\u00e9ctricos.","og_url":"https:\/\/www.spacub.com\/spacubsl\/es\/product\/die-25-50-100-200\/","og_site_name":"SPACUB","article_modified_time":"2019-12-25T18:15:40+00:00","og_image":[{"width":640,"height":480,"url":"https:\/\/www.spacub.com\/spacubsl\/wp-content\/uploads\/2018\/07\/DIE-imagen-03.jpg","type":"image\/jpeg"}],"twitter_card":"summary_large_image","schema":{"@context":"https:\/\/schema.org","@graph":[{"@type":"WebPage","@id":"https:\/\/www.spacub.com\/spacubsl\/es\/product\/die-25-50-100-200\/","url":"https:\/\/www.spacub.com\/spacubsl\/es\/product\/die-25-50-100-200\/","name":"DIE - SPACUB","isPartOf":{"@id":"https:\/\/www.spacub.com\/spacubsl\/#website"},"primaryImageOfPage":{"@id":"https:\/\/www.spacub.com\/spacubsl\/es\/product\/die-25-50-100-200\/#primaryimage"},"image":{"@id":"https:\/\/www.spacub.com\/spacubsl\/es\/product\/die-25-50-100-200\/#primaryimage"},"thumbnailUrl":"https:\/\/www.spacub.com\/spacubsl\/wp-content\/uploads\/2018\/07\/DIE-imagen-03.jpg","datePublished":"2018-07-07T04:57:30+00:00","dateModified":"2019-12-25T18:15:40+00:00","breadcrumb":{"@id":"https:\/\/www.spacub.com\/spacubsl\/es\/product\/die-25-50-100-200\/#breadcrumb"},"inLanguage":"en-US","potentialAction":[{"@type":"ReadAction","target":["https:\/\/www.spacub.com\/spacubsl\/es\/product\/die-25-50-100-200\/"]}]},{"@type":"ImageObject","inLanguage":"en-US","@id":"https:\/\/www.spacub.com\/spacubsl\/es\/product\/die-25-50-100-200\/#primaryimage","url":"https:\/\/www.spacub.com\/spacubsl\/wp-content\/uploads\/2018\/07\/DIE-imagen-03.jpg","contentUrl":"https:\/\/www.spacub.com\/spacubsl\/wp-content\/uploads\/2018\/07\/DIE-imagen-03.jpg","width":640,"height":480},{"@type":"BreadcrumbList","@id":"https:\/\/www.spacub.com\/spacubsl\/es\/product\/die-25-50-100-200\/#breadcrumb","itemListElement":[{"@type":"ListItem","position":1,"name":"Home","item":"https:\/\/www.spacub.com\/spacubsl\/es\/"},{"@type":"ListItem","position":2,"name":"Products","item":"https:\/\/www.spacub.com\/spacubsl\/en\/shop\/"},{"@type":"ListItem","position":3,"name":"DIE"}]},{"@type":"WebSite","@id":"https:\/\/www.spacub.com\/spacubsl\/#website","url":"https:\/\/www.spacub.com\/spacubsl\/","name":"SPACUB","description":"... por tu seguridad","potentialAction":[{"@type":"SearchAction","target":{"@type":"EntryPoint","urlTemplate":"https:\/\/www.spacub.com\/spacubsl\/?s={search_term_string}"},"query-input":"required name=search_term_string"}],"inLanguage":"en-US"}]}},"_links":{"self":[{"href":"https:\/\/www.spacub.com\/spacubsl\/wp-json\/wp\/v2\/product\/2319"}],"collection":[{"href":"https:\/\/www.spacub.com\/spacubsl\/wp-json\/wp\/v2\/product"}],"about":[{"href":"https:\/\/www.spacub.com\/spacubsl\/wp-json\/wp\/v2\/types\/product"}],"replies":[{"embeddable":true,"href":"https:\/\/www.spacub.com\/spacubsl\/wp-json\/wp\/v2\/comments?post=2319"}],"version-history":[{"count":0,"href":"https:\/\/www.spacub.com\/spacubsl\/wp-json\/wp\/v2\/product\/2319\/revisions"}],"wp:featuredmedia":[{"embeddable":true,"href":"https:\/\/www.spacub.com\/spacubsl\/wp-json\/wp\/v2\/media\/4976"}],"wp:attachment":[{"href":"https:\/\/www.spacub.com\/spacubsl\/wp-json\/wp\/v2\/media?parent=2319"}],"wp:term":[{"taxonomy":"product_cat","embeddable":true,"href":"https:\/\/www.spacub.com\/spacubsl\/wp-json\/wp\/v2\/product_cat?post=2319"},{"taxonomy":"product_tag","embeddable":true,"href":"https:\/\/www.spacub.com\/spacubsl\/wp-json\/wp\/v2\/product_tag?post=2319"}],"curies":[{"name":"wp","href":"https:\/\/api.w.org\/{rel}","templated":true}]}}