{"id":2304,"date":"2018-07-04T02:48:38","date_gmt":"2018-07-04T02:48:38","guid":{"rendered":"https:\/\/www.spacub.com\/spacubsl\/?post_type=product&#038;p=2304"},"modified":"2019-12-23T15:35:18","modified_gmt":"2019-12-23T15:35:18","slug":"ariz2","status":"publish","type":"product","link":"https:\/\/www.spacub.com\/spacubsl\/es\/product\/ariz2\/","title":{"rendered":"ARIZ2"},"content":{"rendered":"","protected":false},"excerpt":{"rendered":"<h2 style=\"text-align: left;\"><strong>Guante Mixto\u00a0\u00a0 <\/strong><\/h2>\n<p style=\"text-align: left;\"><strong>Ref.<\/strong> ARIZ2<\/p>\n<p style=\"text-align: justify;\"><strong>Descripci\u00f3n:<\/strong> Guante mixto, refuerzo en palma, pulgar e \u00edndice. Protecci\u00f3n espec\u00edfica. Dorso y manguito en liona vaquera o blanca.<\/p>\n<p style=\"text-align: left;\"><strong>Talla:<\/strong> 9<\/p>\n<p style=\"text-align: left;\"><strong>Color:\u00a0 <\/strong>Azul &#8211; Blanco<\/p>\n<p style=\"text-align: justify\"><strong>Normativa:<\/strong> EN 420. Guantes de protecci\u00f3n. EN 388 3\/2\/4\/4. Guantes de protecci\u00f3n contra riesgos mec\u00e1nicos.<\/p>\n<p><a class=\"excerpt-more\" href=\"https:\/\/www.spacub.com\/spacubsl\/es\/product\/ariz2\/\">Read More...<\/a><\/p>","protected":false},"featured_media":4885,"comment_status":"closed","ping_status":"closed","template":"","meta":[],"product_cat":[13],"product_tag":[],"yoast_head":"<!-- This site is optimized with the Yoast SEO plugin v22.7 - https:\/\/yoast.com\/wordpress\/plugins\/seo\/ -->\n<title>ARIZ2 - SPACUB<\/title>\n<meta name=\"robots\" content=\"index, follow, max-snippet:-1, max-image-preview:large, max-video-preview:-1\" \/>\n<link rel=\"canonical\" href=\"https:\/\/www.spacub.com\/spacubsl\/es\/product\/ariz2\/\" \/>\n<meta property=\"og:locale\" content=\"en_US\" \/>\n<meta property=\"og:type\" content=\"article\" \/>\n<meta property=\"og:title\" content=\"ARIZ2 - SPACUB\" \/>\n<meta property=\"og:description\" content=\"Guante Mixto\u00a0\u00a0  Ref. ARIZ2 Descripci\u00f3n: Guante mixto, refuerzo en palma, pulgar e \u00edndice. Protecci\u00f3n espec\u00edfica. Dorso y manguito en liona vaquera o blanca. Talla: 9 Color:\u00a0 Azul - Blanco Normativa: EN 420. Guantes de protecci\u00f3n. EN 388 3\/2\/4\/4. Guantes de protecci\u00f3n contra riesgos mec\u00e1nicos.\" \/>\n<meta property=\"og:url\" content=\"https:\/\/www.spacub.com\/spacubsl\/es\/product\/ariz2\/\" \/>\n<meta property=\"og:site_name\" content=\"SPACUB\" \/>\n<meta property=\"article:modified_time\" content=\"2019-12-23T15:35:18+00:00\" \/>\n<meta property=\"og:image\" content=\"https:\/\/www.spacub.com\/spacubsl\/wp-content\/uploads\/2018\/07\/ARIZ2-dorso.jpg\" \/>\n\t<meta property=\"og:image:width\" content=\"640\" \/>\n\t<meta property=\"og:image:height\" content=\"480\" \/>\n\t<meta property=\"og:image:type\" content=\"image\/jpeg\" \/>\n<meta name=\"twitter:card\" content=\"summary_large_image\" \/>\n<script type=\"application\/ld+json\" class=\"yoast-schema-graph\">{\"@context\":\"https:\/\/schema.org\",\"@graph\":[{\"@type\":\"WebPage\",\"@id\":\"https:\/\/www.spacub.com\/spacubsl\/es\/product\/ariz2\/\",\"url\":\"https:\/\/www.spacub.com\/spacubsl\/es\/product\/ariz2\/\",\"name\":\"ARIZ2 - SPACUB\",\"isPartOf\":{\"@id\":\"https:\/\/www.spacub.com\/spacubsl\/#website\"},\"primaryImageOfPage\":{\"@id\":\"https:\/\/www.spacub.com\/spacubsl\/es\/product\/ariz2\/#primaryimage\"},\"image\":{\"@id\":\"https:\/\/www.spacub.com\/spacubsl\/es\/product\/ariz2\/#primaryimage\"},\"thumbnailUrl\":\"https:\/\/www.spacub.com\/spacubsl\/wp-content\/uploads\/2018\/07\/ARIZ2-dorso.jpg\",\"datePublished\":\"2018-07-04T02:48:38+00:00\",\"dateModified\":\"2019-12-23T15:35:18+00:00\",\"breadcrumb\":{\"@id\":\"https:\/\/www.spacub.com\/spacubsl\/es\/product\/ariz2\/#breadcrumb\"},\"inLanguage\":\"en-US\",\"potentialAction\":[{\"@type\":\"ReadAction\",\"target\":[\"https:\/\/www.spacub.com\/spacubsl\/es\/product\/ariz2\/\"]}]},{\"@type\":\"ImageObject\",\"inLanguage\":\"en-US\",\"@id\":\"https:\/\/www.spacub.com\/spacubsl\/es\/product\/ariz2\/#primaryimage\",\"url\":\"https:\/\/www.spacub.com\/spacubsl\/wp-content\/uploads\/2018\/07\/ARIZ2-dorso.jpg\",\"contentUrl\":\"https:\/\/www.spacub.com\/spacubsl\/wp-content\/uploads\/2018\/07\/ARIZ2-dorso.jpg\",\"width\":640,\"height\":480},{\"@type\":\"BreadcrumbList\",\"@id\":\"https:\/\/www.spacub.com\/spacubsl\/es\/product\/ariz2\/#breadcrumb\",\"itemListElement\":[{\"@type\":\"ListItem\",\"position\":1,\"name\":\"Home\",\"item\":\"https:\/\/www.spacub.com\/spacubsl\/es\/\"},{\"@type\":\"ListItem\",\"position\":2,\"name\":\"Products\",\"item\":\"https:\/\/www.spacub.com\/spacubsl\/en\/shop\/\"},{\"@type\":\"ListItem\",\"position\":3,\"name\":\"ARIZ2\"}]},{\"@type\":\"WebSite\",\"@id\":\"https:\/\/www.spacub.com\/spacubsl\/#website\",\"url\":\"https:\/\/www.spacub.com\/spacubsl\/\",\"name\":\"SPACUB\",\"description\":\"... por tu seguridad\",\"potentialAction\":[{\"@type\":\"SearchAction\",\"target\":{\"@type\":\"EntryPoint\",\"urlTemplate\":\"https:\/\/www.spacub.com\/spacubsl\/?s={search_term_string}\"},\"query-input\":\"required name=search_term_string\"}],\"inLanguage\":\"en-US\"}]}<\/script>\n<!-- \/ Yoast SEO plugin. -->","yoast_head_json":{"title":"ARIZ2 - SPACUB","robots":{"index":"index","follow":"follow","max-snippet":"max-snippet:-1","max-image-preview":"max-image-preview:large","max-video-preview":"max-video-preview:-1"},"canonical":"https:\/\/www.spacub.com\/spacubsl\/es\/product\/ariz2\/","og_locale":"en_US","og_type":"article","og_title":"ARIZ2 - SPACUB","og_description":"Guante Mixto\u00a0\u00a0  Ref. ARIZ2 Descripci\u00f3n: Guante mixto, refuerzo en palma, pulgar e \u00edndice. Protecci\u00f3n espec\u00edfica. Dorso y manguito en liona vaquera o blanca. Talla: 9 Color:\u00a0 Azul - Blanco Normativa: EN 420. Guantes de protecci\u00f3n. EN 388 3\/2\/4\/4. Guantes de protecci\u00f3n contra riesgos mec\u00e1nicos.","og_url":"https:\/\/www.spacub.com\/spacubsl\/es\/product\/ariz2\/","og_site_name":"SPACUB","article_modified_time":"2019-12-23T15:35:18+00:00","og_image":[{"width":640,"height":480,"url":"https:\/\/www.spacub.com\/spacubsl\/wp-content\/uploads\/2018\/07\/ARIZ2-dorso.jpg","type":"image\/jpeg"}],"twitter_card":"summary_large_image","schema":{"@context":"https:\/\/schema.org","@graph":[{"@type":"WebPage","@id":"https:\/\/www.spacub.com\/spacubsl\/es\/product\/ariz2\/","url":"https:\/\/www.spacub.com\/spacubsl\/es\/product\/ariz2\/","name":"ARIZ2 - SPACUB","isPartOf":{"@id":"https:\/\/www.spacub.com\/spacubsl\/#website"},"primaryImageOfPage":{"@id":"https:\/\/www.spacub.com\/spacubsl\/es\/product\/ariz2\/#primaryimage"},"image":{"@id":"https:\/\/www.spacub.com\/spacubsl\/es\/product\/ariz2\/#primaryimage"},"thumbnailUrl":"https:\/\/www.spacub.com\/spacubsl\/wp-content\/uploads\/2018\/07\/ARIZ2-dorso.jpg","datePublished":"2018-07-04T02:48:38+00:00","dateModified":"2019-12-23T15:35:18+00:00","breadcrumb":{"@id":"https:\/\/www.spacub.com\/spacubsl\/es\/product\/ariz2\/#breadcrumb"},"inLanguage":"en-US","potentialAction":[{"@type":"ReadAction","target":["https:\/\/www.spacub.com\/spacubsl\/es\/product\/ariz2\/"]}]},{"@type":"ImageObject","inLanguage":"en-US","@id":"https:\/\/www.spacub.com\/spacubsl\/es\/product\/ariz2\/#primaryimage","url":"https:\/\/www.spacub.com\/spacubsl\/wp-content\/uploads\/2018\/07\/ARIZ2-dorso.jpg","contentUrl":"https:\/\/www.spacub.com\/spacubsl\/wp-content\/uploads\/2018\/07\/ARIZ2-dorso.jpg","width":640,"height":480},{"@type":"BreadcrumbList","@id":"https:\/\/www.spacub.com\/spacubsl\/es\/product\/ariz2\/#breadcrumb","itemListElement":[{"@type":"ListItem","position":1,"name":"Home","item":"https:\/\/www.spacub.com\/spacubsl\/es\/"},{"@type":"ListItem","position":2,"name":"Products","item":"https:\/\/www.spacub.com\/spacubsl\/en\/shop\/"},{"@type":"ListItem","position":3,"name":"ARIZ2"}]},{"@type":"WebSite","@id":"https:\/\/www.spacub.com\/spacubsl\/#website","url":"https:\/\/www.spacub.com\/spacubsl\/","name":"SPACUB","description":"... por tu seguridad","potentialAction":[{"@type":"SearchAction","target":{"@type":"EntryPoint","urlTemplate":"https:\/\/www.spacub.com\/spacubsl\/?s={search_term_string}"},"query-input":"required name=search_term_string"}],"inLanguage":"en-US"}]}},"_links":{"self":[{"href":"https:\/\/www.spacub.com\/spacubsl\/wp-json\/wp\/v2\/product\/2304"}],"collection":[{"href":"https:\/\/www.spacub.com\/spacubsl\/wp-json\/wp\/v2\/product"}],"about":[{"href":"https:\/\/www.spacub.com\/spacubsl\/wp-json\/wp\/v2\/types\/product"}],"replies":[{"embeddable":true,"href":"https:\/\/www.spacub.com\/spacubsl\/wp-json\/wp\/v2\/comments?post=2304"}],"version-history":[{"count":0,"href":"https:\/\/www.spacub.com\/spacubsl\/wp-json\/wp\/v2\/product\/2304\/revisions"}],"wp:featuredmedia":[{"embeddable":true,"href":"https:\/\/www.spacub.com\/spacubsl\/wp-json\/wp\/v2\/media\/4885"}],"wp:attachment":[{"href":"https:\/\/www.spacub.com\/spacubsl\/wp-json\/wp\/v2\/media?parent=2304"}],"wp:term":[{"taxonomy":"product_cat","embeddable":true,"href":"https:\/\/www.spacub.com\/spacubsl\/wp-json\/wp\/v2\/product_cat?post=2304"},{"taxonomy":"product_tag","embeddable":true,"href":"https:\/\/www.spacub.com\/spacubsl\/wp-json\/wp\/v2\/product_tag?post=2304"}],"curies":[{"name":"wp","href":"https:\/\/api.w.org\/{rel}","templated":true}]}}