{"id":2141,"date":"2018-05-16T20:13:15","date_gmt":"2018-05-16T20:13:15","guid":{"rendered":"https:\/\/www.spacub.com\/spacubsl\/?post_type=product&#038;p=2141"},"modified":"2020-01-04T04:45:00","modified_gmt":"2020-01-04T04:45:00","slug":"100","status":"publish","type":"product","link":"https:\/\/www.spacub.com\/spacubsl\/es\/product\/100\/","title":{"rendered":"100 0 \/ 100 1"},"content":{"rendered":"","protected":false},"excerpt":{"rendered":"<h2 style=\"text-align: left;\"><strong>Bota Piel Nobuk<\/strong><\/h2>\n<p style=\"text-align: left;\"><strong>Ref.<\/strong> 100 0 \/100 1<\/p>\n<p style=\"text-align: justify;\"><strong>Descripci\u00f3n:<\/strong> Bota de piel nobuk. Cosida y pegada. Suela de goma, antideslizante y antiest\u00e1tica. Con casquillo de acero.<\/p>\n<p style=\"text-align: left;\"><strong>Talla:<\/strong> 36 \/ 37 \/ 38 \/ 39 \/ 40 \/ 41 \/ 42 \/ 43 \/ 44 \/ 45 \/ 46 \/ 47 \/ 48<\/p>\n<p style=\"text-align: left;\"><strong>Color: \u00a0<\/strong>Marr\u00f3n (100 0)<\/p>\n<p style=\"text-align: left;\">\u00a0\u00a0\u00a0\u00a0\u00a0\u00a0\u00a0\u00a0\u00a0\u00a0\u00a0 Negro (100 1)<\/p>\n<p style=\"text-align: justify;\"><strong>Normativa:<\/strong> EN 345 S1. Calzado de Seguridad. Tal\u00f3n cerrado. Propiedades antiest\u00e1ticas. Absorci\u00f3n de energ\u00eda del tal\u00f3n.<\/p>\n<p><a class=\"excerpt-more\" href=\"https:\/\/www.spacub.com\/spacubsl\/es\/product\/100\/\">Read More...<\/a><\/p>","protected":false},"featured_media":2756,"comment_status":"closed","ping_status":"closed","template":"","meta":[],"product_cat":[815],"product_tag":[],"yoast_head":"<!-- This site is optimized with the Yoast SEO plugin v22.7 - https:\/\/yoast.com\/wordpress\/plugins\/seo\/ -->\n<title>100 0 \/ 100 1 - SPACUB<\/title>\n<meta name=\"robots\" content=\"index, follow, max-snippet:-1, max-image-preview:large, max-video-preview:-1\" \/>\n<link rel=\"canonical\" href=\"https:\/\/www.spacub.com\/spacubsl\/es\/product\/100\/\" \/>\n<meta property=\"og:locale\" content=\"en_US\" \/>\n<meta property=\"og:type\" content=\"article\" \/>\n<meta property=\"og:title\" content=\"100 0 \/ 100 1 - SPACUB\" \/>\n<meta property=\"og:description\" content=\"Bota Piel Nobuk Ref. 100 0 \/100 1 Descripci\u00f3n: Bota de piel nobuk. Cosida y pegada. Suela de goma, antideslizante y antiest\u00e1tica. Con casquillo de acero. Talla: 36 \/ 37 \/ 38 \/ 39 \/ 40 \/ 41 \/ 42 \/ 43 \/ 44 \/ 45 \/ 46 \/ 47 \/ 48 Color: \u00a0Marr\u00f3n (100 0) \u00a0\u00a0\u00a0\u00a0\u00a0\u00a0\u00a0\u00a0\u00a0\u00a0\u00a0 Negro (100 1) Normativa: EN 345 S1. Calzado de Seguridad. Tal\u00f3n cerrado. Propiedades antiest\u00e1ticas. Absorci\u00f3n de energ\u00eda del tal\u00f3n.\" \/>\n<meta property=\"og:url\" content=\"https:\/\/www.spacub.com\/spacubsl\/es\/product\/100\/\" \/>\n<meta property=\"og:site_name\" content=\"SPACUB\" \/>\n<meta property=\"article:modified_time\" content=\"2020-01-04T04:45:00+00:00\" \/>\n<meta property=\"og:image\" content=\"https:\/\/www.spacub.com\/spacubsl\/wp-content\/uploads\/2018\/05\/100-0.jpg\" \/>\n\t<meta property=\"og:image:width\" content=\"640\" \/>\n\t<meta property=\"og:image:height\" content=\"480\" \/>\n\t<meta property=\"og:image:type\" content=\"image\/jpeg\" \/>\n<meta name=\"twitter:card\" content=\"summary_large_image\" \/>\n<script type=\"application\/ld+json\" class=\"yoast-schema-graph\">{\"@context\":\"https:\/\/schema.org\",\"@graph\":[{\"@type\":\"WebPage\",\"@id\":\"https:\/\/www.spacub.com\/spacubsl\/es\/product\/100\/\",\"url\":\"https:\/\/www.spacub.com\/spacubsl\/es\/product\/100\/\",\"name\":\"100 0 \/ 100 1 - SPACUB\",\"isPartOf\":{\"@id\":\"https:\/\/www.spacub.com\/spacubsl\/#website\"},\"primaryImageOfPage\":{\"@id\":\"https:\/\/www.spacub.com\/spacubsl\/es\/product\/100\/#primaryimage\"},\"image\":{\"@id\":\"https:\/\/www.spacub.com\/spacubsl\/es\/product\/100\/#primaryimage\"},\"thumbnailUrl\":\"https:\/\/www.spacub.com\/spacubsl\/wp-content\/uploads\/2018\/05\/100-0.jpg\",\"datePublished\":\"2018-05-16T20:13:15+00:00\",\"dateModified\":\"2020-01-04T04:45:00+00:00\",\"breadcrumb\":{\"@id\":\"https:\/\/www.spacub.com\/spacubsl\/es\/product\/100\/#breadcrumb\"},\"inLanguage\":\"en-US\",\"potentialAction\":[{\"@type\":\"ReadAction\",\"target\":[\"https:\/\/www.spacub.com\/spacubsl\/es\/product\/100\/\"]}]},{\"@type\":\"ImageObject\",\"inLanguage\":\"en-US\",\"@id\":\"https:\/\/www.spacub.com\/spacubsl\/es\/product\/100\/#primaryimage\",\"url\":\"https:\/\/www.spacub.com\/spacubsl\/wp-content\/uploads\/2018\/05\/100-0.jpg\",\"contentUrl\":\"https:\/\/www.spacub.com\/spacubsl\/wp-content\/uploads\/2018\/05\/100-0.jpg\",\"width\":640,\"height\":480},{\"@type\":\"BreadcrumbList\",\"@id\":\"https:\/\/www.spacub.com\/spacubsl\/es\/product\/100\/#breadcrumb\",\"itemListElement\":[{\"@type\":\"ListItem\",\"position\":1,\"name\":\"Home\",\"item\":\"https:\/\/www.spacub.com\/spacubsl\/es\/\"},{\"@type\":\"ListItem\",\"position\":2,\"name\":\"Products\",\"item\":\"https:\/\/www.spacub.com\/spacubsl\/en\/shop\/\"},{\"@type\":\"ListItem\",\"position\":3,\"name\":\"100 0 \/ 100 1\"}]},{\"@type\":\"WebSite\",\"@id\":\"https:\/\/www.spacub.com\/spacubsl\/#website\",\"url\":\"https:\/\/www.spacub.com\/spacubsl\/\",\"name\":\"SPACUB\",\"description\":\"... por tu seguridad\",\"potentialAction\":[{\"@type\":\"SearchAction\",\"target\":{\"@type\":\"EntryPoint\",\"urlTemplate\":\"https:\/\/www.spacub.com\/spacubsl\/?s={search_term_string}\"},\"query-input\":\"required name=search_term_string\"}],\"inLanguage\":\"en-US\"}]}<\/script>\n<!-- \/ Yoast SEO plugin. -->","yoast_head_json":{"title":"100 0 \/ 100 1 - SPACUB","robots":{"index":"index","follow":"follow","max-snippet":"max-snippet:-1","max-image-preview":"max-image-preview:large","max-video-preview":"max-video-preview:-1"},"canonical":"https:\/\/www.spacub.com\/spacubsl\/es\/product\/100\/","og_locale":"en_US","og_type":"article","og_title":"100 0 \/ 100 1 - SPACUB","og_description":"Bota Piel Nobuk Ref. 100 0 \/100 1 Descripci\u00f3n: Bota de piel nobuk. Cosida y pegada. Suela de goma, antideslizante y antiest\u00e1tica. Con casquillo de acero. Talla: 36 \/ 37 \/ 38 \/ 39 \/ 40 \/ 41 \/ 42 \/ 43 \/ 44 \/ 45 \/ 46 \/ 47 \/ 48 Color: \u00a0Marr\u00f3n (100 0) \u00a0\u00a0\u00a0\u00a0\u00a0\u00a0\u00a0\u00a0\u00a0\u00a0\u00a0 Negro (100 1) Normativa: EN 345 S1. Calzado de Seguridad. Tal\u00f3n cerrado. Propiedades antiest\u00e1ticas. Absorci\u00f3n de energ\u00eda del tal\u00f3n.","og_url":"https:\/\/www.spacub.com\/spacubsl\/es\/product\/100\/","og_site_name":"SPACUB","article_modified_time":"2020-01-04T04:45:00+00:00","og_image":[{"width":640,"height":480,"url":"https:\/\/www.spacub.com\/spacubsl\/wp-content\/uploads\/2018\/05\/100-0.jpg","type":"image\/jpeg"}],"twitter_card":"summary_large_image","schema":{"@context":"https:\/\/schema.org","@graph":[{"@type":"WebPage","@id":"https:\/\/www.spacub.com\/spacubsl\/es\/product\/100\/","url":"https:\/\/www.spacub.com\/spacubsl\/es\/product\/100\/","name":"100 0 \/ 100 1 - SPACUB","isPartOf":{"@id":"https:\/\/www.spacub.com\/spacubsl\/#website"},"primaryImageOfPage":{"@id":"https:\/\/www.spacub.com\/spacubsl\/es\/product\/100\/#primaryimage"},"image":{"@id":"https:\/\/www.spacub.com\/spacubsl\/es\/product\/100\/#primaryimage"},"thumbnailUrl":"https:\/\/www.spacub.com\/spacubsl\/wp-content\/uploads\/2018\/05\/100-0.jpg","datePublished":"2018-05-16T20:13:15+00:00","dateModified":"2020-01-04T04:45:00+00:00","breadcrumb":{"@id":"https:\/\/www.spacub.com\/spacubsl\/es\/product\/100\/#breadcrumb"},"inLanguage":"en-US","potentialAction":[{"@type":"ReadAction","target":["https:\/\/www.spacub.com\/spacubsl\/es\/product\/100\/"]}]},{"@type":"ImageObject","inLanguage":"en-US","@id":"https:\/\/www.spacub.com\/spacubsl\/es\/product\/100\/#primaryimage","url":"https:\/\/www.spacub.com\/spacubsl\/wp-content\/uploads\/2018\/05\/100-0.jpg","contentUrl":"https:\/\/www.spacub.com\/spacubsl\/wp-content\/uploads\/2018\/05\/100-0.jpg","width":640,"height":480},{"@type":"BreadcrumbList","@id":"https:\/\/www.spacub.com\/spacubsl\/es\/product\/100\/#breadcrumb","itemListElement":[{"@type":"ListItem","position":1,"name":"Home","item":"https:\/\/www.spacub.com\/spacubsl\/es\/"},{"@type":"ListItem","position":2,"name":"Products","item":"https:\/\/www.spacub.com\/spacubsl\/en\/shop\/"},{"@type":"ListItem","position":3,"name":"100 0 \/ 100 1"}]},{"@type":"WebSite","@id":"https:\/\/www.spacub.com\/spacubsl\/#website","url":"https:\/\/www.spacub.com\/spacubsl\/","name":"SPACUB","description":"... por tu seguridad","potentialAction":[{"@type":"SearchAction","target":{"@type":"EntryPoint","urlTemplate":"https:\/\/www.spacub.com\/spacubsl\/?s={search_term_string}"},"query-input":"required name=search_term_string"}],"inLanguage":"en-US"}]}},"_links":{"self":[{"href":"https:\/\/www.spacub.com\/spacubsl\/wp-json\/wp\/v2\/product\/2141"}],"collection":[{"href":"https:\/\/www.spacub.com\/spacubsl\/wp-json\/wp\/v2\/product"}],"about":[{"href":"https:\/\/www.spacub.com\/spacubsl\/wp-json\/wp\/v2\/types\/product"}],"replies":[{"embeddable":true,"href":"https:\/\/www.spacub.com\/spacubsl\/wp-json\/wp\/v2\/comments?post=2141"}],"version-history":[{"count":0,"href":"https:\/\/www.spacub.com\/spacubsl\/wp-json\/wp\/v2\/product\/2141\/revisions"}],"wp:featuredmedia":[{"embeddable":true,"href":"https:\/\/www.spacub.com\/spacubsl\/wp-json\/wp\/v2\/media\/2756"}],"wp:attachment":[{"href":"https:\/\/www.spacub.com\/spacubsl\/wp-json\/wp\/v2\/media?parent=2141"}],"wp:term":[{"taxonomy":"product_cat","embeddable":true,"href":"https:\/\/www.spacub.com\/spacubsl\/wp-json\/wp\/v2\/product_cat?post=2141"},{"taxonomy":"product_tag","embeddable":true,"href":"https:\/\/www.spacub.com\/spacubsl\/wp-json\/wp\/v2\/product_tag?post=2141"}],"curies":[{"name":"wp","href":"https:\/\/api.w.org\/{rel}","templated":true}]}}