{"id":3278,"date":"2019-06-11T03:34:12","date_gmt":"2019-06-11T03:34:12","guid":{"rendered":"https:\/\/www.spacub.com\/spacubsl\/?page_id=3278"},"modified":"2020-10-14T19:23:33","modified_gmt":"2020-10-14T19:23:33","slug":"vestuario-laboral-tecnico-y-de-proteccion","status":"publish","type":"page","link":"https:\/\/www.spacub.com\/spacubsl\/es\/vestuario-laboral-tecnico-y-de-proteccion\/","title":{"rendered":"Vestuario Laboral, T\u00e9cnico y de Protecci\u00f3n"},"content":{"rendered":"\t\t<div data-elementor-type=\"wp-post\" data-elementor-id=\"3278\" class=\"elementor elementor-3278\">\n\t\t\t\t\t\t<section class=\"elementor-section elementor-top-section elementor-element elementor-element-0440764 elementor-section-boxed elementor-section-height-default elementor-section-height-default\" data-id=\"0440764\" data-element_type=\"section\">\n\t\t\t\t\t\t<div class=\"elementor-container elementor-column-gap-default\">\n\t\t\t\t\t<div class=\"elementor-column elementor-col-100 elementor-top-column elementor-element elementor-element-c0d145a\" data-id=\"c0d145a\" data-element_type=\"column\">\n\t\t\t<div class=\"elementor-widget-wrap elementor-element-populated\">\n\t\t\t\t\t\t<div class=\"elementor-element elementor-element-7fb30a4 elementor-widget elementor-widget-heading\" data-id=\"7fb30a4\" data-element_type=\"widget\" data-widget_type=\"heading.default\">\n\t\t\t\t<div class=\"elementor-widget-container\">\n\t\t\t<h2 class=\"elementor-heading-title elementor-size-default\"><b>vestuario laboral, t\u00e9cnico y de protecci\u00f3n<\/b><\/h2>\t\t<\/div>\n\t\t\t\t<\/div>\n\t\t\t\t\t<\/div>\n\t\t<\/div>\n\t\t\t\t\t<\/div>\n\t\t<\/section>\n\t\t\t\t<section class=\"elementor-section elementor-top-section elementor-element elementor-element-cffdeee elementor-section-boxed elementor-section-height-default elementor-section-height-default\" data-id=\"cffdeee\" data-element_type=\"section\">\n\t\t\t\t\t\t<div class=\"elementor-container elementor-column-gap-default\">\n\t\t\t\t\t<div class=\"elementor-column elementor-col-20 elementor-top-column elementor-element elementor-element-8e1645c\" data-id=\"8e1645c\" data-element_type=\"column\">\n\t\t\t<div class=\"elementor-widget-wrap\">\n\t\t\t\t\t\t\t<\/div>\n\t\t<\/div>\n\t\t\t\t<div class=\"elementor-column elementor-col-20 elementor-top-column elementor-element elementor-element-1c4f10b\" data-id=\"1c4f10b\" data-element_type=\"column\">\n\t\t\t<div class=\"elementor-widget-wrap elementor-element-populated\">\n\t\t\t\t\t\t<div class=\"elementor-element elementor-element-f260904 elementor-widget elementor-widget-image\" data-id=\"f260904\" data-element_type=\"widget\" data-widget_type=\"image.default\">\n\t\t\t\t<div class=\"elementor-widget-container\">\n\t\t\t\t\t\t\t\t\t\t<figure class=\"wp-caption\">\n\t\t\t\t\t\t\t\t\t\t\t<a href=\"https:\/\/www.spacub.com\/spacubsl\/es\/alta-visibilidad\/\">\n\t\t\t\t\t\t\t<img fetchpriority=\"high\" decoding=\"async\" width=\"640\" height=\"480\" src=\"https:\/\/www.spacub.com\/spacubsl\/wp-content\/uploads\/2019\/04\/0602010-A.jpg\" class=\"attachment-large size-large wp-image-2904\" alt=\"\" srcset=\"https:\/\/www.spacub.com\/spacubsl\/wp-content\/uploads\/2019\/04\/0602010-A.jpg 640w, https:\/\/www.spacub.com\/spacubsl\/wp-content\/uploads\/2019\/04\/0602010-A-300x225.jpg 300w, https:\/\/www.spacub.com\/spacubsl\/wp-content\/uploads\/2019\/04\/0602010-A-600x450.jpg 600w\" sizes=\"(max-width: 640px) 100vw, 640px\" \/>\t\t\t\t\t\t\t\t<\/a>\n\t\t\t\t\t\t\t\t\t\t\t<figcaption class=\"widget-image-caption wp-caption-text\">ALTA VISIBILIDAD<\/figcaption>\n\t\t\t\t\t\t\t\t\t\t<\/figure>\n\t\t\t\t\t\t\t<\/div>\n\t\t\t\t<\/div>\n\t\t\t\t\t<\/div>\n\t\t<\/div>\n\t\t\t\t<div class=\"elementor-column elementor-col-20 elementor-top-column elementor-element elementor-element-75c4162\" data-id=\"75c4162\" data-element_type=\"column\">\n\t\t\t<div class=\"elementor-widget-wrap elementor-element-populated\">\n\t\t\t\t\t\t<div class=\"elementor-element elementor-element-613d3cd elementor-widget elementor-widget-image\" data-id=\"613d3cd\" data-element_type=\"widget\" data-widget_type=\"image.default\">\n\t\t\t\t<div class=\"elementor-widget-container\">\n\t\t\t\t\t\t\t\t\t\t<figure class=\"wp-caption\">\n\t\t\t\t\t\t\t\t\t\t\t<a href=\"https:\/\/www.spacub.com\/spacubsl\/es\/trabajo\/\">\n\t\t\t\t\t\t\t<img decoding=\"async\" width=\"640\" height=\"480\" src=\"https:\/\/www.spacub.com\/spacubsl\/wp-content\/uploads\/2019\/05\/BU00010.jpg\" class=\"attachment-large size-large wp-image-2986\" alt=\"\" srcset=\"https:\/\/www.spacub.com\/spacubsl\/wp-content\/uploads\/2019\/05\/BU00010.jpg 640w, https:\/\/www.spacub.com\/spacubsl\/wp-content\/uploads\/2019\/05\/BU00010-300x225.jpg 300w, https:\/\/www.spacub.com\/spacubsl\/wp-content\/uploads\/2019\/05\/BU00010-600x450.jpg 600w\" sizes=\"(max-width: 640px) 100vw, 640px\" \/>\t\t\t\t\t\t\t\t<\/a>\n\t\t\t\t\t\t\t\t\t\t\t<figcaption class=\"widget-image-caption wp-caption-text\">TRABAJO<\/figcaption>\n\t\t\t\t\t\t\t\t\t\t<\/figure>\n\t\t\t\t\t\t\t<\/div>\n\t\t\t\t<\/div>\n\t\t\t\t\t<\/div>\n\t\t<\/div>\n\t\t\t\t<div class=\"elementor-column elementor-col-20 elementor-top-column elementor-element elementor-element-beff9b4\" data-id=\"beff9b4\" data-element_type=\"column\">\n\t\t\t<div class=\"elementor-widget-wrap elementor-element-populated\">\n\t\t\t\t\t\t<div class=\"elementor-element elementor-element-d744c11 elementor-widget elementor-widget-image\" data-id=\"d744c11\" data-element_type=\"widget\" data-widget_type=\"image.default\">\n\t\t\t\t<div class=\"elementor-widget-container\">\n\t\t\t\t\t\t\t\t\t\t<figure class=\"wp-caption\">\n\t\t\t\t\t\t\t\t\t\t\t<a href=\"https:\/\/www.spacub.com\/spacubsl\/es\/sanitario\/\">\n\t\t\t\t\t\t\t<img decoding=\"async\" width=\"640\" height=\"480\" src=\"https:\/\/www.spacub.com\/spacubsl\/wp-content\/uploads\/2019\/05\/SAF-999-2.jpg\" class=\"attachment-large size-large wp-image-2987\" alt=\"\" srcset=\"https:\/\/www.spacub.com\/spacubsl\/wp-content\/uploads\/2019\/05\/SAF-999-2.jpg 640w, https:\/\/www.spacub.com\/spacubsl\/wp-content\/uploads\/2019\/05\/SAF-999-2-300x225.jpg 300w, https:\/\/www.spacub.com\/spacubsl\/wp-content\/uploads\/2019\/05\/SAF-999-2-600x450.jpg 600w\" sizes=\"(max-width: 640px) 100vw, 640px\" \/>\t\t\t\t\t\t\t\t<\/a>\n\t\t\t\t\t\t\t\t\t\t\t<figcaption class=\"widget-image-caption wp-caption-text\">SANITARIO<\/figcaption>\n\t\t\t\t\t\t\t\t\t\t<\/figure>\n\t\t\t\t\t\t\t<\/div>\n\t\t\t\t<\/div>\n\t\t\t\t\t<\/div>\n\t\t<\/div>\n\t\t\t\t<div class=\"elementor-column elementor-col-20 elementor-top-column elementor-element elementor-element-9b8b03a\" data-id=\"9b8b03a\" data-element_type=\"column\">\n\t\t\t<div class=\"elementor-widget-wrap\">\n\t\t\t\t\t\t\t<\/div>\n\t\t<\/div>\n\t\t\t\t\t<\/div>\n\t\t<\/section>\n\t\t\t\t<section class=\"elementor-section elementor-top-section elementor-element elementor-element-5aefe55 elementor-section-boxed elementor-section-height-default elementor-section-height-default\" data-id=\"5aefe55\" data-element_type=\"section\">\n\t\t\t\t\t\t<div class=\"elementor-container elementor-column-gap-default\">\n\t\t\t\t\t<div class=\"elementor-column elementor-col-20 elementor-top-column elementor-element elementor-element-d0c85e7\" data-id=\"d0c85e7\" data-element_type=\"column\">\n\t\t\t<div class=\"elementor-widget-wrap\">\n\t\t\t\t\t\t\t<\/div>\n\t\t<\/div>\n\t\t\t\t<div class=\"elementor-column elementor-col-20 elementor-top-column elementor-element elementor-element-465abf9\" data-id=\"465abf9\" data-element_type=\"column\">\n\t\t\t<div class=\"elementor-widget-wrap elementor-element-populated\">\n\t\t\t\t\t\t<div class=\"elementor-element elementor-element-6d203cc elementor-widget elementor-widget-image\" data-id=\"6d203cc\" data-element_type=\"widget\" data-widget_type=\"image.default\">\n\t\t\t\t<div class=\"elementor-widget-container\">\n\t\t\t\t\t\t\t\t\t\t<figure class=\"wp-caption\">\n\t\t\t\t\t\t\t\t\t\t\t<a href=\"https:\/\/www.spacub.com\/spacubsl\/es\/impermeables\/\">\n\t\t\t\t\t\t\t<img loading=\"lazy\" decoding=\"async\" width=\"640\" height=\"480\" src=\"https:\/\/www.spacub.com\/spacubsl\/wp-content\/uploads\/2019\/05\/EBRO-1.jpg\" class=\"attachment-large size-large wp-image-3025\" alt=\"\" srcset=\"https:\/\/www.spacub.com\/spacubsl\/wp-content\/uploads\/2019\/05\/EBRO-1.jpg 640w, https:\/\/www.spacub.com\/spacubsl\/wp-content\/uploads\/2019\/05\/EBRO-1-300x225.jpg 300w, https:\/\/www.spacub.com\/spacubsl\/wp-content\/uploads\/2019\/05\/EBRO-1-600x450.jpg 600w\" sizes=\"(max-width: 640px) 100vw, 640px\" \/>\t\t\t\t\t\t\t\t<\/a>\n\t\t\t\t\t\t\t\t\t\t\t<figcaption class=\"widget-image-caption wp-caption-text\">IMPERMEABLES<\/figcaption>\n\t\t\t\t\t\t\t\t\t\t<\/figure>\n\t\t\t\t\t\t\t<\/div>\n\t\t\t\t<\/div>\n\t\t\t\t\t<\/div>\n\t\t<\/div>\n\t\t\t\t<div class=\"elementor-column elementor-col-20 elementor-top-column elementor-element elementor-element-dd5f123\" data-id=\"dd5f123\" data-element_type=\"column\">\n\t\t\t<div class=\"elementor-widget-wrap elementor-element-populated\">\n\t\t\t\t\t\t<div class=\"elementor-element elementor-element-81f9a42 elementor-widget elementor-widget-image\" data-id=\"81f9a42\" data-element_type=\"widget\" data-widget_type=\"image.default\">\n\t\t\t\t<div class=\"elementor-widget-container\">\n\t\t\t\t\t\t\t\t\t\t<figure class=\"wp-caption\">\n\t\t\t\t\t\t\t\t\t\t\t<a href=\"https:\/\/www.spacub.com\/spacubsl\/es\/frio\/\">\n\t\t\t\t\t\t\t<img loading=\"lazy\" decoding=\"async\" width=\"640\" height=\"480\" src=\"https:\/\/www.spacub.com\/spacubsl\/wp-content\/uploads\/2019\/05\/PARK.jpg\" class=\"attachment-large size-large wp-image-2977\" alt=\"\" srcset=\"https:\/\/www.spacub.com\/spacubsl\/wp-content\/uploads\/2019\/05\/PARK.jpg 640w, https:\/\/www.spacub.com\/spacubsl\/wp-content\/uploads\/2019\/05\/PARK-300x225.jpg 300w, https:\/\/www.spacub.com\/spacubsl\/wp-content\/uploads\/2019\/05\/PARK-600x450.jpg 600w\" sizes=\"(max-width: 640px) 100vw, 640px\" \/>\t\t\t\t\t\t\t\t<\/a>\n\t\t\t\t\t\t\t\t\t\t\t<figcaption class=\"widget-image-caption wp-caption-text\">FRIO<\/figcaption>\n\t\t\t\t\t\t\t\t\t\t<\/figure>\n\t\t\t\t\t\t\t<\/div>\n\t\t\t\t<\/div>\n\t\t\t\t\t<\/div>\n\t\t<\/div>\n\t\t\t\t<div class=\"elementor-column elementor-col-20 elementor-top-column elementor-element elementor-element-dbdc3ba\" data-id=\"dbdc3ba\" data-element_type=\"column\">\n\t\t\t<div class=\"elementor-widget-wrap elementor-element-populated\">\n\t\t\t\t\t\t<div class=\"elementor-element elementor-element-795e6fd elementor-widget elementor-widget-image\" data-id=\"795e6fd\" data-element_type=\"widget\" data-widget_type=\"image.default\">\n\t\t\t\t<div class=\"elementor-widget-container\">\n\t\t\t\t\t\t\t\t\t\t<figure class=\"wp-caption\">\n\t\t\t\t\t\t\t\t\t\t\t<a href=\"https:\/\/www.spacub.com\/spacubsl\/es\/complementos\/\">\n\t\t\t\t\t\t\t<img loading=\"lazy\" decoding=\"async\" width=\"640\" height=\"480\" src=\"https:\/\/www.spacub.com\/spacubsl\/wp-content\/uploads\/2019\/04\/MANDIL.jpg\" class=\"attachment-large size-large wp-image-2914\" alt=\"\" srcset=\"https:\/\/www.spacub.com\/spacubsl\/wp-content\/uploads\/2019\/04\/MANDIL.jpg 640w, https:\/\/www.spacub.com\/spacubsl\/wp-content\/uploads\/2019\/04\/MANDIL-300x225.jpg 300w, https:\/\/www.spacub.com\/spacubsl\/wp-content\/uploads\/2019\/04\/MANDIL-600x450.jpg 600w\" sizes=\"(max-width: 640px) 100vw, 640px\" \/>\t\t\t\t\t\t\t\t<\/a>\n\t\t\t\t\t\t\t\t\t\t\t<figcaption class=\"widget-image-caption wp-caption-text\">COMPLEMENTOS<\/figcaption>\n\t\t\t\t\t\t\t\t\t\t<\/figure>\n\t\t\t\t\t\t\t<\/div>\n\t\t\t\t<\/div>\n\t\t\t\t\t<\/div>\n\t\t<\/div>\n\t\t\t\t<div class=\"elementor-column elementor-col-20 elementor-top-column elementor-element elementor-element-ad85542\" data-id=\"ad85542\" data-element_type=\"column\">\n\t\t\t<div class=\"elementor-widget-wrap\">\n\t\t\t\t\t\t\t<\/div>\n\t\t<\/div>\n\t\t\t\t\t<\/div>\n\t\t<\/section>\n\t\t\t\t<\/div>\n\t\t","protected":false},"excerpt":{"rendered":"<p>vestuario laboral, t\u00e9cnico y de protecci\u00f3n ALTA VISIBILIDAD TRABAJO SANITARIO IMPERMEABLES FRIO COMPLEMENTOS<\/p>\n","protected":false},"author":1,"featured_media":0,"parent":0,"menu_order":0,"comment_status":"closed","ping_status":"closed","template":"","meta":{"footnotes":""},"yoast_head":"<!-- This site is optimized with the Yoast SEO plugin v22.7 - https:\/\/yoast.com\/wordpress\/plugins\/seo\/ -->\n<title>Vestuario Laboral, T\u00e9cnico y de Protecci\u00f3n - SPACUB<\/title>\n<meta name=\"robots\" content=\"index, follow, max-snippet:-1, max-image-preview:large, max-video-preview:-1\" \/>\n<link rel=\"canonical\" href=\"https:\/\/www.spacub.com\/spacubsl\/es\/vestuario-laboral-tecnico-y-de-proteccion\/\" \/>\n<meta property=\"og:locale\" content=\"en_US\" \/>\n<meta property=\"og:type\" content=\"article\" \/>\n<meta property=\"og:title\" content=\"Vestuario Laboral, T\u00e9cnico y de Protecci\u00f3n - SPACUB\" \/>\n<meta property=\"og:description\" content=\"vestuario laboral, t\u00e9cnico y de protecci\u00f3n ALTA VISIBILIDAD TRABAJO SANITARIO IMPERMEABLES FRIO COMPLEMENTOS\" \/>\n<meta property=\"og:url\" content=\"https:\/\/www.spacub.com\/spacubsl\/es\/vestuario-laboral-tecnico-y-de-proteccion\/\" \/>\n<meta property=\"og:site_name\" content=\"SPACUB\" \/>\n<meta property=\"article:modified_time\" content=\"2020-10-14T19:23:33+00:00\" \/>\n<meta property=\"og:image\" content=\"https:\/\/www.spacub.com\/spacubsl\/wp-content\/uploads\/2019\/04\/0602010-A.jpg\" \/>\n<meta name=\"twitter:card\" content=\"summary_large_image\" \/>\n<script type=\"application\/ld+json\" class=\"yoast-schema-graph\">{\"@context\":\"https:\/\/schema.org\",\"@graph\":[{\"@type\":\"WebPage\",\"@id\":\"https:\/\/www.spacub.com\/spacubsl\/es\/vestuario-laboral-tecnico-y-de-proteccion\/\",\"url\":\"https:\/\/www.spacub.com\/spacubsl\/es\/vestuario-laboral-tecnico-y-de-proteccion\/\",\"name\":\"Vestuario Laboral, T\u00e9cnico y de Protecci\u00f3n - SPACUB\",\"isPartOf\":{\"@id\":\"https:\/\/www.spacub.com\/spacubsl\/#website\"},\"primaryImageOfPage\":{\"@id\":\"https:\/\/www.spacub.com\/spacubsl\/es\/vestuario-laboral-tecnico-y-de-proteccion\/#primaryimage\"},\"image\":{\"@id\":\"https:\/\/www.spacub.com\/spacubsl\/es\/vestuario-laboral-tecnico-y-de-proteccion\/#primaryimage\"},\"thumbnailUrl\":\"https:\/\/www.spacub.com\/spacubsl\/wp-content\/uploads\/2019\/04\/0602010-A.jpg\",\"datePublished\":\"2019-06-11T03:34:12+00:00\",\"dateModified\":\"2020-10-14T19:23:33+00:00\",\"breadcrumb\":{\"@id\":\"https:\/\/www.spacub.com\/spacubsl\/es\/vestuario-laboral-tecnico-y-de-proteccion\/#breadcrumb\"},\"inLanguage\":\"en-US\",\"potentialAction\":[{\"@type\":\"ReadAction\",\"target\":[\"https:\/\/www.spacub.com\/spacubsl\/es\/vestuario-laboral-tecnico-y-de-proteccion\/\"]}]},{\"@type\":\"ImageObject\",\"inLanguage\":\"en-US\",\"@id\":\"https:\/\/www.spacub.com\/spacubsl\/es\/vestuario-laboral-tecnico-y-de-proteccion\/#primaryimage\",\"url\":\"https:\/\/www.spacub.com\/spacubsl\/wp-content\/uploads\/2019\/04\/0602010-A.jpg\",\"contentUrl\":\"https:\/\/www.spacub.com\/spacubsl\/wp-content\/uploads\/2019\/04\/0602010-A.jpg\",\"width\":640,\"height\":480},{\"@type\":\"BreadcrumbList\",\"@id\":\"https:\/\/www.spacub.com\/spacubsl\/es\/vestuario-laboral-tecnico-y-de-proteccion\/#breadcrumb\",\"itemListElement\":[{\"@type\":\"ListItem\",\"position\":1,\"name\":\"Home\",\"item\":\"https:\/\/www.spacub.com\/spacubsl\/es\/\"},{\"@type\":\"ListItem\",\"position\":2,\"name\":\"Vestuario Laboral, T\u00e9cnico y de Protecci\u00f3n\"}]},{\"@type\":\"WebSite\",\"@id\":\"https:\/\/www.spacub.com\/spacubsl\/#website\",\"url\":\"https:\/\/www.spacub.com\/spacubsl\/\",\"name\":\"SPACUB\",\"description\":\"... por tu seguridad\",\"potentialAction\":[{\"@type\":\"SearchAction\",\"target\":{\"@type\":\"EntryPoint\",\"urlTemplate\":\"https:\/\/www.spacub.com\/spacubsl\/?s={search_term_string}\"},\"query-input\":\"required name=search_term_string\"}],\"inLanguage\":\"en-US\"}]}<\/script>\n<!-- \/ Yoast SEO plugin. -->","yoast_head_json":{"title":"Vestuario Laboral, T\u00e9cnico y de Protecci\u00f3n - SPACUB","robots":{"index":"index","follow":"follow","max-snippet":"max-snippet:-1","max-image-preview":"max-image-preview:large","max-video-preview":"max-video-preview:-1"},"canonical":"https:\/\/www.spacub.com\/spacubsl\/es\/vestuario-laboral-tecnico-y-de-proteccion\/","og_locale":"en_US","og_type":"article","og_title":"Vestuario Laboral, T\u00e9cnico y de Protecci\u00f3n - SPACUB","og_description":"vestuario laboral, t\u00e9cnico y de protecci\u00f3n ALTA VISIBILIDAD TRABAJO SANITARIO IMPERMEABLES FRIO COMPLEMENTOS","og_url":"https:\/\/www.spacub.com\/spacubsl\/es\/vestuario-laboral-tecnico-y-de-proteccion\/","og_site_name":"SPACUB","article_modified_time":"2020-10-14T19:23:33+00:00","og_image":[{"url":"https:\/\/www.spacub.com\/spacubsl\/wp-content\/uploads\/2019\/04\/0602010-A.jpg"}],"twitter_card":"summary_large_image","schema":{"@context":"https:\/\/schema.org","@graph":[{"@type":"WebPage","@id":"https:\/\/www.spacub.com\/spacubsl\/es\/vestuario-laboral-tecnico-y-de-proteccion\/","url":"https:\/\/www.spacub.com\/spacubsl\/es\/vestuario-laboral-tecnico-y-de-proteccion\/","name":"Vestuario Laboral, T\u00e9cnico y de Protecci\u00f3n - SPACUB","isPartOf":{"@id":"https:\/\/www.spacub.com\/spacubsl\/#website"},"primaryImageOfPage":{"@id":"https:\/\/www.spacub.com\/spacubsl\/es\/vestuario-laboral-tecnico-y-de-proteccion\/#primaryimage"},"image":{"@id":"https:\/\/www.spacub.com\/spacubsl\/es\/vestuario-laboral-tecnico-y-de-proteccion\/#primaryimage"},"thumbnailUrl":"https:\/\/www.spacub.com\/spacubsl\/wp-content\/uploads\/2019\/04\/0602010-A.jpg","datePublished":"2019-06-11T03:34:12+00:00","dateModified":"2020-10-14T19:23:33+00:00","breadcrumb":{"@id":"https:\/\/www.spacub.com\/spacubsl\/es\/vestuario-laboral-tecnico-y-de-proteccion\/#breadcrumb"},"inLanguage":"en-US","potentialAction":[{"@type":"ReadAction","target":["https:\/\/www.spacub.com\/spacubsl\/es\/vestuario-laboral-tecnico-y-de-proteccion\/"]}]},{"@type":"ImageObject","inLanguage":"en-US","@id":"https:\/\/www.spacub.com\/spacubsl\/es\/vestuario-laboral-tecnico-y-de-proteccion\/#primaryimage","url":"https:\/\/www.spacub.com\/spacubsl\/wp-content\/uploads\/2019\/04\/0602010-A.jpg","contentUrl":"https:\/\/www.spacub.com\/spacubsl\/wp-content\/uploads\/2019\/04\/0602010-A.jpg","width":640,"height":480},{"@type":"BreadcrumbList","@id":"https:\/\/www.spacub.com\/spacubsl\/es\/vestuario-laboral-tecnico-y-de-proteccion\/#breadcrumb","itemListElement":[{"@type":"ListItem","position":1,"name":"Home","item":"https:\/\/www.spacub.com\/spacubsl\/es\/"},{"@type":"ListItem","position":2,"name":"Vestuario Laboral, T\u00e9cnico y de Protecci\u00f3n"}]},{"@type":"WebSite","@id":"https:\/\/www.spacub.com\/spacubsl\/#website","url":"https:\/\/www.spacub.com\/spacubsl\/","name":"SPACUB","description":"... por tu seguridad","potentialAction":[{"@type":"SearchAction","target":{"@type":"EntryPoint","urlTemplate":"https:\/\/www.spacub.com\/spacubsl\/?s={search_term_string}"},"query-input":"required name=search_term_string"}],"inLanguage":"en-US"}]}},"_links":{"self":[{"href":"https:\/\/www.spacub.com\/spacubsl\/wp-json\/wp\/v2\/pages\/3278"}],"collection":[{"href":"https:\/\/www.spacub.com\/spacubsl\/wp-json\/wp\/v2\/pages"}],"about":[{"href":"https:\/\/www.spacub.com\/spacubsl\/wp-json\/wp\/v2\/types\/page"}],"author":[{"embeddable":true,"href":"https:\/\/www.spacub.com\/spacubsl\/wp-json\/wp\/v2\/users\/1"}],"replies":[{"embeddable":true,"href":"https:\/\/www.spacub.com\/spacubsl\/wp-json\/wp\/v2\/comments?post=3278"}],"version-history":[{"count":0,"href":"https:\/\/www.spacub.com\/spacubsl\/wp-json\/wp\/v2\/pages\/3278\/revisions"}],"wp:attachment":[{"href":"https:\/\/www.spacub.com\/spacubsl\/wp-json\/wp\/v2\/media?parent=3278"}],"curies":[{"name":"wp","href":"https:\/\/api.w.org\/{rel}","templated":true}]}}