{"id":2722,"date":"2019-04-05T21:17:07","date_gmt":"2019-04-05T21:17:07","guid":{"rendered":"https:\/\/www.spacub.com\/spacubsl\/?page_id=2722"},"modified":"2020-10-25T02:29:32","modified_gmt":"2020-10-25T02:29:32","slug":"categorias","status":"publish","type":"page","link":"https:\/\/www.spacub.com\/spacubsl\/es\/categorias\/","title":{"rendered":"Categorias"},"content":{"rendered":"\t\t<div data-elementor-type=\"wp-post\" data-elementor-id=\"2722\" class=\"elementor elementor-2722\">\n\t\t\t\t\t\t<section class=\"elementor-section elementor-top-section elementor-element elementor-element-4125097 elementor-section-boxed elementor-section-height-default elementor-section-height-default\" data-id=\"4125097\" data-element_type=\"section\">\n\t\t\t\t\t\t<div class=\"elementor-container elementor-column-gap-default\">\n\t\t\t\t\t<div class=\"elementor-column elementor-col-20 elementor-top-column elementor-element elementor-element-a9fed48\" data-id=\"a9fed48\" data-element_type=\"column\">\n\t\t\t<div class=\"elementor-widget-wrap\">\n\t\t\t\t\t\t\t<\/div>\n\t\t<\/div>\n\t\t\t\t<div class=\"elementor-column elementor-col-20 elementor-top-column elementor-element elementor-element-0aefa7b\" data-id=\"0aefa7b\" data-element_type=\"column\">\n\t\t\t<div class=\"elementor-widget-wrap elementor-element-populated\">\n\t\t\t\t\t\t<div class=\"elementor-element elementor-element-ff7cc52 elementor-widget elementor-widget-image\" data-id=\"ff7cc52\" data-element_type=\"widget\" data-widget_type=\"image.default\">\n\t\t\t\t<div class=\"elementor-widget-container\">\n\t\t\t\t\t\t\t\t\t\t<figure class=\"wp-caption\">\n\t\t\t\t\t\t\t\t\t\t\t<a href=\"https:\/\/www.spacub.com\/spacubsl\/es\/calzado-de-seguridad\/\">\n\t\t\t\t\t\t\t<img fetchpriority=\"high\" decoding=\"async\" width=\"640\" height=\"480\" src=\"https:\/\/www.spacub.com\/spacubsl\/wp-content\/uploads\/2019\/03\/Calzado-Seguridad-portada.jpg\" class=\"attachment-large size-large wp-image-2744\" alt=\"\" srcset=\"https:\/\/www.spacub.com\/spacubsl\/wp-content\/uploads\/2019\/03\/Calzado-Seguridad-portada.jpg 640w, https:\/\/www.spacub.com\/spacubsl\/wp-content\/uploads\/2019\/03\/Calzado-Seguridad-portada-300x225.jpg 300w, https:\/\/www.spacub.com\/spacubsl\/wp-content\/uploads\/2019\/03\/Calzado-Seguridad-portada-600x450.jpg 600w\" sizes=\"(max-width: 640px) 100vw, 640px\" \/>\t\t\t\t\t\t\t\t<\/a>\n\t\t\t\t\t\t\t\t\t\t\t<figcaption class=\"widget-image-caption wp-caption-text\">CALZADO DE SEGURIDAD<\/figcaption>\n\t\t\t\t\t\t\t\t\t\t<\/figure>\n\t\t\t\t\t\t\t<\/div>\n\t\t\t\t<\/div>\n\t\t\t\t\t<\/div>\n\t\t<\/div>\n\t\t\t\t<div class=\"elementor-column elementor-col-20 elementor-top-column elementor-element elementor-element-5d7d656\" data-id=\"5d7d656\" data-element_type=\"column\">\n\t\t\t<div class=\"elementor-widget-wrap elementor-element-populated\">\n\t\t\t\t\t\t<div class=\"elementor-element elementor-element-53589e6 elementor-widget elementor-widget-image\" data-id=\"53589e6\" data-element_type=\"widget\" data-widget_type=\"image.default\">\n\t\t\t\t<div class=\"elementor-widget-container\">\n\t\t\t\t\t\t\t\t\t\t<figure class=\"wp-caption\">\n\t\t\t\t\t\t\t\t\t\t\t<a href=\"https:\/\/www.spacub.com\/spacubsl\/es\/vestuario-laboral-tecnico-y-de-proteccion\/\">\n\t\t\t\t\t\t\t<img decoding=\"async\" width=\"640\" height=\"480\" src=\"https:\/\/www.spacub.com\/spacubsl\/wp-content\/uploads\/2019\/03\/Vestuario-Portada.jpg\" class=\"attachment-large size-large wp-image-2745\" alt=\"\" srcset=\"https:\/\/www.spacub.com\/spacubsl\/wp-content\/uploads\/2019\/03\/Vestuario-Portada.jpg 640w, https:\/\/www.spacub.com\/spacubsl\/wp-content\/uploads\/2019\/03\/Vestuario-Portada-300x225.jpg 300w, https:\/\/www.spacub.com\/spacubsl\/wp-content\/uploads\/2019\/03\/Vestuario-Portada-600x450.jpg 600w\" sizes=\"(max-width: 640px) 100vw, 640px\" \/>\t\t\t\t\t\t\t\t<\/a>\n\t\t\t\t\t\t\t\t\t\t\t<figcaption class=\"widget-image-caption wp-caption-text\">VESTUARIO LABORAL, T\u00c9CNICO Y DE PROTECCI\u00d3N<\/figcaption>\n\t\t\t\t\t\t\t\t\t\t<\/figure>\n\t\t\t\t\t\t\t<\/div>\n\t\t\t\t<\/div>\n\t\t\t\t\t<\/div>\n\t\t<\/div>\n\t\t\t\t<div class=\"elementor-column elementor-col-20 elementor-top-column elementor-element elementor-element-95e6521\" data-id=\"95e6521\" data-element_type=\"column\">\n\t\t\t<div class=\"elementor-widget-wrap elementor-element-populated\">\n\t\t\t\t\t\t<div class=\"elementor-element elementor-element-e2ab5af elementor-widget elementor-widget-image\" data-id=\"e2ab5af\" data-element_type=\"widget\" data-widget_type=\"image.default\">\n\t\t\t\t<div class=\"elementor-widget-container\">\n\t\t\t\t\t\t\t\t\t\t<figure class=\"wp-caption\">\n\t\t\t\t\t\t\t\t\t\t\t<a href=\"https:\/\/www.spacub.com\/spacubsl\/es\/guantes\/\">\n\t\t\t\t\t\t\t<img decoding=\"async\" width=\"640\" height=\"480\" src=\"https:\/\/www.spacub.com\/spacubsl\/wp-content\/uploads\/2019\/03\/Guantes-portada.jpg\" class=\"attachment-large size-large wp-image-2746\" alt=\"\" srcset=\"https:\/\/www.spacub.com\/spacubsl\/wp-content\/uploads\/2019\/03\/Guantes-portada.jpg 640w, https:\/\/www.spacub.com\/spacubsl\/wp-content\/uploads\/2019\/03\/Guantes-portada-300x225.jpg 300w, https:\/\/www.spacub.com\/spacubsl\/wp-content\/uploads\/2019\/03\/Guantes-portada-600x450.jpg 600w\" sizes=\"(max-width: 640px) 100vw, 640px\" \/>\t\t\t\t\t\t\t\t<\/a>\n\t\t\t\t\t\t\t\t\t\t\t<figcaption class=\"widget-image-caption wp-caption-text\">GUANTES<\/figcaption>\n\t\t\t\t\t\t\t\t\t\t<\/figure>\n\t\t\t\t\t\t\t<\/div>\n\t\t\t\t<\/div>\n\t\t\t\t\t<\/div>\n\t\t<\/div>\n\t\t\t\t<div class=\"elementor-column elementor-col-20 elementor-top-column elementor-element elementor-element-717c62f\" data-id=\"717c62f\" data-element_type=\"column\">\n\t\t\t<div class=\"elementor-widget-wrap\">\n\t\t\t\t\t\t\t<\/div>\n\t\t<\/div>\n\t\t\t\t\t<\/div>\n\t\t<\/section>\n\t\t\t\t<section class=\"elementor-section elementor-top-section elementor-element elementor-element-f9077b0 elementor-section-boxed elementor-section-height-default elementor-section-height-default\" data-id=\"f9077b0\" data-element_type=\"section\">\n\t\t\t\t\t\t<div class=\"elementor-container elementor-column-gap-default\">\n\t\t\t\t\t<div class=\"elementor-column elementor-col-20 elementor-top-column elementor-element elementor-element-31a979d\" data-id=\"31a979d\" data-element_type=\"column\">\n\t\t\t<div class=\"elementor-widget-wrap\">\n\t\t\t\t\t\t\t<\/div>\n\t\t<\/div>\n\t\t\t\t<div class=\"elementor-column elementor-col-20 elementor-top-column elementor-element elementor-element-78fab47\" data-id=\"78fab47\" data-element_type=\"column\">\n\t\t\t<div class=\"elementor-widget-wrap elementor-element-populated\">\n\t\t\t\t\t\t<div class=\"elementor-element elementor-element-2a06bb5 elementor-widget elementor-widget-image\" data-id=\"2a06bb5\" data-element_type=\"widget\" data-widget_type=\"image.default\">\n\t\t\t\t<div class=\"elementor-widget-container\">\n\t\t\t\t\t\t\t\t\t\t<figure class=\"wp-caption\">\n\t\t\t\t\t\t\t\t\t\t\t<a href=\"https:\/\/www.spacub.com\/spacubsl\/es\/\/facial-craneal-auditiva\/\">\n\t\t\t\t\t\t\t<img loading=\"lazy\" decoding=\"async\" width=\"640\" height=\"480\" src=\"https:\/\/www.spacub.com\/spacubsl\/wp-content\/uploads\/2019\/03\/Facial-portada.jpg\" class=\"attachment-large size-large wp-image-2747\" alt=\"\" srcset=\"https:\/\/www.spacub.com\/spacubsl\/wp-content\/uploads\/2019\/03\/Facial-portada.jpg 640w, https:\/\/www.spacub.com\/spacubsl\/wp-content\/uploads\/2019\/03\/Facial-portada-300x225.jpg 300w, https:\/\/www.spacub.com\/spacubsl\/wp-content\/uploads\/2019\/03\/Facial-portada-600x450.jpg 600w\" sizes=\"(max-width: 640px) 100vw, 640px\" \/>\t\t\t\t\t\t\t\t<\/a>\n\t\t\t\t\t\t\t\t\t\t\t<figcaption class=\"widget-image-caption wp-caption-text\">FACIAL, CRANEAL y AUDITIVA<\/figcaption>\n\t\t\t\t\t\t\t\t\t\t<\/figure>\n\t\t\t\t\t\t\t<\/div>\n\t\t\t\t<\/div>\n\t\t\t\t\t<\/div>\n\t\t<\/div>\n\t\t\t\t<div class=\"elementor-column elementor-col-20 elementor-top-column elementor-element elementor-element-c9d0e45\" data-id=\"c9d0e45\" data-element_type=\"column\">\n\t\t\t<div class=\"elementor-widget-wrap elementor-element-populated\">\n\t\t\t\t\t\t<div class=\"elementor-element elementor-element-18cc234 elementor-widget elementor-widget-image\" data-id=\"18cc234\" data-element_type=\"widget\" data-widget_type=\"image.default\">\n\t\t\t\t<div class=\"elementor-widget-container\">\n\t\t\t\t\t\t\t\t\t\t<figure class=\"wp-caption\">\n\t\t\t\t\t\t\t\t\t\t\t<a href=\"https:\/\/www.spacub.com\/spacubsl\/es\/respiratoria\/\">\n\t\t\t\t\t\t\t<img loading=\"lazy\" decoding=\"async\" width=\"640\" height=\"480\" src=\"https:\/\/www.spacub.com\/spacubsl\/wp-content\/uploads\/2019\/03\/Respiratoria-portada.jpg\" class=\"attachment-large size-large wp-image-2748\" alt=\"\" srcset=\"https:\/\/www.spacub.com\/spacubsl\/wp-content\/uploads\/2019\/03\/Respiratoria-portada.jpg 640w, https:\/\/www.spacub.com\/spacubsl\/wp-content\/uploads\/2019\/03\/Respiratoria-portada-300x225.jpg 300w, https:\/\/www.spacub.com\/spacubsl\/wp-content\/uploads\/2019\/03\/Respiratoria-portada-600x450.jpg 600w\" sizes=\"(max-width: 640px) 100vw, 640px\" \/>\t\t\t\t\t\t\t\t<\/a>\n\t\t\t\t\t\t\t\t\t\t\t<figcaption class=\"widget-image-caption wp-caption-text\">RESPIRATORIA<\/figcaption>\n\t\t\t\t\t\t\t\t\t\t<\/figure>\n\t\t\t\t\t\t\t<\/div>\n\t\t\t\t<\/div>\n\t\t\t\t\t<\/div>\n\t\t<\/div>\n\t\t\t\t<div class=\"elementor-column elementor-col-20 elementor-top-column elementor-element elementor-element-8cc12d0\" data-id=\"8cc12d0\" data-element_type=\"column\">\n\t\t\t<div class=\"elementor-widget-wrap elementor-element-populated\">\n\t\t\t\t\t\t<div class=\"elementor-element elementor-element-0d0334f elementor-widget elementor-widget-image\" data-id=\"0d0334f\" data-element_type=\"widget\" data-widget_type=\"image.default\">\n\t\t\t\t<div class=\"elementor-widget-container\">\n\t\t\t\t\t\t\t\t\t\t<figure class=\"wp-caption\">\n\t\t\t\t\t\t\t\t\t\t\t<a href=\"https:\/\/www.spacub.com\/spacubsl\/es\/desechables\/\">\n\t\t\t\t\t\t\t<img loading=\"lazy\" decoding=\"async\" width=\"640\" height=\"480\" src=\"https:\/\/www.spacub.com\/spacubsl\/wp-content\/uploads\/2019\/03\/Desechable-portada.jpg\" class=\"attachment-large size-large wp-image-2749\" alt=\"\" srcset=\"https:\/\/www.spacub.com\/spacubsl\/wp-content\/uploads\/2019\/03\/Desechable-portada.jpg 640w, https:\/\/www.spacub.com\/spacubsl\/wp-content\/uploads\/2019\/03\/Desechable-portada-300x225.jpg 300w, https:\/\/www.spacub.com\/spacubsl\/wp-content\/uploads\/2019\/03\/Desechable-portada-600x450.jpg 600w\" sizes=\"(max-width: 640px) 100vw, 640px\" \/>\t\t\t\t\t\t\t\t<\/a>\n\t\t\t\t\t\t\t\t\t\t\t<figcaption class=\"widget-image-caption wp-caption-text\">DESECHABLES<\/figcaption>\n\t\t\t\t\t\t\t\t\t\t<\/figure>\n\t\t\t\t\t\t\t<\/div>\n\t\t\t\t<\/div>\n\t\t\t\t\t<\/div>\n\t\t<\/div>\n\t\t\t\t<div class=\"elementor-column elementor-col-20 elementor-top-column elementor-element elementor-element-c31b559\" data-id=\"c31b559\" data-element_type=\"column\">\n\t\t\t<div class=\"elementor-widget-wrap\">\n\t\t\t\t\t\t\t<\/div>\n\t\t<\/div>\n\t\t\t\t\t<\/div>\n\t\t<\/section>\n\t\t\t\t<section class=\"elementor-section elementor-top-section elementor-element elementor-element-639e9bf elementor-section-boxed elementor-section-height-default elementor-section-height-default\" data-id=\"639e9bf\" data-element_type=\"section\">\n\t\t\t\t\t\t<div class=\"elementor-container elementor-column-gap-default\">\n\t\t\t\t\t<div class=\"elementor-column elementor-col-20 elementor-top-column elementor-element elementor-element-f456e8f\" data-id=\"f456e8f\" data-element_type=\"column\">\n\t\t\t<div class=\"elementor-widget-wrap\">\n\t\t\t\t\t\t\t<\/div>\n\t\t<\/div>\n\t\t\t\t<div class=\"elementor-column elementor-col-20 elementor-top-column elementor-element elementor-element-c63bc70\" data-id=\"c63bc70\" data-element_type=\"column\">\n\t\t\t<div class=\"elementor-widget-wrap elementor-element-populated\">\n\t\t\t\t\t\t<div class=\"elementor-element elementor-element-9367e39 elementor-widget elementor-widget-image\" data-id=\"9367e39\" data-element_type=\"widget\" data-widget_type=\"image.default\">\n\t\t\t\t<div class=\"elementor-widget-container\">\n\t\t\t\t\t\t\t\t\t\t<figure class=\"wp-caption\">\n\t\t\t\t\t\t\t\t\t\t\t<a href=\"https:\/\/www.spacub.com\/spacubsl\/es\/ergonomia\/\">\n\t\t\t\t\t\t\t<img loading=\"lazy\" decoding=\"async\" width=\"640\" height=\"480\" src=\"https:\/\/www.spacub.com\/spacubsl\/wp-content\/uploads\/2019\/03\/Ergonomia-portada.jpg\" class=\"attachment-large size-large wp-image-2750\" alt=\"\" srcset=\"https:\/\/www.spacub.com\/spacubsl\/wp-content\/uploads\/2019\/03\/Ergonomia-portada.jpg 640w, https:\/\/www.spacub.com\/spacubsl\/wp-content\/uploads\/2019\/03\/Ergonomia-portada-300x225.jpg 300w, https:\/\/www.spacub.com\/spacubsl\/wp-content\/uploads\/2019\/03\/Ergonomia-portada-600x450.jpg 600w\" sizes=\"(max-width: 640px) 100vw, 640px\" \/>\t\t\t\t\t\t\t\t<\/a>\n\t\t\t\t\t\t\t\t\t\t\t<figcaption class=\"widget-image-caption wp-caption-text\">ERGONOMIA<\/figcaption>\n\t\t\t\t\t\t\t\t\t\t<\/figure>\n\t\t\t\t\t\t\t<\/div>\n\t\t\t\t<\/div>\n\t\t\t\t\t<\/div>\n\t\t<\/div>\n\t\t\t\t<div class=\"elementor-column elementor-col-20 elementor-top-column elementor-element elementor-element-343ff09\" data-id=\"343ff09\" data-element_type=\"column\">\n\t\t\t<div class=\"elementor-widget-wrap elementor-element-populated\">\n\t\t\t\t\t\t<div class=\"elementor-element elementor-element-d82300d elementor-widget elementor-widget-image\" data-id=\"d82300d\" data-element_type=\"widget\" data-widget_type=\"image.default\">\n\t\t\t\t<div class=\"elementor-widget-container\">\n\t\t\t\t\t\t\t\t\t\t<figure class=\"wp-caption\">\n\t\t\t\t\t\t\t\t\t\t\t<a href=\"https:\/\/www.spacub.com\/spacubsl\/es\/anticaida\/\">\n\t\t\t\t\t\t\t<img loading=\"lazy\" decoding=\"async\" width=\"640\" height=\"480\" src=\"https:\/\/www.spacub.com\/spacubsl\/wp-content\/uploads\/2019\/03\/Anticaida-portada.jpg\" class=\"attachment-large size-large wp-image-2751\" alt=\"\" srcset=\"https:\/\/www.spacub.com\/spacubsl\/wp-content\/uploads\/2019\/03\/Anticaida-portada.jpg 640w, https:\/\/www.spacub.com\/spacubsl\/wp-content\/uploads\/2019\/03\/Anticaida-portada-300x225.jpg 300w, https:\/\/www.spacub.com\/spacubsl\/wp-content\/uploads\/2019\/03\/Anticaida-portada-600x450.jpg 600w\" sizes=\"(max-width: 640px) 100vw, 640px\" \/>\t\t\t\t\t\t\t\t<\/a>\n\t\t\t\t\t\t\t\t\t\t\t<figcaption class=\"widget-image-caption wp-caption-text\">ANTICAIDA<\/figcaption>\n\t\t\t\t\t\t\t\t\t\t<\/figure>\n\t\t\t\t\t\t\t<\/div>\n\t\t\t\t<\/div>\n\t\t\t\t\t<\/div>\n\t\t<\/div>\n\t\t\t\t<div class=\"elementor-column elementor-col-20 elementor-top-column elementor-element elementor-element-684f1b7\" data-id=\"684f1b7\" data-element_type=\"column\">\n\t\t\t<div class=\"elementor-widget-wrap elementor-element-populated\">\n\t\t\t\t\t\t<div class=\"elementor-element elementor-element-f94bec6 elementor-widget elementor-widget-image\" data-id=\"f94bec6\" data-element_type=\"widget\" data-widget_type=\"image.default\">\n\t\t\t\t<div class=\"elementor-widget-container\">\n\t\t\t\t\t\t\t\t\t\t<figure class=\"wp-caption\">\n\t\t\t\t\t\t\t\t\t\t\t<a href=\"https:\/\/www.spacub.com\/spacubsl\/es\/senaletica\/\">\n\t\t\t\t\t\t\t<img loading=\"lazy\" decoding=\"async\" width=\"640\" height=\"480\" src=\"https:\/\/www.spacub.com\/spacubsl\/wp-content\/uploads\/2019\/03\/Se\u00f1aletica-portada.jpg\" class=\"attachment-large size-large wp-image-2752\" alt=\"\" srcset=\"https:\/\/www.spacub.com\/spacubsl\/wp-content\/uploads\/2019\/03\/Se\u00f1aletica-portada.jpg 640w, https:\/\/www.spacub.com\/spacubsl\/wp-content\/uploads\/2019\/03\/Se\u00f1aletica-portada-300x225.jpg 300w, https:\/\/www.spacub.com\/spacubsl\/wp-content\/uploads\/2019\/03\/Se\u00f1aletica-portada-600x450.jpg 600w\" sizes=\"(max-width: 640px) 100vw, 640px\" \/>\t\t\t\t\t\t\t\t<\/a>\n\t\t\t\t\t\t\t\t\t\t\t<figcaption class=\"widget-image-caption wp-caption-text\">SE\u00d1ALETICA<\/figcaption>\n\t\t\t\t\t\t\t\t\t\t<\/figure>\n\t\t\t\t\t\t\t<\/div>\n\t\t\t\t<\/div>\n\t\t\t\t\t<\/div>\n\t\t<\/div>\n\t\t\t\t<div class=\"elementor-column elementor-col-20 elementor-top-column elementor-element elementor-element-46493e2\" data-id=\"46493e2\" data-element_type=\"column\">\n\t\t\t<div class=\"elementor-widget-wrap\">\n\t\t\t\t\t\t\t<\/div>\n\t\t<\/div>\n\t\t\t\t\t<\/div>\n\t\t<\/section>\n\t\t\t\t<\/div>\n\t\t","protected":false},"excerpt":{"rendered":"<p>CALZADO DE SEGURIDAD VESTUARIO LABORAL, T\u00c9CNICO Y DE PROTECCI\u00d3N GUANTES FACIAL, CRANEAL y AUDITIVA RESPIRATORIA DESECHABLES ERGONOMIA ANTICAIDA SE\u00d1ALETICA<\/p>\n","protected":false},"author":1,"featured_media":0,"parent":0,"menu_order":0,"comment_status":"closed","ping_status":"closed","template":"","meta":{"footnotes":""},"yoast_head":"<!-- This site is optimized with the Yoast SEO plugin v22.7 - https:\/\/yoast.com\/wordpress\/plugins\/seo\/ -->\n<title>Categorias - SPACUB<\/title>\n<meta name=\"robots\" content=\"index, follow, max-snippet:-1, max-image-preview:large, max-video-preview:-1\" \/>\n<link rel=\"canonical\" href=\"https:\/\/www.spacub.com\/spacubsl\/es\/categorias\/\" \/>\n<meta property=\"og:locale\" content=\"en_US\" \/>\n<meta property=\"og:type\" content=\"article\" \/>\n<meta property=\"og:title\" content=\"Categorias - SPACUB\" \/>\n<meta property=\"og:description\" content=\"CALZADO DE SEGURIDAD VESTUARIO LABORAL, T\u00c9CNICO Y DE PROTECCI\u00d3N GUANTES FACIAL, CRANEAL y AUDITIVA RESPIRATORIA DESECHABLES ERGONOMIA ANTICAIDA SE\u00d1ALETICA\" \/>\n<meta property=\"og:url\" content=\"https:\/\/www.spacub.com\/spacubsl\/es\/categorias\/\" \/>\n<meta property=\"og:site_name\" content=\"SPACUB\" \/>\n<meta property=\"article:modified_time\" content=\"2020-10-25T02:29:32+00:00\" \/>\n<meta property=\"og:image\" content=\"https:\/\/www.spacub.com\/spacubsl\/wp-content\/uploads\/2019\/03\/Calzado-Seguridad-portada.jpg\" \/>\n<meta name=\"twitter:card\" content=\"summary_large_image\" \/>\n<script type=\"application\/ld+json\" class=\"yoast-schema-graph\">{\"@context\":\"https:\/\/schema.org\",\"@graph\":[{\"@type\":\"WebPage\",\"@id\":\"https:\/\/www.spacub.com\/spacubsl\/es\/categorias\/\",\"url\":\"https:\/\/www.spacub.com\/spacubsl\/es\/categorias\/\",\"name\":\"Categorias - SPACUB\",\"isPartOf\":{\"@id\":\"https:\/\/www.spacub.com\/spacubsl\/#website\"},\"primaryImageOfPage\":{\"@id\":\"https:\/\/www.spacub.com\/spacubsl\/es\/categorias\/#primaryimage\"},\"image\":{\"@id\":\"https:\/\/www.spacub.com\/spacubsl\/es\/categorias\/#primaryimage\"},\"thumbnailUrl\":\"https:\/\/www.spacub.com\/spacubsl\/wp-content\/uploads\/2019\/03\/Calzado-Seguridad-portada.jpg\",\"datePublished\":\"2019-04-05T21:17:07+00:00\",\"dateModified\":\"2020-10-25T02:29:32+00:00\",\"breadcrumb\":{\"@id\":\"https:\/\/www.spacub.com\/spacubsl\/es\/categorias\/#breadcrumb\"},\"inLanguage\":\"en-US\",\"potentialAction\":[{\"@type\":\"ReadAction\",\"target\":[\"https:\/\/www.spacub.com\/spacubsl\/es\/categorias\/\"]}]},{\"@type\":\"ImageObject\",\"inLanguage\":\"en-US\",\"@id\":\"https:\/\/www.spacub.com\/spacubsl\/es\/categorias\/#primaryimage\",\"url\":\"https:\/\/www.spacub.com\/spacubsl\/wp-content\/uploads\/2019\/03\/Calzado-Seguridad-portada.jpg\",\"contentUrl\":\"https:\/\/www.spacub.com\/spacubsl\/wp-content\/uploads\/2019\/03\/Calzado-Seguridad-portada.jpg\",\"width\":640,\"height\":480,\"caption\":\"CALZADO\"},{\"@type\":\"BreadcrumbList\",\"@id\":\"https:\/\/www.spacub.com\/spacubsl\/es\/categorias\/#breadcrumb\",\"itemListElement\":[{\"@type\":\"ListItem\",\"position\":1,\"name\":\"Home\",\"item\":\"https:\/\/www.spacub.com\/spacubsl\/es\/\"},{\"@type\":\"ListItem\",\"position\":2,\"name\":\"Categorias\"}]},{\"@type\":\"WebSite\",\"@id\":\"https:\/\/www.spacub.com\/spacubsl\/#website\",\"url\":\"https:\/\/www.spacub.com\/spacubsl\/\",\"name\":\"SPACUB\",\"description\":\"... por tu seguridad\",\"potentialAction\":[{\"@type\":\"SearchAction\",\"target\":{\"@type\":\"EntryPoint\",\"urlTemplate\":\"https:\/\/www.spacub.com\/spacubsl\/?s={search_term_string}\"},\"query-input\":\"required name=search_term_string\"}],\"inLanguage\":\"en-US\"}]}<\/script>\n<!-- \/ Yoast SEO plugin. -->","yoast_head_json":{"title":"Categorias - SPACUB","robots":{"index":"index","follow":"follow","max-snippet":"max-snippet:-1","max-image-preview":"max-image-preview:large","max-video-preview":"max-video-preview:-1"},"canonical":"https:\/\/www.spacub.com\/spacubsl\/es\/categorias\/","og_locale":"en_US","og_type":"article","og_title":"Categorias - SPACUB","og_description":"CALZADO DE SEGURIDAD VESTUARIO LABORAL, T\u00c9CNICO Y DE PROTECCI\u00d3N GUANTES FACIAL, CRANEAL y AUDITIVA RESPIRATORIA DESECHABLES ERGONOMIA ANTICAIDA SE\u00d1ALETICA","og_url":"https:\/\/www.spacub.com\/spacubsl\/es\/categorias\/","og_site_name":"SPACUB","article_modified_time":"2020-10-25T02:29:32+00:00","og_image":[{"url":"https:\/\/www.spacub.com\/spacubsl\/wp-content\/uploads\/2019\/03\/Calzado-Seguridad-portada.jpg"}],"twitter_card":"summary_large_image","schema":{"@context":"https:\/\/schema.org","@graph":[{"@type":"WebPage","@id":"https:\/\/www.spacub.com\/spacubsl\/es\/categorias\/","url":"https:\/\/www.spacub.com\/spacubsl\/es\/categorias\/","name":"Categorias - SPACUB","isPartOf":{"@id":"https:\/\/www.spacub.com\/spacubsl\/#website"},"primaryImageOfPage":{"@id":"https:\/\/www.spacub.com\/spacubsl\/es\/categorias\/#primaryimage"},"image":{"@id":"https:\/\/www.spacub.com\/spacubsl\/es\/categorias\/#primaryimage"},"thumbnailUrl":"https:\/\/www.spacub.com\/spacubsl\/wp-content\/uploads\/2019\/03\/Calzado-Seguridad-portada.jpg","datePublished":"2019-04-05T21:17:07+00:00","dateModified":"2020-10-25T02:29:32+00:00","breadcrumb":{"@id":"https:\/\/www.spacub.com\/spacubsl\/es\/categorias\/#breadcrumb"},"inLanguage":"en-US","potentialAction":[{"@type":"ReadAction","target":["https:\/\/www.spacub.com\/spacubsl\/es\/categorias\/"]}]},{"@type":"ImageObject","inLanguage":"en-US","@id":"https:\/\/www.spacub.com\/spacubsl\/es\/categorias\/#primaryimage","url":"https:\/\/www.spacub.com\/spacubsl\/wp-content\/uploads\/2019\/03\/Calzado-Seguridad-portada.jpg","contentUrl":"https:\/\/www.spacub.com\/spacubsl\/wp-content\/uploads\/2019\/03\/Calzado-Seguridad-portada.jpg","width":640,"height":480,"caption":"CALZADO"},{"@type":"BreadcrumbList","@id":"https:\/\/www.spacub.com\/spacubsl\/es\/categorias\/#breadcrumb","itemListElement":[{"@type":"ListItem","position":1,"name":"Home","item":"https:\/\/www.spacub.com\/spacubsl\/es\/"},{"@type":"ListItem","position":2,"name":"Categorias"}]},{"@type":"WebSite","@id":"https:\/\/www.spacub.com\/spacubsl\/#website","url":"https:\/\/www.spacub.com\/spacubsl\/","name":"SPACUB","description":"... por tu seguridad","potentialAction":[{"@type":"SearchAction","target":{"@type":"EntryPoint","urlTemplate":"https:\/\/www.spacub.com\/spacubsl\/?s={search_term_string}"},"query-input":"required name=search_term_string"}],"inLanguage":"en-US"}]}},"_links":{"self":[{"href":"https:\/\/www.spacub.com\/spacubsl\/wp-json\/wp\/v2\/pages\/2722"}],"collection":[{"href":"https:\/\/www.spacub.com\/spacubsl\/wp-json\/wp\/v2\/pages"}],"about":[{"href":"https:\/\/www.spacub.com\/spacubsl\/wp-json\/wp\/v2\/types\/page"}],"author":[{"embeddable":true,"href":"https:\/\/www.spacub.com\/spacubsl\/wp-json\/wp\/v2\/users\/1"}],"replies":[{"embeddable":true,"href":"https:\/\/www.spacub.com\/spacubsl\/wp-json\/wp\/v2\/comments?post=2722"}],"version-history":[{"count":0,"href":"https:\/\/www.spacub.com\/spacubsl\/wp-json\/wp\/v2\/pages\/2722\/revisions"}],"wp:attachment":[{"href":"https:\/\/www.spacub.com\/spacubsl\/wp-json\/wp\/v2\/media?parent=2722"}],"curies":[{"name":"wp","href":"https:\/\/api.w.org\/{rel}","templated":true}]}}